{"id":14369,"date":"2023-08-20T01:12:43","date_gmt":"2023-08-20T06:12:43","guid":{"rendered":"https:\/\/www.vanttive.com\/producto\/effaclar-crema-facial-k-40ml\/"},"modified":"2023-08-20T01:12:43","modified_gmt":"2023-08-20T06:12:43","slug":"effaclar-crema-facial-k-40ml","status":"publish","type":"product","link":"http:\/\/vanttive.com\/?product=effaclar-crema-facial-k-40ml","title":{"rendered":"Effaclar crema facial k+ 40ml"},"content":{"rendered":"<p>EFFACLAR K (+) es el primer tratamiento renovador para piel grasa que evita la oxidaci\u00f3n de los puntos negros recurrentes con propiedades antioxidantes y antisebo de 8 horas de duraci\u00f3n. La piel queda m\u00e1s suave desde la primera aplicaci\u00f3n. Ideal para puntos negros recurrentes y piel con textura irregular.<\/p>\n<p>Tipo de piel: Piel grasa o con tendencia a las imperfecciones, puntos negros, textura irregular de la piel o brillo.<\/p>\n<p>Beneficios: Desde la primera aplicaci\u00f3n, purifica la piel con una frescura que dura todo el d\u00eda. Despu\u00e9s de solo 1 mes de uso, la piel se transforma: se suaviza su textura, se liberan los poros y se controla el brillo.<br \/>\n-Efecto antirreaparici\u00f3n comprobado en imperfecciones y puntos negros.<br \/>\n-Hidrata y reconforta para el resto del d\u00eda.<br \/>\n-La piel se matifica, se desvanecen las imperfecciones.<br \/>\n-La piel se ve fresca durante todo el d\u00eda.<\/p>\n<p>Modo de uso: Aplicar en todo el rostro por la ma\u00f1ana y\/o la noche despu\u00e9s de limpiar la piel con EFFACLAR gel espumoso. Evitar el contorno de ojos. Excelente base para el maquillaje.<\/p>\n<p>Ingredientes:<br \/>\nAQUA \/ WATER \u2022 PROPYLENE GLYCOL \u2022 OCTYLDODECANOL \u2022 DIMETHICONE \u2022 PEG-100 STEARATE \u2022 GLYCERYL STEARATE \u2022 SALICYLIC ACID \u2022 AMMONIUM POLYACRYLDIMETHYLTAURAMIDE \/ AMMONIUM POLYACRYLOYLDIMETHYL TAURATE \u2022 ZINC PCA \u2022 SARCOSINE \u2022 SODIUM HYDROXIDE \u2022 SILICA \u2022 SILICA SILYLATE \u2022 PERLITE \u2022 CARNOSINE \u2022 DISODIUM EDTA \u2022 CAPRYLOYL SALICYLIC ACID \u2022 XANTHAN GUM \u2022 PENTYLENE GLYCOL \u2022 ACRYLATES COPOLYMER \u2022 CETYL ALCOHOL \u2022 BUTYLENE GLYCOL \u2022 TOCOPHEROL \u2022 PARFUM \/ FRAGRANCE.<\/p>\n","protected":false},"excerpt":{"rendered":"<p>Effaclar k (+) es el primer tratamiento renovador para piel grasa que evita la oxidaci\u00f3n de los puntos negros recurrentes con propiedades antioxidantes y antisebo de 8 horas de duraci\u00f3n.<\/p>\n","protected":false},"featured_media":9739,"template":"","meta":{"site-sidebar-layout":"default","site-content-layout":"","ast-site-content-layout":"default","site-content-style":"default","site-sidebar-style":"default","ast-global-header-display":"","ast-banner-title-visibility":"","ast-main-header-display":"","ast-hfb-above-header-display":"","ast-hfb-below-header-display":"","ast-hfb-mobile-header-display":"","site-post-title":"","ast-breadcrumbs-content":"","ast-featured-img":"","footer-sml-layout":"","ast-disable-related-posts":"","theme-transparent-header-meta":"","adv-header-id-meta":"","stick-header-meta":"","header-above-stick-meta":"","header-main-stick-meta":"","header-below-stick-meta":"","astra-migrate-meta-layouts":"default","ast-page-background-enabled":"default","ast-page-background-meta":{"desktop":{"background-color":"var(--ast-global-color-5)","background-image":"","background-repeat":"repeat","background-position":"center center","background-size":"auto","background-attachment":"scroll","background-type":"","background-media":"","overlay-type":"","overlay-color":"","overlay-opacity":"","overlay-gradient":""},"tablet":{"background-color":"","background-image":"","background-repeat":"repeat","background-position":"center center","background-size":"auto","background-attachment":"scroll","background-type":"","background-media":"","overlay-type":"","overlay-color":"","overlay-opacity":"","overlay-gradient":""},"mobile":{"background-color":"","background-image":"","background-repeat":"repeat","background-position":"center center","background-size":"auto","background-attachment":"scroll","background-type":"","background-media":"","overlay-type":"","overlay-color":"","overlay-opacity":"","overlay-gradient":""}},"ast-content-background-meta":{"desktop":{"background-color":"var(--ast-global-color-4)","background-image":"","background-repeat":"repeat","background-position":"center center","background-size":"auto","background-attachment":"scroll","background-type":"","background-media":"","overlay-type":"","overlay-color":"","overlay-opacity":"","overlay-gradient":""},"tablet":{"background-color":"var(--ast-global-color-4)","background-image":"","background-repeat":"repeat","background-position":"center center","background-size":"auto","background-attachment":"scroll","background-type":"","background-media":"","overlay-type":"","overlay-color":"","overlay-opacity":"","overlay-gradient":""},"mobile":{"background-color":"var(--ast-global-color-4)","background-image":"","background-repeat":"repeat","background-position":"center center","background-size":"auto","background-attachment":"scroll","background-type":"","background-media":"","overlay-type":"","overlay-color":"","overlay-opacity":"","overlay-gradient":""}}},"product_brand":[],"product_cat":[214,215],"product_tag":[224,225,222,223],"class_list":{"0":"post-14369","1":"product","2":"type-product","3":"status-publish","4":"has-post-thumbnail","6":"product_cat-dermo","7":"product_cat-la-roche-posay","8":"product_tag-anti-imperfecciones","9":"product_tag-anti-manchas","10":"product_tag-piel-grasa","11":"product_tag-piel-mixta","12":"desktop-align-left","13":"tablet-align-left","14":"mobile-align-left","15":"ast-product-gallery-layout-horizontal-slider","16":"ast-product-gallery-with-no-image","17":"ast-product-tabs-layout-horizontal","19":"first","20":"instock","21":"sale","22":"shipping-taxable","23":"purchasable","24":"product-type-simple"},"_links":{"self":[{"href":"http:\/\/vanttive.com\/index.php?rest_route=\/wp\/v2\/product\/14369","targetHints":{"allow":["GET"]}}],"collection":[{"href":"http:\/\/vanttive.com\/index.php?rest_route=\/wp\/v2\/product"}],"about":[{"href":"http:\/\/vanttive.com\/index.php?rest_route=\/wp\/v2\/types\/product"}],"wp:featuredmedia":[{"embeddable":true,"href":"http:\/\/vanttive.com\/index.php?rest_route=\/wp\/v2\/media\/9739"}],"wp:attachment":[{"href":"http:\/\/vanttive.com\/index.php?rest_route=%2Fwp%2Fv2%2Fmedia&parent=14369"}],"wp:term":[{"taxonomy":"product_brand","embeddable":true,"href":"http:\/\/vanttive.com\/index.php?rest_route=%2Fwp%2Fv2%2Fproduct_brand&post=14369"},{"taxonomy":"product_cat","embeddable":true,"href":"http:\/\/vanttive.com\/index.php?rest_route=%2Fwp%2Fv2%2Fproduct_cat&post=14369"},{"taxonomy":"product_tag","embeddable":true,"href":"http:\/\/vanttive.com\/index.php?rest_route=%2Fwp%2Fv2%2Fproduct_tag&post=14369"}],"curies":[{"name":"wp","href":"https:\/\/api.w.org\/{rel}","templated":true}]}}