{"id":14370,"date":"2023-08-20T01:12:43","date_gmt":"2023-08-20T06:12:43","guid":{"rendered":"https:\/\/www.vanttive.com\/producto\/effaclarpack-barra-purificante-70g-2x1\/"},"modified":"2023-08-20T01:12:43","modified_gmt":"2023-08-20T06:12:43","slug":"effaclarpack-barra-purificante-70g-2x1","status":"publish","type":"product","link":"http:\/\/vanttive.com\/?product=effaclarpack-barra-purificante-70g-2x1","title":{"rendered":"Effaclarpack barra purificante 70g 2&#215;1"},"content":{"rendered":"<p>PROMO EffaclarPack Barra Purificante 70g 2&#215;1<br \/>\nJab\u00f3n facial en barra que desobstruye los poros con una precisa y dirigida exfoliaci\u00f3n, ayuda a reducir el exceso de brillo e impurezas en la piel al combatir la sobreproducci\u00f3n de sebo.<\/p>\n<p>Tipo de piel: Pieles grasas con tendencia al acn\u00e9 e imperfecciones.<\/p>\n<p>Beneficios: Jab\u00f3n en barra para pieles grasas con imperfecciones. Es una f\u00f3rmula completa que deja la piel confortable, reduce la obstrucci\u00f3n de poros y combate el exceso de sebo. Desarrollado para pieles grasas con imperfecciones moderadas a severas.<\/p>\n<p>Modo de uso:Aplicar en el rostro.<\/p>\n<p>Ingredientes:<br \/>\nGlycerin, Agua, Sodium Palmate, Sodium Stearate, Capryloyl Salicylic Acid, Sodium Chloride, Zinc PCA.<\/p>\n","protected":false},"excerpt":{"rendered":"<p>PROMO EffaclarPack Barra Purificante 70g 2&#215;1<br \/>\nJab\u00f3n facial en barra que desobstruye los poros con una precisa y dirigida exfoliaci\u00f3n, ayuda a reducir el exceso de brillo e impurezas en la piel al combatir la sobreproducci\u00f3n de sebo.<\/p>\n","protected":false},"featured_media":10497,"template":"","meta":{"site-sidebar-layout":"default","site-content-layout":"","ast-site-content-layout":"default","site-content-style":"default","site-sidebar-style":"default","ast-global-header-display":"","ast-banner-title-visibility":"","ast-main-header-display":"","ast-hfb-above-header-display":"","ast-hfb-below-header-display":"","ast-hfb-mobile-header-display":"","site-post-title":"","ast-breadcrumbs-content":"","ast-featured-img":"","footer-sml-layout":"","ast-disable-related-posts":"","theme-transparent-header-meta":"","adv-header-id-meta":"","stick-header-meta":"","header-above-stick-meta":"","header-main-stick-meta":"","header-below-stick-meta":"","astra-migrate-meta-layouts":"default","ast-page-background-enabled":"default","ast-page-background-meta":{"desktop":{"background-color":"var(--ast-global-color-5)","background-image":"","background-repeat":"repeat","background-position":"center center","background-size":"auto","background-attachment":"scroll","background-type":"","background-media":"","overlay-type":"","overlay-color":"","overlay-opacity":"","overlay-gradient":""},"tablet":{"background-color":"","background-image":"","background-repeat":"repeat","background-position":"center center","background-size":"auto","background-attachment":"scroll","background-type":"","background-media":"","overlay-type":"","overlay-color":"","overlay-opacity":"","overlay-gradient":""},"mobile":{"background-color":"","background-image":"","background-repeat":"repeat","background-position":"center center","background-size":"auto","background-attachment":"scroll","background-type":"","background-media":"","overlay-type":"","overlay-color":"","overlay-opacity":"","overlay-gradient":""}},"ast-content-background-meta":{"desktop":{"background-color":"var(--ast-global-color-4)","background-image":"","background-repeat":"repeat","background-position":"center center","background-size":"auto","background-attachment":"scroll","background-type":"","background-media":"","overlay-type":"","overlay-color":"","overlay-opacity":"","overlay-gradient":""},"tablet":{"background-color":"var(--ast-global-color-4)","background-image":"","background-repeat":"repeat","background-position":"center center","background-size":"auto","background-attachment":"scroll","background-type":"","background-media":"","overlay-type":"","overlay-color":"","overlay-opacity":"","overlay-gradient":""},"mobile":{"background-color":"var(--ast-global-color-4)","background-image":"","background-repeat":"repeat","background-position":"center center","background-size":"auto","background-attachment":"scroll","background-type":"","background-media":"","overlay-type":"","overlay-color":"","overlay-opacity":"","overlay-gradient":""}}},"product_brand":[],"product_cat":[214,215],"product_tag":[226,221,227,222,223,45],"class_list":{"0":"post-14370","1":"product","2":"type-product","3":"status-publish","4":"has-post-thumbnail","6":"product_cat-dermo","7":"product_cat-la-roche-posay","8":"product_tag-limpiadores-corporales","9":"product_tag-limpiadores-faciales","10":"product_tag-nuevo","11":"product_tag-piel-grasa","12":"product_tag-piel-mixta","13":"product_tag-promo","14":"desktop-align-left","15":"tablet-align-left","16":"mobile-align-left","17":"ast-product-gallery-layout-horizontal-slider","18":"ast-product-gallery-with-no-image","19":"ast-product-tabs-layout-horizontal","21":"first","22":"instock","23":"sale","24":"shipping-taxable","25":"purchasable","26":"product-type-simple"},"_links":{"self":[{"href":"http:\/\/vanttive.com\/index.php?rest_route=\/wp\/v2\/product\/14370","targetHints":{"allow":["GET"]}}],"collection":[{"href":"http:\/\/vanttive.com\/index.php?rest_route=\/wp\/v2\/product"}],"about":[{"href":"http:\/\/vanttive.com\/index.php?rest_route=\/wp\/v2\/types\/product"}],"wp:featuredmedia":[{"embeddable":true,"href":"http:\/\/vanttive.com\/index.php?rest_route=\/wp\/v2\/media\/10497"}],"wp:attachment":[{"href":"http:\/\/vanttive.com\/index.php?rest_route=%2Fwp%2Fv2%2Fmedia&parent=14370"}],"wp:term":[{"taxonomy":"product_brand","embeddable":true,"href":"http:\/\/vanttive.com\/index.php?rest_route=%2Fwp%2Fv2%2Fproduct_brand&post=14370"},{"taxonomy":"product_cat","embeddable":true,"href":"http:\/\/vanttive.com\/index.php?rest_route=%2Fwp%2Fv2%2Fproduct_cat&post=14370"},{"taxonomy":"product_tag","embeddable":true,"href":"http:\/\/vanttive.com\/index.php?rest_route=%2Fwp%2Fv2%2Fproduct_tag&post=14370"}],"curies":[{"name":"wp","href":"https:\/\/api.w.org\/{rel}","templated":true}]}}