{"id":14372,"date":"2023-08-20T01:12:44","date_gmt":"2023-08-20T06:12:44","guid":{"rendered":"https:\/\/www.vanttive.com\/producto\/gel-limpiador-espuma-473ml\/"},"modified":"2023-08-20T01:12:44","modified_gmt":"2023-08-20T06:12:44","slug":"gel-limpiador-espuma-473ml","status":"publish","type":"product","link":"http:\/\/vanttive.com\/?product=gel-limpiador-espuma-473ml","title":{"rendered":"Gel limpiador espuma 473ml"},"content":{"rendered":"<p>Gel Limpiador espumoso de CeraVe crea espuma suave para limpiar profundamente el rostro y el cuerpo, sin alterar la barrera natural de la piel.<\/p>\n<p>Tipo de piel: Normal a grasa.<\/p>\n<p>Beneficios: Elimina el exceso de grasa, la suciedad y el maquillaje. Para el cuidado de la piel con tendencia acneica, limpieza facial.<br \/>\nDesarrollado por dermat\u00f3logos, el Gel Limpiador espumoso de CeraVe crea espuma suave para limpiar profundamente el rostro y el cuerpo, sin alterar la barrera natural de la piel. Este gel refrescante, con 3 ceramidas esenciales y \u00e1cido hialur\u00f3nico, elimina de forma eficiente el exceso de grasa, la suciedad y el maquillaje. Su f\u00f3rmula sin perfume es adecuada para pieles sensibles.<br \/>\nContiene tres ceramidas esenciales que act\u00faan conjuntamente para asegurar la hidrataci\u00f3n y ayudar a restaurar la barrera protectora de la piel.<\/p>\n<p>Modo de uso: Aplicar en rostro y el cuerpo, sin alterar la barrera natural de la piel.<\/p>\n<p>Ingredientes:<br \/>\nAQUA\/WATER, GLYCERIN, COCO-BETAINE, PROPYLENE GLYCOL, SODIUM COCOYL GLYCINATE, PEG-120 METHYL GLUCOSE DIOLEATE, SODIUM CHLORIDE, ACRYLATES COPOLYMER, CITRIC ACID, CAPRYLOYL GLYCINE, CAPRYLYL GLYCOL, SODIUM HYDROXIDE, NIACINAMIDE, DISODIUM EDTA, SODIUM HYALURONATE, SODIUM LAUROYL LACTYLATE, CERAMIDE NP, PHENOXYETHANOL, CERAMIDE AP, PHYTOSPHINGOSINE, CHOLESTEROL, XANTHAN GUM, CARBOMER, ETHYLHEXYLGLYCERIN, CERAMIDE EOP.<\/p>\n","protected":false},"excerpt":{"rendered":"<p>Gel limpiador espumoso de cerave crea espuma suave para limpiar profundamente el rostro y el cuerpo, sin alterar la barrera natural de la piel.<\/p>\n","protected":false},"featured_media":9777,"template":"","meta":{"site-sidebar-layout":"default","site-content-layout":"","ast-site-content-layout":"default","site-content-style":"default","site-sidebar-style":"default","ast-global-header-display":"","ast-banner-title-visibility":"","ast-main-header-display":"","ast-hfb-above-header-display":"","ast-hfb-below-header-display":"","ast-hfb-mobile-header-display":"","site-post-title":"","ast-breadcrumbs-content":"","ast-featured-img":"","footer-sml-layout":"","ast-disable-related-posts":"","theme-transparent-header-meta":"","adv-header-id-meta":"","stick-header-meta":"","header-above-stick-meta":"","header-main-stick-meta":"","header-below-stick-meta":"","astra-migrate-meta-layouts":"default","ast-page-background-enabled":"default","ast-page-background-meta":{"desktop":{"background-color":"var(--ast-global-color-5)","background-image":"","background-repeat":"repeat","background-position":"center center","background-size":"auto","background-attachment":"scroll","background-type":"","background-media":"","overlay-type":"","overlay-color":"","overlay-opacity":"","overlay-gradient":""},"tablet":{"background-color":"","background-image":"","background-repeat":"repeat","background-position":"center center","background-size":"auto","background-attachment":"scroll","background-type":"","background-media":"","overlay-type":"","overlay-color":"","overlay-opacity":"","overlay-gradient":""},"mobile":{"background-color":"","background-image":"","background-repeat":"repeat","background-position":"center center","background-size":"auto","background-attachment":"scroll","background-type":"","background-media":"","overlay-type":"","overlay-color":"","overlay-opacity":"","overlay-gradient":""}},"ast-content-background-meta":{"desktop":{"background-color":"var(--ast-global-color-4)","background-image":"","background-repeat":"repeat","background-position":"center center","background-size":"auto","background-attachment":"scroll","background-type":"","background-media":"","overlay-type":"","overlay-color":"","overlay-opacity":"","overlay-gradient":""},"tablet":{"background-color":"var(--ast-global-color-4)","background-image":"","background-repeat":"repeat","background-position":"center center","background-size":"auto","background-attachment":"scroll","background-type":"","background-media":"","overlay-type":"","overlay-color":"","overlay-opacity":"","overlay-gradient":""},"mobile":{"background-color":"var(--ast-global-color-4)","background-image":"","background-repeat":"repeat","background-position":"center center","background-size":"auto","background-attachment":"scroll","background-type":"","background-media":"","overlay-type":"","overlay-color":"","overlay-opacity":"","overlay-gradient":""}}},"product_brand":[],"product_cat":[220,214],"product_tag":[221,222,223,228],"class_list":{"0":"post-14372","1":"product","2":"type-product","3":"status-publish","4":"has-post-thumbnail","6":"product_cat-cerave","7":"product_cat-dermo","8":"product_tag-limpiadores-faciales","9":"product_tag-piel-grasa","10":"product_tag-piel-mixta","11":"product_tag-piel-normal","12":"desktop-align-left","13":"tablet-align-left","14":"mobile-align-left","15":"ast-product-gallery-layout-horizontal-slider","16":"ast-product-gallery-with-no-image","17":"ast-product-tabs-layout-horizontal","19":"first","20":"instock","21":"sale","22":"shipping-taxable","23":"purchasable","24":"product-type-simple"},"_links":{"self":[{"href":"http:\/\/vanttive.com\/index.php?rest_route=\/wp\/v2\/product\/14372","targetHints":{"allow":["GET"]}}],"collection":[{"href":"http:\/\/vanttive.com\/index.php?rest_route=\/wp\/v2\/product"}],"about":[{"href":"http:\/\/vanttive.com\/index.php?rest_route=\/wp\/v2\/types\/product"}],"wp:featuredmedia":[{"embeddable":true,"href":"http:\/\/vanttive.com\/index.php?rest_route=\/wp\/v2\/media\/9777"}],"wp:attachment":[{"href":"http:\/\/vanttive.com\/index.php?rest_route=%2Fwp%2Fv2%2Fmedia&parent=14372"}],"wp:term":[{"taxonomy":"product_brand","embeddable":true,"href":"http:\/\/vanttive.com\/index.php?rest_route=%2Fwp%2Fv2%2Fproduct_brand&post=14372"},{"taxonomy":"product_cat","embeddable":true,"href":"http:\/\/vanttive.com\/index.php?rest_route=%2Fwp%2Fv2%2Fproduct_cat&post=14372"},{"taxonomy":"product_tag","embeddable":true,"href":"http:\/\/vanttive.com\/index.php?rest_route=%2Fwp%2Fv2%2Fproduct_tag&post=14372"}],"curies":[{"name":"wp","href":"https:\/\/api.w.org\/{rel}","templated":true}]}}