{"id":14373,"date":"2023-08-20T01:12:45","date_gmt":"2023-08-20T06:12:45","guid":{"rendered":"https:\/\/www.vanttive.com\/producto\/anthelios-oil-correct-50-ml\/"},"modified":"2023-08-20T01:12:45","modified_gmt":"2023-08-20T06:12:45","slug":"anthelios-oil-correct-50-ml","status":"publish","type":"product","link":"http:\/\/vanttive.com\/?product=anthelios-oil-correct-50-ml","title":{"rendered":"Anthelios oil correct 50 ml"},"content":{"rendered":"<p>Protector Solar La Roche Posay Facial Anthelios Oil Correct SPF50+ en Gel-crema que reduce los poros y corrige imperfecciones con efecto matificante.<br \/>\nLa nueva generaci\u00f3n de protecci\u00f3n solar que protege del fotoenvejecimiento provocado por la exposici\u00f3n solar diaria, ayuda a corregir reduciendo la aparaci\u00f3n de imperfecciones. Con Protecci\u00f3n de Amplio Espectro contra los rayos UV, la contaminaci\u00f3n y la oxidaci\u00f3n + Activos Dermatol\u00f3gicos Correctivos, con \u00c1cido Salic\u00edlico, Niacinamida y Zinc.<\/p>\n<p>Tipo de piel: Piel grasa, normal o mixta.<\/p>\n<p>Beneficios:  Permite que la piel respire. Protector solar, ayuda a proteger contra los signos del envejecimiento inducidos por la exposici\u00f3n solar diaria y ayuda a corregir las imperfecciones. Reduce los poros y corrige imperfecciones, 12horas de efecto matificante, Anti-poluci\u00f3n y anti-oxidante.<\/p>\n<p>Modo de uso: Aplicar uniformemente en todo el rostro todas las ma\u00f1anas como \u00faltimo paso de tu rutina de cuidado de la piel y antes del maquillaje.<\/p>\n<p>Ingredientes:<br \/>\nAQUA \/ WATER \/ EAU ? SILICA ? ISOPROPYL PALMITATE ? BIS-ETHYLHEXYLOXYPHENOL METHOXYPHENYL TRIAZINE ? ETHYLHEXYL SALICYLATE ? ETHYLHEXYL TRIAZONE ? BUTYL METHOXYDIBENZOYLMETHANE ? DICAPRYLYL ETHER ? NIACINAMIDE ? DROMETRIZOLE TRISILOXANE ? PHENYLBENZIMIDAZOLE SULFONIC ACID ? DIISOPROPYL ADIPATE ? TRIETHANOLAMINE ? GLYCERIN ? ZEA MAYS STARCH \/ CORN STARCH ? DIISOPROPYL SEBACATE ? DIETHYLAMINO HYDROXYBENZOYL HEXYL BENZOATE ? PENTYLENE GLYCOL ? TOCOPHEROL ? SODIUM STEAROYL GLUTAMATE ? PERLITE ? ACRYLATES\/C10-30 ALKYL ACRYLATE CROSSPOLYMER ? CAPRYLYL GLYCOL ? CI 15510 \/ ORANGE 4 ? CI 16035 \/ RED 40 ? INULIN LAURYL CARBAMATE ? ISOPROPYL LAUROYL SARCOSINATE ? P-ANISIC ACID ? SALICYLIC ACID ? SILICA SILYLATE ? SODIUM POLYACRYLATE ?<br \/>\nTEREPHTHALYLIDENE DICAMPHOR SULFONIC ACID ? TITANIUM DIOXIDE ? TRISODIUM ETHYLENEDIAMINE DISUCCINATE ? TROMETHAMINE ? XANTHAN GUM ? ZINC PCA ? PARFUM \/ FRAGRANCE.<\/p>\n","protected":false},"excerpt":{"rendered":"<p>Protector solar la roche posay facial anthelios oil correct spf50+ en gel-crema que reduce los poros y corrige imperfecciones con efecto matificante.<\/p>\n","protected":false},"featured_media":9780,"template":"","meta":{"site-sidebar-layout":"default","site-content-layout":"","ast-site-content-layout":"default","site-content-style":"default","site-sidebar-style":"default","ast-global-header-display":"","ast-banner-title-visibility":"","ast-main-header-display":"","ast-hfb-above-header-display":"","ast-hfb-below-header-display":"","ast-hfb-mobile-header-display":"","site-post-title":"","ast-breadcrumbs-content":"","ast-featured-img":"","footer-sml-layout":"","ast-disable-related-posts":"","theme-transparent-header-meta":"","adv-header-id-meta":"","stick-header-meta":"","header-above-stick-meta":"","header-main-stick-meta":"","header-below-stick-meta":"","astra-migrate-meta-layouts":"default","ast-page-background-enabled":"default","ast-page-background-meta":{"desktop":{"background-color":"var(--ast-global-color-5)","background-image":"","background-repeat":"repeat","background-position":"center center","background-size":"auto","background-attachment":"scroll","background-type":"","background-media":"","overlay-type":"","overlay-color":"","overlay-opacity":"","overlay-gradient":""},"tablet":{"background-color":"","background-image":"","background-repeat":"repeat","background-position":"center center","background-size":"auto","background-attachment":"scroll","background-type":"","background-media":"","overlay-type":"","overlay-color":"","overlay-opacity":"","overlay-gradient":""},"mobile":{"background-color":"","background-image":"","background-repeat":"repeat","background-position":"center center","background-size":"auto","background-attachment":"scroll","background-type":"","background-media":"","overlay-type":"","overlay-color":"","overlay-opacity":"","overlay-gradient":""}},"ast-content-background-meta":{"desktop":{"background-color":"var(--ast-global-color-4)","background-image":"","background-repeat":"repeat","background-position":"center center","background-size":"auto","background-attachment":"scroll","background-type":"","background-media":"","overlay-type":"","overlay-color":"","overlay-opacity":"","overlay-gradient":""},"tablet":{"background-color":"var(--ast-global-color-4)","background-image":"","background-repeat":"repeat","background-position":"center center","background-size":"auto","background-attachment":"scroll","background-type":"","background-media":"","overlay-type":"","overlay-color":"","overlay-opacity":"","overlay-gradient":""},"mobile":{"background-color":"var(--ast-global-color-4)","background-image":"","background-repeat":"repeat","background-position":"center center","background-size":"auto","background-attachment":"scroll","background-type":"","background-media":"","overlay-type":"","overlay-color":"","overlay-opacity":"","overlay-gradient":""}}},"product_brand":[],"product_cat":[214,215],"product_tag":[222,223,228,229],"class_list":{"0":"post-14373","1":"product","2":"type-product","3":"status-publish","4":"has-post-thumbnail","6":"product_cat-dermo","7":"product_cat-la-roche-posay","8":"product_tag-piel-grasa","9":"product_tag-piel-mixta","10":"product_tag-piel-normal","11":"product_tag-proteccion-solar","12":"desktop-align-left","13":"tablet-align-left","14":"mobile-align-left","15":"ast-product-gallery-layout-horizontal-slider","16":"ast-product-gallery-with-no-image","17":"ast-product-tabs-layout-horizontal","19":"first","20":"instock","21":"sale","22":"shipping-taxable","23":"purchasable","24":"product-type-simple"},"_links":{"self":[{"href":"http:\/\/vanttive.com\/index.php?rest_route=\/wp\/v2\/product\/14373","targetHints":{"allow":["GET"]}}],"collection":[{"href":"http:\/\/vanttive.com\/index.php?rest_route=\/wp\/v2\/product"}],"about":[{"href":"http:\/\/vanttive.com\/index.php?rest_route=\/wp\/v2\/types\/product"}],"wp:featuredmedia":[{"embeddable":true,"href":"http:\/\/vanttive.com\/index.php?rest_route=\/wp\/v2\/media\/9780"}],"wp:attachment":[{"href":"http:\/\/vanttive.com\/index.php?rest_route=%2Fwp%2Fv2%2Fmedia&parent=14373"}],"wp:term":[{"taxonomy":"product_brand","embeddable":true,"href":"http:\/\/vanttive.com\/index.php?rest_route=%2Fwp%2Fv2%2Fproduct_brand&post=14373"},{"taxonomy":"product_cat","embeddable":true,"href":"http:\/\/vanttive.com\/index.php?rest_route=%2Fwp%2Fv2%2Fproduct_cat&post=14373"},{"taxonomy":"product_tag","embeddable":true,"href":"http:\/\/vanttive.com\/index.php?rest_route=%2Fwp%2Fv2%2Fproduct_tag&post=14373"}],"curies":[{"name":"wp","href":"https:\/\/api.w.org\/{rel}","templated":true}]}}