{"id":14374,"date":"2023-08-20T01:12:46","date_gmt":"2023-08-20T06:12:46","guid":{"rendered":"https:\/\/www.vanttive.com\/producto\/anthelios-protector-solar-bruma-rostro-75ml\/"},"modified":"2023-08-20T01:12:46","modified_gmt":"2023-08-20T06:12:46","slug":"anthelios-protector-solar-bruma-rostro-75ml","status":"publish","type":"product","link":"http:\/\/vanttive.com\/?product=anthelios-protector-solar-bruma-rostro-75ml","title":{"rendered":"Anthelios protector solar bruma rostro 75ml"},"content":{"rendered":"<p>Protector Solar La Roche Posay Facial Anthelios Bruma Invisible SPF50+ 75ml 75ml Protector solar bruma de r\u00e1pida absorci\u00f3n y f\u00e1cil aplicaci\u00f3n  para hombres y mujeres que buscan una piel protegida y matificada durante todo el d\u00eda.<\/p>\n<p>Tipo de piel:  Piel sensible, piel intolerante o sensible al sol. Apta tambi\u00e9n para piel al\u00e9rgica al sol.<\/p>\n<p>Beneficios: Mayor protecci\u00f3n. Matificante. Acabado anti-brillo. R\u00e1pida absorci\u00f3n. Sensaci\u00f3n de piel desnuda. Con agua termal de La Roche-Posay. No comedog\u00e9nica.<\/p>\n<p>Modo de uso: Aplicar en el rostro como el \u00faltimo paso de tu rutina de cuidado de la piel. Adecuada para usar debajo del maquillaje. Aplicar la pantalla solar justo antes de la exposici\u00f3n. Volver a aplicarla de manera frecuente y generosa para mantener la protecci\u00f3n, especialmente despu\u00e9s de transpirar o secarse con una toalla. Uso externo.<\/p>\n<p>Ingredientes:<br \/>\nBUTANE \u2022 AQUA \/ WATER \u2022 HOMOSALATE \u2022 OCTOCRYLENE \u2022 GLYCERIN \u2022 DIMETHICONE \u2022 ETHYLHEXYL SALICYLATE \u2022 DICAPRYLYL CARBONATE \u2022 NYLON-12 \u2022 DIISOPROPYL SEBACATE \u2022 BUTYL METHOXYDIBENZOYLMETHANE \u2022 STYRENE\/ACRYLATES COPOLYMER \u2022 p-ANISIC ACID \u2022 CAPRYLYL GLYCOL \u2022 CARNOSINE \u2022 CYCLOH XASILOXANE \u2022 DISODIUM EDTA \u2022 DROMETRIZOLE TRISILOXANE \u2022 ETHYLHEXYL TRIAZONE \u2022 MEL \/ HONEY \u2022 METHYL METHACRYLATE CROSSPOLYMER \u2022 PEG-32 \u2022 PEG-8 LAURATE \u2022 PENTYLENE GLYCOL \u2022 PHENOXYETHANOL \u2022 POLY C10-30 ALKYL ACRYLATE \u2022 POLYGLYCERYL-6 POLYRICINOLEATE \u2022 PROPYLENE GLYCOL \u2022 SILICA SILYLATE \u2022 SODIUM CHLORIDE \u2022 SODIUM SACCHARIN \u2022 TOCOPHEROL \u2022 PARFUM \/ FRAGRANCE.<\/p>\n","protected":false},"excerpt":{"rendered":"<p>Anthelios invisible bruma fresca fps 50 proporciona una mayor protecci\u00f3n de amplio espectro (uva, uvb). Resistente al agua. R\u00e1pida absorci\u00f3n con acabado mate.<\/p>\n","protected":false},"featured_media":9786,"template":"","meta":{"site-sidebar-layout":"default","site-content-layout":"","ast-site-content-layout":"default","site-content-style":"default","site-sidebar-style":"default","ast-global-header-display":"","ast-banner-title-visibility":"","ast-main-header-display":"","ast-hfb-above-header-display":"","ast-hfb-below-header-display":"","ast-hfb-mobile-header-display":"","site-post-title":"","ast-breadcrumbs-content":"","ast-featured-img":"","footer-sml-layout":"","ast-disable-related-posts":"","theme-transparent-header-meta":"","adv-header-id-meta":"","stick-header-meta":"","header-above-stick-meta":"","header-main-stick-meta":"","header-below-stick-meta":"","astra-migrate-meta-layouts":"default","ast-page-background-enabled":"default","ast-page-background-meta":{"desktop":{"background-color":"var(--ast-global-color-5)","background-image":"","background-repeat":"repeat","background-position":"center center","background-size":"auto","background-attachment":"scroll","background-type":"","background-media":"","overlay-type":"","overlay-color":"","overlay-opacity":"","overlay-gradient":""},"tablet":{"background-color":"","background-image":"","background-repeat":"repeat","background-position":"center center","background-size":"auto","background-attachment":"scroll","background-type":"","background-media":"","overlay-type":"","overlay-color":"","overlay-opacity":"","overlay-gradient":""},"mobile":{"background-color":"","background-image":"","background-repeat":"repeat","background-position":"center center","background-size":"auto","background-attachment":"scroll","background-type":"","background-media":"","overlay-type":"","overlay-color":"","overlay-opacity":"","overlay-gradient":""}},"ast-content-background-meta":{"desktop":{"background-color":"var(--ast-global-color-4)","background-image":"","background-repeat":"repeat","background-position":"center center","background-size":"auto","background-attachment":"scroll","background-type":"","background-media":"","overlay-type":"","overlay-color":"","overlay-opacity":"","overlay-gradient":""},"tablet":{"background-color":"var(--ast-global-color-4)","background-image":"","background-repeat":"repeat","background-position":"center center","background-size":"auto","background-attachment":"scroll","background-type":"","background-media":"","overlay-type":"","overlay-color":"","overlay-opacity":"","overlay-gradient":""},"mobile":{"background-color":"var(--ast-global-color-4)","background-image":"","background-repeat":"repeat","background-position":"center center","background-size":"auto","background-attachment":"scroll","background-type":"","background-media":"","overlay-type":"","overlay-color":"","overlay-opacity":"","overlay-gradient":""}}},"product_brand":[],"product_cat":[214,215],"product_tag":[222,223,228,229],"class_list":{"0":"post-14374","1":"product","2":"type-product","3":"status-publish","4":"has-post-thumbnail","6":"product_cat-dermo","7":"product_cat-la-roche-posay","8":"product_tag-piel-grasa","9":"product_tag-piel-mixta","10":"product_tag-piel-normal","11":"product_tag-proteccion-solar","12":"desktop-align-left","13":"tablet-align-left","14":"mobile-align-left","15":"ast-product-gallery-layout-horizontal-slider","16":"ast-product-gallery-with-no-image","17":"ast-product-tabs-layout-horizontal","19":"first","20":"instock","21":"sale","22":"shipping-taxable","23":"purchasable","24":"product-type-simple"},"_links":{"self":[{"href":"http:\/\/vanttive.com\/index.php?rest_route=\/wp\/v2\/product\/14374","targetHints":{"allow":["GET"]}}],"collection":[{"href":"http:\/\/vanttive.com\/index.php?rest_route=\/wp\/v2\/product"}],"about":[{"href":"http:\/\/vanttive.com\/index.php?rest_route=\/wp\/v2\/types\/product"}],"wp:featuredmedia":[{"embeddable":true,"href":"http:\/\/vanttive.com\/index.php?rest_route=\/wp\/v2\/media\/9786"}],"wp:attachment":[{"href":"http:\/\/vanttive.com\/index.php?rest_route=%2Fwp%2Fv2%2Fmedia&parent=14374"}],"wp:term":[{"taxonomy":"product_brand","embeddable":true,"href":"http:\/\/vanttive.com\/index.php?rest_route=%2Fwp%2Fv2%2Fproduct_brand&post=14374"},{"taxonomy":"product_cat","embeddable":true,"href":"http:\/\/vanttive.com\/index.php?rest_route=%2Fwp%2Fv2%2Fproduct_cat&post=14374"},{"taxonomy":"product_tag","embeddable":true,"href":"http:\/\/vanttive.com\/index.php?rest_route=%2Fwp%2Fv2%2Fproduct_tag&post=14374"}],"curies":[{"name":"wp","href":"https:\/\/api.w.org\/{rel}","templated":true}]}}