{"id":14378,"date":"2023-08-20T01:12:49","date_gmt":"2023-08-20T06:12:49","guid":{"rendered":"https:\/\/www.vanttive.com\/producto\/effaclar-gel-lipiador-purificante-300ml\/"},"modified":"2023-08-20T01:12:49","modified_gmt":"2023-08-20T06:12:49","slug":"effaclar-gel-lipiador-purificante-300ml","status":"publish","type":"product","link":"http:\/\/vanttive.com\/?product=effaclar-gel-lipiador-purificante-300ml","title":{"rendered":"Effaclar gel lipiador purificante 300ml"},"content":{"rendered":"<p>EFFACLAR Gel purifica suavemente la piel grasa sin resecar gracias a sus suaves agentes limpiadores rigurosamente seleccionados para asegurar una buena tolerancia. Elimina las impurezas y el exceso de sebo, dejando la piel limpia y fresca. Limpia suavemente la oleosidad y la suciedad de la piel.\u00a0Reduce la visibilidad de los puntos negros\u00a0y\u00a0controla el brillo. <\/p>\n<p>Tipo de piel: Piel grasa con tendencia al acn\u00e9<\/p>\n<p>Beneficios: 300ml Lha + \u00c1cido Salic\u00edlico, realiza una microexfolicaci\u00f3n profunda para eliminar el exceso de Sebo y piel muerta.<br \/>\n Zinc: Reduce La Secreci\u00f3n De Sebo Y Purifica De Esta Manera La Piel.<br \/>\nAgua Termal De La Roche-Posay: genera efecto calmante y anti irritante.<\/p>\n<p>Modo de uso: Usar agua tibia para liberar los poros. Formar espuma en la mano y masajear suavemente en la zona de la T y el cuello. Emplear movimientos circulares. Aclarar con agua fresca para cerrar los poros.<\/p>\n<p>Ingredientes:<br \/>\nAQUA \/ WATER \u2022 SODIUM LAURETH SULFATE \u2022 PEG-8 \u2022 COCO-BETAINE \u2022 HEXYLENE GLYCOL \u2022 SODIUM CHLORIDE \u2022 PEG-120 METHYL GLUCOSE DIOLEATE \u2022 ZINC PCA \u2022 SODIUM HYDROXIDE \u2022 CAPRYLYL GLYCOL \u2022 CITRIC ACID \u2022 SODIUM BENZOATE \u2022 PHENOXYETHANOL \u2022 PARFUM \/ FRAGRANCE.<\/p>\n","protected":false},"excerpt":{"rendered":"<p>Effaclar gel purifica suavemente la piel grasa sin resecar gracias a sus suaves agentes limpiadores rigurosamente seleccionados para asegurar una buena tolerancia.<\/p>\n","protected":false},"featured_media":9733,"template":"","meta":{"site-sidebar-layout":"default","site-content-layout":"","ast-site-content-layout":"default","site-content-style":"default","site-sidebar-style":"default","ast-global-header-display":"","ast-banner-title-visibility":"","ast-main-header-display":"","ast-hfb-above-header-display":"","ast-hfb-below-header-display":"","ast-hfb-mobile-header-display":"","site-post-title":"","ast-breadcrumbs-content":"","ast-featured-img":"","footer-sml-layout":"","ast-disable-related-posts":"","theme-transparent-header-meta":"","adv-header-id-meta":"","stick-header-meta":"","header-above-stick-meta":"","header-main-stick-meta":"","header-below-stick-meta":"","astra-migrate-meta-layouts":"default","ast-page-background-enabled":"default","ast-page-background-meta":{"desktop":{"background-color":"var(--ast-global-color-5)","background-image":"","background-repeat":"repeat","background-position":"center center","background-size":"auto","background-attachment":"scroll","background-type":"","background-media":"","overlay-type":"","overlay-color":"","overlay-opacity":"","overlay-gradient":""},"tablet":{"background-color":"","background-image":"","background-repeat":"repeat","background-position":"center center","background-size":"auto","background-attachment":"scroll","background-type":"","background-media":"","overlay-type":"","overlay-color":"","overlay-opacity":"","overlay-gradient":""},"mobile":{"background-color":"","background-image":"","background-repeat":"repeat","background-position":"center center","background-size":"auto","background-attachment":"scroll","background-type":"","background-media":"","overlay-type":"","overlay-color":"","overlay-opacity":"","overlay-gradient":""}},"ast-content-background-meta":{"desktop":{"background-color":"var(--ast-global-color-4)","background-image":"","background-repeat":"repeat","background-position":"center center","background-size":"auto","background-attachment":"scroll","background-type":"","background-media":"","overlay-type":"","overlay-color":"","overlay-opacity":"","overlay-gradient":""},"tablet":{"background-color":"var(--ast-global-color-4)","background-image":"","background-repeat":"repeat","background-position":"center center","background-size":"auto","background-attachment":"scroll","background-type":"","background-media":"","overlay-type":"","overlay-color":"","overlay-opacity":"","overlay-gradient":""},"mobile":{"background-color":"var(--ast-global-color-4)","background-image":"","background-repeat":"repeat","background-position":"center center","background-size":"auto","background-attachment":"scroll","background-type":"","background-media":"","overlay-type":"","overlay-color":"","overlay-opacity":"","overlay-gradient":""}}},"product_brand":[],"product_cat":[214,215],"product_tag":[221,222,223,228],"class_list":{"0":"post-14378","1":"product","2":"type-product","3":"status-publish","4":"has-post-thumbnail","6":"product_cat-dermo","7":"product_cat-la-roche-posay","8":"product_tag-limpiadores-faciales","9":"product_tag-piel-grasa","10":"product_tag-piel-mixta","11":"product_tag-piel-normal","12":"desktop-align-left","13":"tablet-align-left","14":"mobile-align-left","15":"ast-product-gallery-layout-horizontal-slider","16":"ast-product-gallery-with-no-image","17":"ast-product-tabs-layout-horizontal","19":"first","20":"instock","21":"sale","22":"shipping-taxable","23":"purchasable","24":"product-type-simple"},"_links":{"self":[{"href":"http:\/\/vanttive.com\/index.php?rest_route=\/wp\/v2\/product\/14378","targetHints":{"allow":["GET"]}}],"collection":[{"href":"http:\/\/vanttive.com\/index.php?rest_route=\/wp\/v2\/product"}],"about":[{"href":"http:\/\/vanttive.com\/index.php?rest_route=\/wp\/v2\/types\/product"}],"wp:featuredmedia":[{"embeddable":true,"href":"http:\/\/vanttive.com\/index.php?rest_route=\/wp\/v2\/media\/9733"}],"wp:attachment":[{"href":"http:\/\/vanttive.com\/index.php?rest_route=%2Fwp%2Fv2%2Fmedia&parent=14378"}],"wp:term":[{"taxonomy":"product_brand","embeddable":true,"href":"http:\/\/vanttive.com\/index.php?rest_route=%2Fwp%2Fv2%2Fproduct_brand&post=14378"},{"taxonomy":"product_cat","embeddable":true,"href":"http:\/\/vanttive.com\/index.php?rest_route=%2Fwp%2Fv2%2Fproduct_cat&post=14378"},{"taxonomy":"product_tag","embeddable":true,"href":"http:\/\/vanttive.com\/index.php?rest_route=%2Fwp%2Fv2%2Fproduct_tag&post=14378"}],"curies":[{"name":"wp","href":"https:\/\/api.w.org\/{rel}","templated":true}]}}