{"id":14379,"date":"2023-08-20T01:12:49","date_gmt":"2023-08-20T06:12:49","guid":{"rendered":"https:\/\/www.vanttive.com\/producto\/effaclar-gel-microexfoliante-200ml\/"},"modified":"2023-08-20T01:12:49","modified_gmt":"2023-08-20T06:12:49","slug":"effaclar-gel-microexfoliante-200ml","status":"publish","type":"product","link":"http:\/\/vanttive.com\/?product=effaclar-gel-microexfoliante-200ml","title":{"rendered":"Effaclar gel microexfoliante 200ml"},"content":{"rendered":"<p>Gel Limpiador Facial La Roche Posay Purificante Effaclar Gel, limpiador purificante para pieles grasas y sensibles y\/o con tendencia acneica, libera los poros en profundidad y elimina el exceso de sebo. Ayuda a reducir de manera progresiva y duradera las imperfecciones persistentes, inclusive las marcas, y previene su reaparici\u00f3n.<\/p>\n<p>Tipo de piel: Piel grasa con tendencia al acn\u00e9.<\/p>\n<p>Beneficios: Limpia la piel intensamente 200ml Lha + \u00c1cido Salic\u00edlico, realiza una microexfolicaci\u00f3n profunda para eliminar el exceso de Sebo y piel muerta. Zinc: Reduce la secreci\u00f3n de Sebo y purifica de esta manera la piel.  Agua Termal De La Roche-Posay, genera efecto calmante y anti irritante. Ayuda a reducir progresivamente y a largo plazo las imperfecciones persistentes, incluidas las marcas de textura e hiperpigmentaci\u00f3n y a prevenir su reaparici\u00f3n. <\/p>\n<p>Ayuda a reducir granos, puntos negros y marcas, alisando la textura de la piel. Deja la piel visiblemente m\u00e1s suave, lisa y uniforme de manera duradera.<\/p>\n<p>Modo de uso: Aplicar en el rostro. Formar espuma con el gel entre las manos h\u00famedas y aplicar sobre la piel con suaves masajes. Aclarar con abundante agua.<\/p>\n<p>Ingredientes:<br \/>\nAQUA \/ WATER \u2022 SODIUM LAURETH SULFATE \u2022 DECYL GLUCOSIDE \u2022 GLYCERIN \u2022 SODIUM CHLORIDE \u2022 COCO-BETAINE \u2022 SALICYLIC ACID \u2022 PEG-150 PENTAERYTHRITYL TETRASTEARATE \u2022 PEG-6 CAPRYLIC\/CAPRIC GLYCERIDES \u2022 ZINC GLUCONATE \u2022 SODIUM HYDROXIDE \u2022 CAPRYLOYL SALICYLIC ACID \u2022 TETRASODIUM EDTA \u2022 CITRIC ACID \u2022 MENTHOL \u2022 POLYQUATERNIUM-47 \u2022 HEXYLENE GLYCOL \u2022 SODIUM BENZOATE.<\/p>\n","protected":false},"excerpt":{"rendered":"<p>Para piel con tendencia al acn\u00e9, para imperfecciones persistentes<\/p>\n","protected":false},"featured_media":9732,"template":"","meta":{"site-sidebar-layout":"default","site-content-layout":"","ast-site-content-layout":"default","site-content-style":"default","site-sidebar-style":"default","ast-global-header-display":"","ast-banner-title-visibility":"","ast-main-header-display":"","ast-hfb-above-header-display":"","ast-hfb-below-header-display":"","ast-hfb-mobile-header-display":"","site-post-title":"","ast-breadcrumbs-content":"","ast-featured-img":"","footer-sml-layout":"","ast-disable-related-posts":"","theme-transparent-header-meta":"","adv-header-id-meta":"","stick-header-meta":"","header-above-stick-meta":"","header-main-stick-meta":"","header-below-stick-meta":"","astra-migrate-meta-layouts":"default","ast-page-background-enabled":"default","ast-page-background-meta":{"desktop":{"background-color":"var(--ast-global-color-5)","background-image":"","background-repeat":"repeat","background-position":"center center","background-size":"auto","background-attachment":"scroll","background-type":"","background-media":"","overlay-type":"","overlay-color":"","overlay-opacity":"","overlay-gradient":""},"tablet":{"background-color":"","background-image":"","background-repeat":"repeat","background-position":"center center","background-size":"auto","background-attachment":"scroll","background-type":"","background-media":"","overlay-type":"","overlay-color":"","overlay-opacity":"","overlay-gradient":""},"mobile":{"background-color":"","background-image":"","background-repeat":"repeat","background-position":"center center","background-size":"auto","background-attachment":"scroll","background-type":"","background-media":"","overlay-type":"","overlay-color":"","overlay-opacity":"","overlay-gradient":""}},"ast-content-background-meta":{"desktop":{"background-color":"var(--ast-global-color-4)","background-image":"","background-repeat":"repeat","background-position":"center center","background-size":"auto","background-attachment":"scroll","background-type":"","background-media":"","overlay-type":"","overlay-color":"","overlay-opacity":"","overlay-gradient":""},"tablet":{"background-color":"var(--ast-global-color-4)","background-image":"","background-repeat":"repeat","background-position":"center center","background-size":"auto","background-attachment":"scroll","background-type":"","background-media":"","overlay-type":"","overlay-color":"","overlay-opacity":"","overlay-gradient":""},"mobile":{"background-color":"var(--ast-global-color-4)","background-image":"","background-repeat":"repeat","background-position":"center center","background-size":"auto","background-attachment":"scroll","background-type":"","background-media":"","overlay-type":"","overlay-color":"","overlay-opacity":"","overlay-gradient":""}}},"product_brand":[],"product_cat":[214,215],"product_tag":[221,222,223,228],"class_list":{"0":"post-14379","1":"product","2":"type-product","3":"status-publish","4":"has-post-thumbnail","6":"product_cat-dermo","7":"product_cat-la-roche-posay","8":"product_tag-limpiadores-faciales","9":"product_tag-piel-grasa","10":"product_tag-piel-mixta","11":"product_tag-piel-normal","12":"desktop-align-left","13":"tablet-align-left","14":"mobile-align-left","15":"ast-product-gallery-layout-horizontal-slider","16":"ast-product-gallery-with-no-image","17":"ast-product-tabs-layout-horizontal","19":"first","20":"instock","21":"sale","22":"shipping-taxable","23":"purchasable","24":"product-type-simple"},"_links":{"self":[{"href":"http:\/\/vanttive.com\/index.php?rest_route=\/wp\/v2\/product\/14379","targetHints":{"allow":["GET"]}}],"collection":[{"href":"http:\/\/vanttive.com\/index.php?rest_route=\/wp\/v2\/product"}],"about":[{"href":"http:\/\/vanttive.com\/index.php?rest_route=\/wp\/v2\/types\/product"}],"wp:featuredmedia":[{"embeddable":true,"href":"http:\/\/vanttive.com\/index.php?rest_route=\/wp\/v2\/media\/9732"}],"wp:attachment":[{"href":"http:\/\/vanttive.com\/index.php?rest_route=%2Fwp%2Fv2%2Fmedia&parent=14379"}],"wp:term":[{"taxonomy":"product_brand","embeddable":true,"href":"http:\/\/vanttive.com\/index.php?rest_route=%2Fwp%2Fv2%2Fproduct_brand&post=14379"},{"taxonomy":"product_cat","embeddable":true,"href":"http:\/\/vanttive.com\/index.php?rest_route=%2Fwp%2Fv2%2Fproduct_cat&post=14379"},{"taxonomy":"product_tag","embeddable":true,"href":"http:\/\/vanttive.com\/index.php?rest_route=%2Fwp%2Fv2%2Fproduct_tag&post=14379"}],"curies":[{"name":"wp","href":"https:\/\/api.w.org\/{rel}","templated":true}]}}