{"id":14380,"date":"2023-08-20T01:12:49","date_gmt":"2023-08-20T06:12:49","guid":{"rendered":"https:\/\/www.vanttive.com\/producto\/hyalu-b5-crema-facial-40ml\/"},"modified":"2023-08-20T01:12:49","modified_gmt":"2023-08-20T06:12:49","slug":"hyalu-b5-crema-facial-40ml","status":"publish","type":"product","link":"http:\/\/vanttive.com\/?product=hyalu-b5-crema-facial-40ml","title":{"rendered":"Hyalu b5 crema facial 40ml"},"content":{"rendered":"<p>HYALU B5 Tratamiento ayuda a la piel a sentirse reparada y verse plena. Profundamente hidratada, la piel recupera inmediatamente su elasticidad. Se reducen y suavizan las arrugas. Correcci\u00f3n anti-envejecimiento dermatol\u00f3gico que rellena la piel sensible. Contiene dos tipos de \u00e1cidos hialur\u00f3nicos puros y vitamina B5, para rellenar y reparar la barrera de la piel. Textura en crema hidratante.<\/p>\n<p>Tipo de piel: Piel normal y sensible.<\/p>\n<p>Beneficios: Repara y ayuda a que la piel se vea reparada y recupere volumen, hidrata profundamente la piel y recupera elasticidad y reduce y suaviza las arrugas.<\/p>\n<p>Modo de uso: Aplicar en rostro, cuello y escote durante la ma\u00f1ana y\/o la noche.<\/p>\n<p>Ingredientes:<br \/>\nAQUA \u2022 GLYCERIN \u2022 DIMETHICONE \u2022 HYDROGENATED POLYISOBUTENE \u2022 PROPYLENE GLYCOL \u2022 HYDROXYPROPYL TETRAHYDROPYRANTRIOL \u2022 ALCOHOL DENAT \u2022 PROPANEDIOL \u2022 PANTHENOL \u2022 SYNTHETIC WAX \u2022 NYLON-12 \u2022 PEG-10 DIMETHICONE \u2022 DIMETHICONE\/PEG-10\/15 CROSSPOLYMER \u2022 HYDROXYETHYLPIPERAZINE ETHANE SULFONIC ACID \u2022 TOCOPHEROL \u2022 SODIUM POLYACRYLATE \u2022 SODIUM HYALURONATE \u2022 HYDROLYZED HYALURONIC ACID \u2022 SODIUM CITRATE \u2022 PHENOXYETHANOL \u2022 ADENOSINE \u2022 CHLORPHENESIN \u2022 PROPYLENE CARBONATE \u2022 DIPROPYLENE GLYCOL \u2022 DISTEARDIMONIUM HECTORITE \u2022 DISODIUM EDTA \u2022 PARFUM.<\/p>\n","protected":false},"excerpt":{"rendered":"<p>Hyalu b5 tratamiento ayuda a la piel a sentirse reparada y verse plena. Profundamente hidratada, la piel recupera inmediatamente su elasticidad. Se reducen y suavizan las arrugas.<\/p>\n","protected":false},"featured_media":9742,"template":"","meta":{"site-sidebar-layout":"default","site-content-layout":"","ast-site-content-layout":"default","site-content-style":"default","site-sidebar-style":"default","ast-global-header-display":"","ast-banner-title-visibility":"","ast-main-header-display":"","ast-hfb-above-header-display":"","ast-hfb-below-header-display":"","ast-hfb-mobile-header-display":"","site-post-title":"","ast-breadcrumbs-content":"","ast-featured-img":"","footer-sml-layout":"","ast-disable-related-posts":"","theme-transparent-header-meta":"","adv-header-id-meta":"","stick-header-meta":"","header-above-stick-meta":"","header-main-stick-meta":"","header-below-stick-meta":"","astra-migrate-meta-layouts":"default","ast-page-background-enabled":"default","ast-page-background-meta":{"desktop":{"background-color":"var(--ast-global-color-5)","background-image":"","background-repeat":"repeat","background-position":"center center","background-size":"auto","background-attachment":"scroll","background-type":"","background-media":"","overlay-type":"","overlay-color":"","overlay-opacity":"","overlay-gradient":""},"tablet":{"background-color":"","background-image":"","background-repeat":"repeat","background-position":"center center","background-size":"auto","background-attachment":"scroll","background-type":"","background-media":"","overlay-type":"","overlay-color":"","overlay-opacity":"","overlay-gradient":""},"mobile":{"background-color":"","background-image":"","background-repeat":"repeat","background-position":"center center","background-size":"auto","background-attachment":"scroll","background-type":"","background-media":"","overlay-type":"","overlay-color":"","overlay-opacity":"","overlay-gradient":""}},"ast-content-background-meta":{"desktop":{"background-color":"var(--ast-global-color-4)","background-image":"","background-repeat":"repeat","background-position":"center center","background-size":"auto","background-attachment":"scroll","background-type":"","background-media":"","overlay-type":"","overlay-color":"","overlay-opacity":"","overlay-gradient":""},"tablet":{"background-color":"var(--ast-global-color-4)","background-image":"","background-repeat":"repeat","background-position":"center center","background-size":"auto","background-attachment":"scroll","background-type":"","background-media":"","overlay-type":"","overlay-color":"","overlay-opacity":"","overlay-gradient":""},"mobile":{"background-color":"var(--ast-global-color-4)","background-image":"","background-repeat":"repeat","background-position":"center center","background-size":"auto","background-attachment":"scroll","background-type":"","background-media":"","overlay-type":"","overlay-color":"","overlay-opacity":"","overlay-gradient":""}}},"product_brand":[],"product_cat":[214,215],"product_tag":[230,231,232,233,223,228,234,235],"class_list":{"0":"post-14380","1":"product","2":"type-product","3":"status-publish","4":"has-post-thumbnail","6":"product_cat-dermo","7":"product_cat-la-roche-posay","8":"product_tag-anti-edad","9":"product_tag-cuidado-facial","10":"product_tag-hidratacion-facial","11":"product_tag-piel-atopica","12":"product_tag-piel-mixta","13":"product_tag-piel-normal","14":"product_tag-piel-seca","15":"product_tag-piel-sensible","16":"desktop-align-left","17":"tablet-align-left","18":"mobile-align-left","19":"ast-product-gallery-layout-horizontal-slider","20":"ast-product-gallery-with-no-image","21":"ast-product-tabs-layout-horizontal","23":"first","24":"instock","25":"sale","26":"shipping-taxable","27":"purchasable","28":"product-type-simple"},"_links":{"self":[{"href":"http:\/\/vanttive.com\/index.php?rest_route=\/wp\/v2\/product\/14380","targetHints":{"allow":["GET"]}}],"collection":[{"href":"http:\/\/vanttive.com\/index.php?rest_route=\/wp\/v2\/product"}],"about":[{"href":"http:\/\/vanttive.com\/index.php?rest_route=\/wp\/v2\/types\/product"}],"wp:featuredmedia":[{"embeddable":true,"href":"http:\/\/vanttive.com\/index.php?rest_route=\/wp\/v2\/media\/9742"}],"wp:attachment":[{"href":"http:\/\/vanttive.com\/index.php?rest_route=%2Fwp%2Fv2%2Fmedia&parent=14380"}],"wp:term":[{"taxonomy":"product_brand","embeddable":true,"href":"http:\/\/vanttive.com\/index.php?rest_route=%2Fwp%2Fv2%2Fproduct_brand&post=14380"},{"taxonomy":"product_cat","embeddable":true,"href":"http:\/\/vanttive.com\/index.php?rest_route=%2Fwp%2Fv2%2Fproduct_cat&post=14380"},{"taxonomy":"product_tag","embeddable":true,"href":"http:\/\/vanttive.com\/index.php?rest_route=%2Fwp%2Fv2%2Fproduct_tag&post=14380"}],"curies":[{"name":"wp","href":"https:\/\/api.w.org\/{rel}","templated":true}]}}