{"id":14388,"date":"2023-08-20T01:13:00","date_gmt":"2023-08-20T06:13:00","guid":{"rendered":"https:\/\/www.vanttive.com\/producto\/pack-locion-facial-pm-gel-espumos-20ml\/"},"modified":"2023-08-20T01:13:00","modified_gmt":"2023-08-20T06:13:00","slug":"pack-locion-facial-pm-gel-espumos-20ml","status":"publish","type":"product","link":"http:\/\/vanttive.com\/?product=pack-locion-facial-pm-gel-espumos-20ml","title":{"rendered":"Pack loci\u00f3n facial pm + gel espumos 20ml"},"content":{"rendered":"<p>PACK Loci\u00f3n Facial PM + Gratis Gel Espumoso 20 ml.<br \/>\nLoci\u00f3n hidratante de rostro ligera para pieles normales a secas enriquecida con 3 ceramidas esenciales que ayudan a restaurar la barrera natural de la piel dura 24 horas. <\/p>\n<p>Tipo de piel: Normal a seca.<\/p>\n<p>Beneficios: Espec\u00edficamente formulada para hidratar la piel sensible normal a seca. La f\u00f3rmula ultraligera hidrata la piel y ayuda a reparar la barrera protectora de la piel. Contiene 3 ceramidas esenciales y \u00e1cido hialur\u00f3nico.<\/p>\n<p>Utiliza la tecnolog\u00eda patentada MVE\u00ae para ayudar a reponer las ceramidas y proporcionar una hidrataci\u00f3n controlada y de larga duraci\u00f3n.<br \/>\n&#8211; Contiene Niacinamida, que ayuda a calmar la piel.<br \/>\n-No comedog\u00e9nico, no obstruye poros.<br \/>\n&#8211; Garantiza hidrataci\u00f3n durante toda la noche.<br \/>\n&#8211; Con 3 ceramidas esenciales para ayudar a reparar la barrera natural de la piel.<\/p>\n<p>Modo de uso: Se aplica f\u00e1cilmente en el rostro.<\/p>\n<p>Ingredientes:<br \/>\nAQUA \/ WATER, GLYCERIN,CAPRYLIC\/CAPRIC TRIGLYCERIDE, NIACINAMIDE, CETEARYL ALCOHOL, DIMETHICONE, PHENOXYETHANOL, CETEARETH-20, BEHENTRIMONIUM METHOSULFATE, CAPRYLYL GLYCOL, POLYGLYCERYL-3 DIISOSTEARATE, SODIUM LAUROYL LACTYLATE, POTASSIUM PHOSPHATE, DISODIUM EDTA, DIPOTASSIUM PHOSPHATE, CERAMIDE NP, CERAMIDE AP, PHYTOSPHINGOSINE, CHOLESTEROL, XANTHAN GUM, CARBOMER, ETHYLHEXYLGLYCERIN, SODIUM HYAL RONATE, CERAMIDE, EOP.<\/p>\n","protected":false},"excerpt":{"rendered":"<p>PACK Loci\u00f3n Facial PM + Gratis Gel Espumoso 20 ml.<br \/>\nLoci\u00f3n hidratante de rostro ligera para pieles normales a secas enriquecida con 3 ceramidas esenciales que ayudan a restaurar la barrera natural de la piel dura 24 horas.<\/p>\n","protected":false},"featured_media":10494,"template":"","meta":{"site-sidebar-layout":"default","site-content-layout":"","ast-site-content-layout":"default","site-content-style":"default","site-sidebar-style":"default","ast-global-header-display":"","ast-banner-title-visibility":"","ast-main-header-display":"","ast-hfb-above-header-display":"","ast-hfb-below-header-display":"","ast-hfb-mobile-header-display":"","site-post-title":"","ast-breadcrumbs-content":"","ast-featured-img":"","footer-sml-layout":"","ast-disable-related-posts":"","theme-transparent-header-meta":"","adv-header-id-meta":"","stick-header-meta":"","header-above-stick-meta":"","header-main-stick-meta":"","header-below-stick-meta":"","astra-migrate-meta-layouts":"default","ast-page-background-enabled":"default","ast-page-background-meta":{"desktop":{"background-color":"var(--ast-global-color-5)","background-image":"","background-repeat":"repeat","background-position":"center center","background-size":"auto","background-attachment":"scroll","background-type":"","background-media":"","overlay-type":"","overlay-color":"","overlay-opacity":"","overlay-gradient":""},"tablet":{"background-color":"","background-image":"","background-repeat":"repeat","background-position":"center center","background-size":"auto","background-attachment":"scroll","background-type":"","background-media":"","overlay-type":"","overlay-color":"","overlay-opacity":"","overlay-gradient":""},"mobile":{"background-color":"","background-image":"","background-repeat":"repeat","background-position":"center center","background-size":"auto","background-attachment":"scroll","background-type":"","background-media":"","overlay-type":"","overlay-color":"","overlay-opacity":"","overlay-gradient":""}},"ast-content-background-meta":{"desktop":{"background-color":"var(--ast-global-color-4)","background-image":"","background-repeat":"repeat","background-position":"center center","background-size":"auto","background-attachment":"scroll","background-type":"","background-media":"","overlay-type":"","overlay-color":"","overlay-opacity":"","overlay-gradient":""},"tablet":{"background-color":"var(--ast-global-color-4)","background-image":"","background-repeat":"repeat","background-position":"center center","background-size":"auto","background-attachment":"scroll","background-type":"","background-media":"","overlay-type":"","overlay-color":"","overlay-opacity":"","overlay-gradient":""},"mobile":{"background-color":"var(--ast-global-color-4)","background-image":"","background-repeat":"repeat","background-position":"center center","background-size":"auto","background-attachment":"scroll","background-type":"","background-media":"","overlay-type":"","overlay-color":"","overlay-opacity":"","overlay-gradient":""}}},"product_brand":[],"product_cat":[220,214,239,240],"product_tag":[230,231,232,233,234],"class_list":{"0":"post-14388","1":"product","2":"type-product","3":"status-publish","4":"has-post-thumbnail","6":"product_cat-cerave","7":"product_cat-dermo","8":"product_cat-nuevo","9":"product_cat-promo","10":"product_tag-anti-edad","11":"product_tag-cuidado-facial","12":"product_tag-hidratacion-facial","13":"product_tag-piel-atopica","14":"product_tag-piel-seca","15":"desktop-align-left","16":"tablet-align-left","17":"mobile-align-left","18":"ast-product-gallery-layout-horizontal-slider","19":"ast-product-gallery-with-no-image","20":"ast-product-tabs-layout-horizontal","22":"first","23":"instock","24":"sale","25":"shipping-taxable","26":"purchasable","27":"product-type-simple"},"_links":{"self":[{"href":"http:\/\/vanttive.com\/index.php?rest_route=\/wp\/v2\/product\/14388","targetHints":{"allow":["GET"]}}],"collection":[{"href":"http:\/\/vanttive.com\/index.php?rest_route=\/wp\/v2\/product"}],"about":[{"href":"http:\/\/vanttive.com\/index.php?rest_route=\/wp\/v2\/types\/product"}],"wp:featuredmedia":[{"embeddable":true,"href":"http:\/\/vanttive.com\/index.php?rest_route=\/wp\/v2\/media\/10494"}],"wp:attachment":[{"href":"http:\/\/vanttive.com\/index.php?rest_route=%2Fwp%2Fv2%2Fmedia&parent=14388"}],"wp:term":[{"taxonomy":"product_brand","embeddable":true,"href":"http:\/\/vanttive.com\/index.php?rest_route=%2Fwp%2Fv2%2Fproduct_brand&post=14388"},{"taxonomy":"product_cat","embeddable":true,"href":"http:\/\/vanttive.com\/index.php?rest_route=%2Fwp%2Fv2%2Fproduct_cat&post=14388"},{"taxonomy":"product_tag","embeddable":true,"href":"http:\/\/vanttive.com\/index.php?rest_route=%2Fwp%2Fv2%2Fproduct_tag&post=14388"}],"curies":[{"name":"wp","href":"https:\/\/api.w.org\/{rel}","templated":true}]}}