{"id":14389,"date":"2023-08-20T01:13:00","date_gmt":"2023-08-20T06:13:00","guid":{"rendered":"https:\/\/www.vanttive.com\/producto\/anthelios-age-correct-50-ml\/"},"modified":"2023-08-20T01:13:00","modified_gmt":"2023-08-20T06:13:00","slug":"anthelios-age-correct-50-ml","status":"publish","type":"product","link":"http:\/\/vanttive.com\/?product=anthelios-age-correct-50-ml","title":{"rendered":"Anthelios age correct 50 ml"},"content":{"rendered":"<p>Protector Solar Facial La Roche Posay Anthelios Age Correct SPF50+, ayuda a proteger y corregir los signos del foto envejecimiento causados por la exposici\u00f3n diaria a los rayos ultravioleta. La nueva generaci\u00f3n de protecci\u00f3n solar de uso diario anti-envejecimiento que previene y corrige los signos del envejecimiento en 4 semanas. Con Protecci\u00f3n de Amplio Espectro y activos correctivos dermatol\u00f3gicos, con \u00c1cido Hialur\u00f3nico, Niacinamida y PHE Resorcinol.<\/p>\n<p>Tipo de piel: Piel seca, piel normal o mixta.<\/p>\n<p>Beneficios: F\u00f3rmula avanzada que ayuda a proteger y corregir los signos del foto envejecimiento causados por la exposici\u00f3n diaria a los rayos ultravioleta, adem\u00e1s de corregir la hiperpigmentaci\u00f3n foto inducida. Protege de la luz visible o la luz azul.<br \/>\nCrema ultraligera con hidrataci\u00f3n 24h. Acabado no graso y aterciopelado sobre la piel. Hipoalerg\u00e9nico. No comedog\u00e9nico.<\/p>\n<p>Modo de uso: Aplicar uniformemente en todo el rostro todas las ma\u00f1anas como \u00faltimo paso de tu rutina de cuidado de la piel y antes del maquillaje.<\/p>\n<p>Ingredientes:<br \/>\nAQUA \/ WATER \u2022 GLYCERIN \u2022 PANTHENOL \u2022  PROPANEDIOL \u2022 PENTYLENE GLYCOL \u2022 SODIUM HYALURONATE \u2022 SODIUM ACETYLATED HYALURONATE \u2022 ADENOSINE \u2022 COPPER GLUCONATE \u2022 HYDROLYZED HYALURONIC ACID \u2022 CAPRYLYL GLYCOL \u2022 CITRIC ACID \u2022 TRISODIUM ETHYLENEDIAMINE DISUCCINATE.<\/p>\n","protected":false},"excerpt":{"rendered":"<p>Protector solar facial la roche posay anthelios age correct spf50+, ayuda a proteger y corregir los signos del foto envejecimiento causados por la exposici\u00f3n diaria a los rayos ultravioleta.<\/p>\n","protected":false},"featured_media":9779,"template":"","meta":{"site-sidebar-layout":"default","site-content-layout":"","ast-site-content-layout":"default","site-content-style":"default","site-sidebar-style":"default","ast-global-header-display":"","ast-banner-title-visibility":"","ast-main-header-display":"","ast-hfb-above-header-display":"","ast-hfb-below-header-display":"","ast-hfb-mobile-header-display":"","site-post-title":"","ast-breadcrumbs-content":"","ast-featured-img":"","footer-sml-layout":"","ast-disable-related-posts":"","theme-transparent-header-meta":"","adv-header-id-meta":"","stick-header-meta":"","header-above-stick-meta":"","header-main-stick-meta":"","header-below-stick-meta":"","astra-migrate-meta-layouts":"default","ast-page-background-enabled":"default","ast-page-background-meta":{"desktop":{"background-color":"var(--ast-global-color-5)","background-image":"","background-repeat":"repeat","background-position":"center center","background-size":"auto","background-attachment":"scroll","background-type":"","background-media":"","overlay-type":"","overlay-color":"","overlay-opacity":"","overlay-gradient":""},"tablet":{"background-color":"","background-image":"","background-repeat":"repeat","background-position":"center center","background-size":"auto","background-attachment":"scroll","background-type":"","background-media":"","overlay-type":"","overlay-color":"","overlay-opacity":"","overlay-gradient":""},"mobile":{"background-color":"","background-image":"","background-repeat":"repeat","background-position":"center center","background-size":"auto","background-attachment":"scroll","background-type":"","background-media":"","overlay-type":"","overlay-color":"","overlay-opacity":"","overlay-gradient":""}},"ast-content-background-meta":{"desktop":{"background-color":"var(--ast-global-color-4)","background-image":"","background-repeat":"repeat","background-position":"center center","background-size":"auto","background-attachment":"scroll","background-type":"","background-media":"","overlay-type":"","overlay-color":"","overlay-opacity":"","overlay-gradient":""},"tablet":{"background-color":"var(--ast-global-color-4)","background-image":"","background-repeat":"repeat","background-position":"center center","background-size":"auto","background-attachment":"scroll","background-type":"","background-media":"","overlay-type":"","overlay-color":"","overlay-opacity":"","overlay-gradient":""},"mobile":{"background-color":"var(--ast-global-color-4)","background-image":"","background-repeat":"repeat","background-position":"center center","background-size":"auto","background-attachment":"scroll","background-type":"","background-media":"","overlay-type":"","overlay-color":"","overlay-opacity":"","overlay-gradient":""}}},"product_brand":[],"product_cat":[214,215],"product_tag":[230,225,223,228,234,229],"class_list":{"0":"post-14389","1":"product","2":"type-product","3":"status-publish","4":"has-post-thumbnail","6":"product_cat-dermo","7":"product_cat-la-roche-posay","8":"product_tag-anti-edad","9":"product_tag-anti-manchas","10":"product_tag-piel-mixta","11":"product_tag-piel-normal","12":"product_tag-piel-seca","13":"product_tag-proteccion-solar","14":"desktop-align-left","15":"tablet-align-left","16":"mobile-align-left","17":"ast-product-gallery-layout-horizontal-slider","18":"ast-product-gallery-with-no-image","19":"ast-product-tabs-layout-horizontal","21":"first","22":"instock","23":"sale","24":"shipping-taxable","25":"purchasable","26":"product-type-simple"},"_links":{"self":[{"href":"http:\/\/vanttive.com\/index.php?rest_route=\/wp\/v2\/product\/14389","targetHints":{"allow":["GET"]}}],"collection":[{"href":"http:\/\/vanttive.com\/index.php?rest_route=\/wp\/v2\/product"}],"about":[{"href":"http:\/\/vanttive.com\/index.php?rest_route=\/wp\/v2\/types\/product"}],"wp:featuredmedia":[{"embeddable":true,"href":"http:\/\/vanttive.com\/index.php?rest_route=\/wp\/v2\/media\/9779"}],"wp:attachment":[{"href":"http:\/\/vanttive.com\/index.php?rest_route=%2Fwp%2Fv2%2Fmedia&parent=14389"}],"wp:term":[{"taxonomy":"product_brand","embeddable":true,"href":"http:\/\/vanttive.com\/index.php?rest_route=%2Fwp%2Fv2%2Fproduct_brand&post=14389"},{"taxonomy":"product_cat","embeddable":true,"href":"http:\/\/vanttive.com\/index.php?rest_route=%2Fwp%2Fv2%2Fproduct_cat&post=14389"},{"taxonomy":"product_tag","embeddable":true,"href":"http:\/\/vanttive.com\/index.php?rest_route=%2Fwp%2Fv2%2Fproduct_tag&post=14389"}],"curies":[{"name":"wp","href":"https:\/\/api.w.org\/{rel}","templated":true}]}}