{"id":14390,"date":"2023-08-20T01:13:00","date_gmt":"2023-08-20T06:13:00","guid":{"rendered":"https:\/\/www.vanttive.com\/producto\/redermic-retinol-b3-serum-30ml\/"},"modified":"2023-08-20T01:13:00","modified_gmt":"2023-08-20T06:13:00","slug":"redermic-retinol-b3-serum-30ml","status":"publish","type":"product","link":"http:\/\/vanttive.com\/?product=redermic-retinol-b3-serum-30ml","title":{"rendered":"Redermic retinol b3 serum 30ml"},"content":{"rendered":"<p>RETINOL B3 S\u00e9rum ayuda a la piel a verse m\u00e1s suave y m\u00e1s luminosa al instante. Progresivamente la piel recupera la firmeza y se corrigen los signos del fotoenvejecimiento: arrugas profundas, l\u00edneas finas y tez irregular. Fluido hidratante, acabado sedoso, no pegajoso.<\/p>\n<p>Tipo de piel: Piel seca, normal o mixta.<\/p>\n<p>Beneficios: Un s\u00e9rum regenerador \u00fanico, formulado con la mol\u00e9cula anti &#8211; arrugas de referencia Retinol [Puro + Liberaci\u00f3n Gradual] combinada con Vitamina B3, que restaura la piel.<\/p>\n<p>Modo de uso: Aplicar por la noche en rostro y cuello. Utilizar junto a un protector solar diariamente (FPS > 15).<\/p>\n<p>Ingredientes:<br \/>\nAQUA \/ WATER \u2022 GLYCERIN \u2022 CYCLOHEXASILOXANE \u2022 ALCOHOL DENAT \u2022 PENTYLENE GLYCOL \u2022 NIACINAMIDE \u2022 DIMETHICONE \u2022 GLYCINE SOJA OIL \/ SOYBEAN OIL \u2022 PPG-6-DECYLTETRADECETH-30 \u2022 SODIUM HYALURONATE RETINOL \u2022 ADENOSINE \u2022 AMMONIUM POLYACRYLOYLDIMETHYL \u2022 TAURATE \u2022 CAPRYLYL GLYCOL \u2022 CITRIC ACID \u2022 TRISODIUM ETHYLENEDIAMINE DISUCCINATE \u2022 XANTHAN GUM \u2022 POLYS ILICONE-11 \u2022 RETINYL PALMITATE TOCOPHEROL \u2022 PHENOXYETHANOL \u2022 PARFUM \/ FRAGRANCE.<\/p>\n","protected":false},"excerpt":{"rendered":"<p>Serum la roche posay anti edad retinol b3 &#8211; 30ml 30ml serum anti edad retinol b3 ayuda a la piel a verse m\u00e1s suave y m\u00e1s luminosa al instante. Progresivamente la piel recupera la firmeza y se corrigen los signos del fotoenvejecimiento: arrugas profundas, l\u00edneas finas y tez irregular.<\/p>\n","protected":false},"featured_media":9756,"template":"","meta":{"site-sidebar-layout":"default","site-content-layout":"","ast-site-content-layout":"default","site-content-style":"default","site-sidebar-style":"default","ast-global-header-display":"","ast-banner-title-visibility":"","ast-main-header-display":"","ast-hfb-above-header-display":"","ast-hfb-below-header-display":"","ast-hfb-mobile-header-display":"","site-post-title":"","ast-breadcrumbs-content":"","ast-featured-img":"","footer-sml-layout":"","ast-disable-related-posts":"","theme-transparent-header-meta":"","adv-header-id-meta":"","stick-header-meta":"","header-above-stick-meta":"","header-main-stick-meta":"","header-below-stick-meta":"","astra-migrate-meta-layouts":"default","ast-page-background-enabled":"default","ast-page-background-meta":{"desktop":{"background-color":"var(--ast-global-color-5)","background-image":"","background-repeat":"repeat","background-position":"center center","background-size":"auto","background-attachment":"scroll","background-type":"","background-media":"","overlay-type":"","overlay-color":"","overlay-opacity":"","overlay-gradient":""},"tablet":{"background-color":"","background-image":"","background-repeat":"repeat","background-position":"center center","background-size":"auto","background-attachment":"scroll","background-type":"","background-media":"","overlay-type":"","overlay-color":"","overlay-opacity":"","overlay-gradient":""},"mobile":{"background-color":"","background-image":"","background-repeat":"repeat","background-position":"center center","background-size":"auto","background-attachment":"scroll","background-type":"","background-media":"","overlay-type":"","overlay-color":"","overlay-opacity":"","overlay-gradient":""}},"ast-content-background-meta":{"desktop":{"background-color":"var(--ast-global-color-4)","background-image":"","background-repeat":"repeat","background-position":"center center","background-size":"auto","background-attachment":"scroll","background-type":"","background-media":"","overlay-type":"","overlay-color":"","overlay-opacity":"","overlay-gradient":""},"tablet":{"background-color":"var(--ast-global-color-4)","background-image":"","background-repeat":"repeat","background-position":"center center","background-size":"auto","background-attachment":"scroll","background-type":"","background-media":"","overlay-type":"","overlay-color":"","overlay-opacity":"","overlay-gradient":""},"mobile":{"background-color":"var(--ast-global-color-4)","background-image":"","background-repeat":"repeat","background-position":"center center","background-size":"auto","background-attachment":"scroll","background-type":"","background-media":"","overlay-type":"","overlay-color":"","overlay-opacity":"","overlay-gradient":""}}},"product_brand":[],"product_cat":[214,215],"product_tag":[230,225,231,223,228,234],"class_list":{"0":"post-14390","1":"product","2":"type-product","3":"status-publish","4":"has-post-thumbnail","6":"product_cat-dermo","7":"product_cat-la-roche-posay","8":"product_tag-anti-edad","9":"product_tag-anti-manchas","10":"product_tag-cuidado-facial","11":"product_tag-piel-mixta","12":"product_tag-piel-normal","13":"product_tag-piel-seca","14":"desktop-align-left","15":"tablet-align-left","16":"mobile-align-left","17":"ast-product-gallery-layout-horizontal-slider","18":"ast-product-gallery-with-no-image","19":"ast-product-tabs-layout-horizontal","21":"first","22":"instock","23":"sale","24":"shipping-taxable","25":"purchasable","26":"product-type-simple"},"_links":{"self":[{"href":"http:\/\/vanttive.com\/index.php?rest_route=\/wp\/v2\/product\/14390","targetHints":{"allow":["GET"]}}],"collection":[{"href":"http:\/\/vanttive.com\/index.php?rest_route=\/wp\/v2\/product"}],"about":[{"href":"http:\/\/vanttive.com\/index.php?rest_route=\/wp\/v2\/types\/product"}],"wp:featuredmedia":[{"embeddable":true,"href":"http:\/\/vanttive.com\/index.php?rest_route=\/wp\/v2\/media\/9756"}],"wp:attachment":[{"href":"http:\/\/vanttive.com\/index.php?rest_route=%2Fwp%2Fv2%2Fmedia&parent=14390"}],"wp:term":[{"taxonomy":"product_brand","embeddable":true,"href":"http:\/\/vanttive.com\/index.php?rest_route=%2Fwp%2Fv2%2Fproduct_brand&post=14390"},{"taxonomy":"product_cat","embeddable":true,"href":"http:\/\/vanttive.com\/index.php?rest_route=%2Fwp%2Fv2%2Fproduct_cat&post=14390"},{"taxonomy":"product_tag","embeddable":true,"href":"http:\/\/vanttive.com\/index.php?rest_route=%2Fwp%2Fv2%2Fproduct_tag&post=14390"}],"curies":[{"name":"wp","href":"https:\/\/api.w.org\/{rel}","templated":true}]}}