{"id":14391,"date":"2023-08-20T01:13:01","date_gmt":"2023-08-20T06:13:01","guid":{"rendered":"https:\/\/www.vanttive.com\/producto\/redermic-retinol-crema-facial-30ml\/"},"modified":"2023-08-20T01:13:01","modified_gmt":"2023-08-20T06:13:01","slug":"redermic-retinol-crema-facial-30ml","status":"publish","type":"product","link":"http:\/\/vanttive.com\/?product=redermic-retinol-crema-facial-30ml","title":{"rendered":"Redermic retinol crema facial 30ml"},"content":{"rendered":"<p>REDERMIC Retinol Concentrado reduce las arrugas profundas y suaviza la epidermis. Adem\u00e1s unifica la tez y reduce las manchas de la edad, arrugas prematuras y tono irregular de la piel.<br \/>\nCrema facial de textura muy fluida, no pegajosa, se funde en la piel inmediatamente despu\u00e9s de aplicada. La punta en forma de c\u00e1nula permite dirigir la aplicaci\u00f3n para una correcci\u00f3n intensa. Excelente base para el maquillaje. Con Agua Termal de La Roche-Posay.<\/p>\n<p>Tipo de piel: Piel seca, normal o mixta.<\/p>\n<p>Beneficios: REDERMIC Retinol Concentrado est\u00e1 formulado con un complejo exclusivo que asocia Retinol puro y Retinol de Liberaci\u00f3n Progresiva, para aportar una dosis significativa con \u00f3ptima eficacia y tolerancia para piel sensible. El retinol puro est\u00e1 considerado como uno de los principios activos m\u00e1s eficaces para combatir los signos del fotoenvejecimiento: arrugas acentuadas y manchas de la edad. El retinol de liberaci\u00f3n progresiva ayuda a mejorar la eficacia correctora anti arrugas respetando el umbral de tolerancia de la piel sensible.<\/p>\n<p>Modo de uso: Aplicar por la noche en rostro y cuello.<\/p>\n<p>Ingredientes:<br \/>\nAQUA \/ WATER \u2022 ISOSTEARYL NEOPENTANOATE \u2022 HYDROXYETHYLPIPERAZINE ETHANE SULFONIC ACID \u2022 GLYCERIN \u2022 PROPYLENE GLYCOL \u2022 OCTYLDODECANOL \u2022 PENTYLENE GLYCOL \u2022 ACRYLAMIDE \/ SODIUM ACRYLOYLDIMETHYLTAURATE COPOLYMER \u2022 CETEARYL ALCOHOL \u2022 POLYSORBATE 20 \u2022 GLYCINE SOJA OIL \/ SOYBEAN OIL \u2022 SORBITAN OLEATE \u2022 ISOHEXADECANE \u2022 SODIUM HYALURONATE \u2022 SODIUM HYDROXIDE \u2022 RETINOL \u2022 ADENOSINE \u2022 DISODIUM \u2022 EDTA \u2022 CAPRYLYL GLYCOL \u2022 ACETYL DIPEPTIDE-1 CETYL ESTER \u2022 TOLUENE SULFONIC ACID \u2022 POLYSORBATE 80 \u2022 RETINYL PALMITATE \u2022 TOCOPHEROL \u2022 PHENOXYETHANOL \u2022 PARFUM \/ FRAGRANCE.<\/p>\n","protected":false},"excerpt":{"rendered":"<p>Corrector dermatol\u00f3gico antiedad intensivo, que reduce cl\u00ednicamente las arrugas acentuadas, las manchas prematuras y la irregularidad del tono con retinol. Apto para pieles sensibles. Textura ligera.<\/p>\n","protected":false},"featured_media":9755,"template":"","meta":{"site-sidebar-layout":"default","site-content-layout":"","ast-site-content-layout":"default","site-content-style":"default","site-sidebar-style":"default","ast-global-header-display":"","ast-banner-title-visibility":"","ast-main-header-display":"","ast-hfb-above-header-display":"","ast-hfb-below-header-display":"","ast-hfb-mobile-header-display":"","site-post-title":"","ast-breadcrumbs-content":"","ast-featured-img":"","footer-sml-layout":"","ast-disable-related-posts":"","theme-transparent-header-meta":"","adv-header-id-meta":"","stick-header-meta":"","header-above-stick-meta":"","header-main-stick-meta":"","header-below-stick-meta":"","astra-migrate-meta-layouts":"default","ast-page-background-enabled":"default","ast-page-background-meta":{"desktop":{"background-color":"var(--ast-global-color-5)","background-image":"","background-repeat":"repeat","background-position":"center center","background-size":"auto","background-attachment":"scroll","background-type":"","background-media":"","overlay-type":"","overlay-color":"","overlay-opacity":"","overlay-gradient":""},"tablet":{"background-color":"","background-image":"","background-repeat":"repeat","background-position":"center center","background-size":"auto","background-attachment":"scroll","background-type":"","background-media":"","overlay-type":"","overlay-color":"","overlay-opacity":"","overlay-gradient":""},"mobile":{"background-color":"","background-image":"","background-repeat":"repeat","background-position":"center center","background-size":"auto","background-attachment":"scroll","background-type":"","background-media":"","overlay-type":"","overlay-color":"","overlay-opacity":"","overlay-gradient":""}},"ast-content-background-meta":{"desktop":{"background-color":"var(--ast-global-color-4)","background-image":"","background-repeat":"repeat","background-position":"center center","background-size":"auto","background-attachment":"scroll","background-type":"","background-media":"","overlay-type":"","overlay-color":"","overlay-opacity":"","overlay-gradient":""},"tablet":{"background-color":"var(--ast-global-color-4)","background-image":"","background-repeat":"repeat","background-position":"center center","background-size":"auto","background-attachment":"scroll","background-type":"","background-media":"","overlay-type":"","overlay-color":"","overlay-opacity":"","overlay-gradient":""},"mobile":{"background-color":"var(--ast-global-color-4)","background-image":"","background-repeat":"repeat","background-position":"center center","background-size":"auto","background-attachment":"scroll","background-type":"","background-media":"","overlay-type":"","overlay-color":"","overlay-opacity":"","overlay-gradient":""}}},"product_brand":[],"product_cat":[214,215],"product_tag":[230,225,231,223,228,234],"class_list":{"0":"post-14391","1":"product","2":"type-product","3":"status-publish","4":"has-post-thumbnail","6":"product_cat-dermo","7":"product_cat-la-roche-posay","8":"product_tag-anti-edad","9":"product_tag-anti-manchas","10":"product_tag-cuidado-facial","11":"product_tag-piel-mixta","12":"product_tag-piel-normal","13":"product_tag-piel-seca","14":"desktop-align-left","15":"tablet-align-left","16":"mobile-align-left","17":"ast-product-gallery-layout-horizontal-slider","18":"ast-product-gallery-with-no-image","19":"ast-product-tabs-layout-horizontal","21":"first","22":"instock","23":"sale","24":"shipping-taxable","25":"purchasable","26":"product-type-simple"},"_links":{"self":[{"href":"http:\/\/vanttive.com\/index.php?rest_route=\/wp\/v2\/product\/14391","targetHints":{"allow":["GET"]}}],"collection":[{"href":"http:\/\/vanttive.com\/index.php?rest_route=\/wp\/v2\/product"}],"about":[{"href":"http:\/\/vanttive.com\/index.php?rest_route=\/wp\/v2\/types\/product"}],"wp:featuredmedia":[{"embeddable":true,"href":"http:\/\/vanttive.com\/index.php?rest_route=\/wp\/v2\/media\/9755"}],"wp:attachment":[{"href":"http:\/\/vanttive.com\/index.php?rest_route=%2Fwp%2Fv2%2Fmedia&parent=14391"}],"wp:term":[{"taxonomy":"product_brand","embeddable":true,"href":"http:\/\/vanttive.com\/index.php?rest_route=%2Fwp%2Fv2%2Fproduct_brand&post=14391"},{"taxonomy":"product_cat","embeddable":true,"href":"http:\/\/vanttive.com\/index.php?rest_route=%2Fwp%2Fv2%2Fproduct_cat&post=14391"},{"taxonomy":"product_tag","embeddable":true,"href":"http:\/\/vanttive.com\/index.php?rest_route=%2Fwp%2Fv2%2Fproduct_tag&post=14391"}],"curies":[{"name":"wp","href":"https:\/\/api.w.org\/{rel}","templated":true}]}}