{"id":14393,"date":"2023-08-20T01:13:02","date_gmt":"2023-08-20T06:13:02","guid":{"rendered":"https:\/\/www.vanttive.com\/producto\/limpiador-crem-espuma-hidrat-236ml\/"},"modified":"2023-08-20T01:13:02","modified_gmt":"2023-08-20T06:13:02","slug":"limpiador-crem-espuma-hidrat-236ml","status":"publish","type":"product","link":"http:\/\/vanttive.com\/?product=limpiador-crem-espuma-hidrat-236ml","title":{"rendered":"Limpiador crem espuma hidrat 236ml"},"content":{"rendered":"<p>Gel Limpiador espumoso de CeraVe, crea espuma suave para limpiar profundamente el rostro y el cuerpo.<br \/>\nDisfruta de los beneficios de una crema limpiadora hidratante que hidrata y tiene una f\u00f3rmula espumante de higiene al agua que proporciona una sensaci\u00f3n refrescante en la piel, todo en un solo producto.<\/p>\n<p>Tipo de piel: Normal a Seca.<\/p>\n<p>Beneficios:<br \/>\n-Desmaquillante en crema para piel normal y seca: Olv\u00eddate tanto de los discos de algod\u00f3n como de las toallitas y adem\u00e1s ahorra tiempo en tu rutina. Cream to foam es un limpiador suave que desmaquilla sin irritar la barrera de la piel.<br \/>\n-Elimina f\u00e1cilmente los restos de maquillaje , suciedad y grasa<br \/>\nContiene Ceramidas: Ayudan a restaurar y mantener la barrera natural de la piel.<br \/>\n-\u00c1cido Hialur\u00f3nico: Ayuda a mantener la hidrataci\u00f3n natural de la piel.<br \/>\n-Amino\u00e1cidos: Ayudan a mantener los Factores de Hidrataci\u00f3n Natural de la piel, conocidos por atraer y retener hidrataci\u00f3n.<br \/>\n-Tecnolog\u00eda MVE : Este patentado sistema de liberaci\u00f3n continua libera gradualmente ingredientes hidratantes a lo largo del tiempo.<br \/>\n-Adecuado para piel normal a seca, piel sensible y usuarios de lentes de contacto.<br \/>\n-No comedog\u00e9nico, sin perfume, testado dermatol\u00f3gicamente y pH equilibrado.<\/p>\n<p>Modo de uso: Aplicar en rostro y el cuerpo, sin alterar la barrera natural de la piel.<\/p>\n<p>Ingredientes:<br \/>\nAqua \/ Water \/ Eau, Glycerin, Sodium Methyl Cocoyl Taurate, Coco-Betaine, Sodium Cocoyl Isethionate, Sodium Chloride, Pca, Ppg-5-Ceteth-20, Peg-100 Stearate, Peg-150 Pentaerythrityl Tetrastearate, Peg-6 Caprylic\/Capric, Glycerides, Peg-30 Dipolyhydroxystearate, Ci 77891 \/ Titanium Dioxide, Aspartic Acid, Ceramide Np, Ceramide Ap, Ceramide Eop, Sorbitan Isostearate, Carbomer, Glycol Distearate, Glyceryl Stearate, Glyceryl Oleate, Glycine, Trideceth-6, Cetearyl Alcohol, Behentrimonium Methosulfate, Threonine, Sodium Hydroxide, Salicylic Acid, Sodium Pca, Sodium Lactate, Arginine, Sodium Lauroyl, Lactylate, Serine, Sodium Benzoate, Valine, Sodium Hyaluronate, Proline, Isoleucine, Cholesterol, Phenoxyethanol, Alanine, Phenylalanine, Coconut Acid, Coco-Glucoside, Chlorphenesin, Disodium Edta, Hydroxyethyl Urea, Citric Acid, Hydroxyethyl Acrylate\/Sodium Acryloyldimethyl Taurate Copolymer, Caprylyl Glycol, Phytosphingosine, Xanthan Gum, Histidine, Acrylates\/C10-30 Alkyl Acrylate Crosspolymer, Polyquaternium-53, Polyquaternium-39, Polysorbate 60, Ethylhexylglycerin, Benzoic Acid.<\/p>\n","protected":false},"excerpt":{"rendered":"<p>Crema limpiadora espumosa para piel normal a seca.<\/p>\n","protected":false},"featured_media":9772,"template":"","meta":{"site-sidebar-layout":"default","site-content-layout":"","ast-site-content-layout":"default","site-content-style":"default","site-sidebar-style":"default","ast-global-header-display":"","ast-banner-title-visibility":"","ast-main-header-display":"","ast-hfb-above-header-display":"","ast-hfb-below-header-display":"","ast-hfb-mobile-header-display":"","site-post-title":"","ast-breadcrumbs-content":"","ast-featured-img":"","footer-sml-layout":"","ast-disable-related-posts":"","theme-transparent-header-meta":"","adv-header-id-meta":"","stick-header-meta":"","header-above-stick-meta":"","header-main-stick-meta":"","header-below-stick-meta":"","astra-migrate-meta-layouts":"default","ast-page-background-enabled":"default","ast-page-background-meta":{"desktop":{"background-color":"var(--ast-global-color-5)","background-image":"","background-repeat":"repeat","background-position":"center center","background-size":"auto","background-attachment":"scroll","background-type":"","background-media":"","overlay-type":"","overlay-color":"","overlay-opacity":"","overlay-gradient":""},"tablet":{"background-color":"","background-image":"","background-repeat":"repeat","background-position":"center center","background-size":"auto","background-attachment":"scroll","background-type":"","background-media":"","overlay-type":"","overlay-color":"","overlay-opacity":"","overlay-gradient":""},"mobile":{"background-color":"","background-image":"","background-repeat":"repeat","background-position":"center center","background-size":"auto","background-attachment":"scroll","background-type":"","background-media":"","overlay-type":"","overlay-color":"","overlay-opacity":"","overlay-gradient":""}},"ast-content-background-meta":{"desktop":{"background-color":"var(--ast-global-color-4)","background-image":"","background-repeat":"repeat","background-position":"center center","background-size":"auto","background-attachment":"scroll","background-type":"","background-media":"","overlay-type":"","overlay-color":"","overlay-opacity":"","overlay-gradient":""},"tablet":{"background-color":"var(--ast-global-color-4)","background-image":"","background-repeat":"repeat","background-position":"center center","background-size":"auto","background-attachment":"scroll","background-type":"","background-media":"","overlay-type":"","overlay-color":"","overlay-opacity":"","overlay-gradient":""},"mobile":{"background-color":"var(--ast-global-color-4)","background-image":"","background-repeat":"repeat","background-position":"center center","background-size":"auto","background-attachment":"scroll","background-type":"","background-media":"","overlay-type":"","overlay-color":"","overlay-opacity":"","overlay-gradient":""}}},"product_brand":[],"product_cat":[220,214],"product_tag":[241,221,233,228,234,235],"class_list":{"0":"post-14393","1":"product","2":"type-product","3":"status-publish","4":"has-post-thumbnail","6":"product_cat-cerave","7":"product_cat-dermo","8":"product_tag-desmaquillantes","9":"product_tag-limpiadores-faciales","10":"product_tag-piel-atopica","11":"product_tag-piel-normal","12":"product_tag-piel-seca","13":"product_tag-piel-sensible","14":"desktop-align-left","15":"tablet-align-left","16":"mobile-align-left","17":"ast-product-gallery-layout-horizontal-slider","18":"ast-product-gallery-with-no-image","19":"ast-product-tabs-layout-horizontal","21":"first","22":"instock","23":"sale","24":"shipping-taxable","25":"purchasable","26":"product-type-simple"},"_links":{"self":[{"href":"http:\/\/vanttive.com\/index.php?rest_route=\/wp\/v2\/product\/14393","targetHints":{"allow":["GET"]}}],"collection":[{"href":"http:\/\/vanttive.com\/index.php?rest_route=\/wp\/v2\/product"}],"about":[{"href":"http:\/\/vanttive.com\/index.php?rest_route=\/wp\/v2\/types\/product"}],"wp:featuredmedia":[{"embeddable":true,"href":"http:\/\/vanttive.com\/index.php?rest_route=\/wp\/v2\/media\/9772"}],"wp:attachment":[{"href":"http:\/\/vanttive.com\/index.php?rest_route=%2Fwp%2Fv2%2Fmedia&parent=14393"}],"wp:term":[{"taxonomy":"product_brand","embeddable":true,"href":"http:\/\/vanttive.com\/index.php?rest_route=%2Fwp%2Fv2%2Fproduct_brand&post=14393"},{"taxonomy":"product_cat","embeddable":true,"href":"http:\/\/vanttive.com\/index.php?rest_route=%2Fwp%2Fv2%2Fproduct_cat&post=14393"},{"taxonomy":"product_tag","embeddable":true,"href":"http:\/\/vanttive.com\/index.php?rest_route=%2Fwp%2Fv2%2Fproduct_tag&post=14393"}],"curies":[{"name":"wp","href":"https:\/\/api.w.org\/{rel}","templated":true}]}}