{"id":14394,"date":"2023-08-20T01:13:03","date_gmt":"2023-08-20T06:13:03","guid":{"rendered":"https:\/\/www.vanttive.com\/producto\/limpiador-hidratante-236ml\/"},"modified":"2023-08-20T01:13:03","modified_gmt":"2023-08-20T06:13:03","slug":"limpiador-hidratante-236ml","status":"publish","type":"product","link":"http:\/\/vanttive.com\/?product=limpiador-hidratante-236ml","title":{"rendered":"Limpiador hidratante 236ml"},"content":{"rendered":"<p>La crema limpiadora de CeraVe es el limpiador facial id\u00f3neo para piel seca o normal, que limpia en profundidad y aporta el cuidado m\u00e1s adecuado para el piel del rostro o del cuerpo. Sin perfume ni espuma. <\/p>\n<p>Tipo de piel: Piel seca a normal.<\/p>\n<p>Beneficios: Para las pieles m\u00e1s delicadas. Elimina el exceso de grasa, la suciedad y el maquillaje,  refresca y limpia suavemente. Con una textura suave y cremosa. Adem\u00e1s, al haber sido desarrollado con una f\u00f3rmula no comedog\u00e9nica no deja residuos sobre la piel y esta se mantiene limpia, hidratada y con un aspecto saludable durante todo el d\u00eda.<\/p>\n<p>La Tecnolog\u00eda MVE\u00ae de CeraVe ha sido desarrollada por dermat\u00f3logos a base de un complejo de 3 ceramidas esenciales para la piel. Estos componentes no solo penetran en profundidad, sino que liberan ingredientes hidratantes durante todo el d\u00eda para, capa a capa, reforzar los niveles de hidrataci\u00f3n de la piel y reforzar su barrera natural.<br \/>\nEl \u00e1cido hialur\u00f3nico, tambi\u00e9n presente en esta crema limpiadora, se encarga de mantener los niveles de hidrataci\u00f3n durante el mayor tiempo posible para que la piel luzca suave y sana todo el d\u00eda. <\/p>\n<p>Modo de uso: Aplica el limpiador hidratante sobre la piel mojada, tanto por la cara como por el cuerpo, para observar sus resultados. <\/p>\n<p>Ingredientes:<br \/>\nAQUA\/WATER, GLYCERIN, CETEARYL ALCOHOL, PHENOXYETHANOL, STEARYL ALCOHOL, CETYL ALCOHOL, PEG-40 STEARATE, BEHENTRIMONIUM METHOSULFATE, GLYCERYL STEARATE, POLYSORBATE 20, ETHYLHEXYLGLYCERIN, POTASSIUM PHOSPHATE, DISODIUM EDTA, DIPOTASSIUM PHOSPHATE, SODIUM LAUROYL LACTYLATE, CERAMIDE NP, CERAMIDE AP, PHYTOSPHINGOSINE, CHOLESTEROL, SODIUM HYALURONATE, XANTHAN GUM, CARBOMER, TOCOPHEROL, CERAMIDE EOP.<\/p>\n","protected":false},"excerpt":{"rendered":"<p>Limpiador facial id\u00f3neo para piel seca o normal, que limpia en profundidad y aporta el cuidado m\u00e1s adecuado para el piel del rostro o del cuerpo.<\/p>\n","protected":false},"featured_media":9763,"template":"","meta":{"site-sidebar-layout":"default","site-content-layout":"","ast-site-content-layout":"default","site-content-style":"default","site-sidebar-style":"default","ast-global-header-display":"","ast-banner-title-visibility":"","ast-main-header-display":"","ast-hfb-above-header-display":"","ast-hfb-below-header-display":"","ast-hfb-mobile-header-display":"","site-post-title":"","ast-breadcrumbs-content":"","ast-featured-img":"","footer-sml-layout":"","ast-disable-related-posts":"","theme-transparent-header-meta":"","adv-header-id-meta":"","stick-header-meta":"","header-above-stick-meta":"","header-main-stick-meta":"","header-below-stick-meta":"","astra-migrate-meta-layouts":"default","ast-page-background-enabled":"default","ast-page-background-meta":{"desktop":{"background-color":"var(--ast-global-color-5)","background-image":"","background-repeat":"repeat","background-position":"center center","background-size":"auto","background-attachment":"scroll","background-type":"","background-media":"","overlay-type":"","overlay-color":"","overlay-opacity":"","overlay-gradient":""},"tablet":{"background-color":"","background-image":"","background-repeat":"repeat","background-position":"center center","background-size":"auto","background-attachment":"scroll","background-type":"","background-media":"","overlay-type":"","overlay-color":"","overlay-opacity":"","overlay-gradient":""},"mobile":{"background-color":"","background-image":"","background-repeat":"repeat","background-position":"center center","background-size":"auto","background-attachment":"scroll","background-type":"","background-media":"","overlay-type":"","overlay-color":"","overlay-opacity":"","overlay-gradient":""}},"ast-content-background-meta":{"desktop":{"background-color":"var(--ast-global-color-4)","background-image":"","background-repeat":"repeat","background-position":"center center","background-size":"auto","background-attachment":"scroll","background-type":"","background-media":"","overlay-type":"","overlay-color":"","overlay-opacity":"","overlay-gradient":""},"tablet":{"background-color":"var(--ast-global-color-4)","background-image":"","background-repeat":"repeat","background-position":"center center","background-size":"auto","background-attachment":"scroll","background-type":"","background-media":"","overlay-type":"","overlay-color":"","overlay-opacity":"","overlay-gradient":""},"mobile":{"background-color":"var(--ast-global-color-4)","background-image":"","background-repeat":"repeat","background-position":"center center","background-size":"auto","background-attachment":"scroll","background-type":"","background-media":"","overlay-type":"","overlay-color":"","overlay-opacity":"","overlay-gradient":""}}},"product_brand":[],"product_cat":[220,214],"product_tag":[226,221,233,228,234,235],"class_list":{"0":"post-14394","1":"product","2":"type-product","3":"status-publish","4":"has-post-thumbnail","6":"product_cat-cerave","7":"product_cat-dermo","8":"product_tag-limpiadores-corporales","9":"product_tag-limpiadores-faciales","10":"product_tag-piel-atopica","11":"product_tag-piel-normal","12":"product_tag-piel-seca","13":"product_tag-piel-sensible","14":"desktop-align-left","15":"tablet-align-left","16":"mobile-align-left","17":"ast-product-gallery-layout-horizontal-slider","18":"ast-product-gallery-with-no-image","19":"ast-product-tabs-layout-horizontal","21":"first","22":"instock","23":"sale","24":"shipping-taxable","25":"purchasable","26":"product-type-simple"},"_links":{"self":[{"href":"http:\/\/vanttive.com\/index.php?rest_route=\/wp\/v2\/product\/14394","targetHints":{"allow":["GET"]}}],"collection":[{"href":"http:\/\/vanttive.com\/index.php?rest_route=\/wp\/v2\/product"}],"about":[{"href":"http:\/\/vanttive.com\/index.php?rest_route=\/wp\/v2\/types\/product"}],"wp:featuredmedia":[{"embeddable":true,"href":"http:\/\/vanttive.com\/index.php?rest_route=\/wp\/v2\/media\/9763"}],"wp:attachment":[{"href":"http:\/\/vanttive.com\/index.php?rest_route=%2Fwp%2Fv2%2Fmedia&parent=14394"}],"wp:term":[{"taxonomy":"product_brand","embeddable":true,"href":"http:\/\/vanttive.com\/index.php?rest_route=%2Fwp%2Fv2%2Fproduct_brand&post=14394"},{"taxonomy":"product_cat","embeddable":true,"href":"http:\/\/vanttive.com\/index.php?rest_route=%2Fwp%2Fv2%2Fproduct_cat&post=14394"},{"taxonomy":"product_tag","embeddable":true,"href":"http:\/\/vanttive.com\/index.php?rest_route=%2Fwp%2Fv2%2Fproduct_tag&post=14394"}],"curies":[{"name":"wp","href":"https:\/\/api.w.org\/{rel}","templated":true}]}}