{"id":14396,"date":"2023-08-20T01:13:04","date_gmt":"2023-08-20T06:13:04","guid":{"rendered":"https:\/\/www.vanttive.com\/producto\/lipikar-baume-ap-200ml\/"},"modified":"2023-08-20T01:13:04","modified_gmt":"2023-08-20T06:13:04","slug":"lipikar-baume-ap-200ml","status":"publish","type":"product","link":"http:\/\/vanttive.com\/?product=lipikar-baume-ap-200ml","title":{"rendered":"Lipikar baume ap+ 200ml"},"content":{"rendered":"<p>LIPIKAR Baume AP+M ayuda a reequilibrar el Microbioma de la piel con un nuevo tubo m\u00e1s respetuoso con el medioambiente. Calma la piel inmediatamente y reduce la necesidad de rascado. Gracias a su eficacia anti-reaparici\u00f3n, ayuda a espaciar los brotes de sequedad severa. Nutre la piel y ayuda a restaurar la barrera cut\u00e1nea. <\/p>\n<p>Tipo de piel: Formulado para beb\u00e9s, ni\u00f1os y adultos, con la piel muy seca o con tendencia al eczema at\u00f3pico o a alergias.<\/p>\n<p>Beneficios: Textura de r\u00e1pida absorci\u00f3n para facilitar y acelerar su aplicaci\u00f3n diaria. Acabado no graso ni pegajoso. Formulado con Agua Termal de La Roche-Posay.<\/p>\n<p>Modo de uso: Aplicar una vez al d\u00eda en el rostro y en el cuerpo. Para obtener mejores resultados, usar combin\u00e1ndolo con un limpiador suave como LIPIKAR Syndet AP+ o LIPIKAR Huile Lavante AP+.<\/p>\n<p>Ingredientes:<br \/>\nAQUA \/ WATER \u2022 BUTYROSPERMUM PARKII BUTTER \/ SHEA BUTTER \u2022 GLYCERIN \u2022 DIMETHICONE \u2022 NIACINAMIDE \u2022 CETEARYL ALCOHOL \u2022 BRASSICA CAMPESTRIS SEED OIL \/ RAPESEED SEED OIL \u2022 GLYCERYL STEARATE \u2022 AMMONIUM POLYACRYLOYLDIMETHYL TAURATE \u2022 PEG-100 STEARATE \u2022 PROPANEDIOL \u2022 OPHIOPOGON JAPONICUS ROOT EXTRACT \u2022 PEG-20 METHYL GLUCOSE SESQUISTEARATE \u2022 SORBITAN TRISTEARATE \u2022 DIMETHICONOL \u2022 SODIUM CHLORIDE \u2022 MANNOSE \u2022 COCO-BETAINE \u2022 DISODIUM EDTA \u2022 CAPRYLOYL GLYCINE \u2022 CAPRYLYL GLYCOL \u2022 VITREOSCILLA FERMENT \u2022 CITRIC ACID \u2022 MALTODEXTRIN \u2022 XANTHAN GUM \u2022 TOCOPHEROL \u2022 PENTAERYTHRITYL.<\/p>\n","protected":false},"excerpt":{"rendered":"<p>Lipikar baume ap+m ayuda a reequilibrar el microbioma de la piel con un nuevo tubo m\u00e1s respetuoso con el medioambiente. <\/p>\n","protected":false},"featured_media":9744,"template":"","meta":{"site-sidebar-layout":"default","site-content-layout":"","ast-site-content-layout":"default","site-content-style":"default","site-sidebar-style":"default","ast-global-header-display":"","ast-banner-title-visibility":"","ast-main-header-display":"","ast-hfb-above-header-display":"","ast-hfb-below-header-display":"","ast-hfb-mobile-header-display":"","site-post-title":"","ast-breadcrumbs-content":"","ast-featured-img":"","footer-sml-layout":"","ast-disable-related-posts":"","theme-transparent-header-meta":"","adv-header-id-meta":"","stick-header-meta":"","header-above-stick-meta":"","header-main-stick-meta":"","header-below-stick-meta":"","astra-migrate-meta-layouts":"default","ast-page-background-enabled":"default","ast-page-background-meta":{"desktop":{"background-color":"var(--ast-global-color-5)","background-image":"","background-repeat":"repeat","background-position":"center center","background-size":"auto","background-attachment":"scroll","background-type":"","background-media":"","overlay-type":"","overlay-color":"","overlay-opacity":"","overlay-gradient":""},"tablet":{"background-color":"","background-image":"","background-repeat":"repeat","background-position":"center center","background-size":"auto","background-attachment":"scroll","background-type":"","background-media":"","overlay-type":"","overlay-color":"","overlay-opacity":"","overlay-gradient":""},"mobile":{"background-color":"","background-image":"","background-repeat":"repeat","background-position":"center center","background-size":"auto","background-attachment":"scroll","background-type":"","background-media":"","overlay-type":"","overlay-color":"","overlay-opacity":"","overlay-gradient":""}},"ast-content-background-meta":{"desktop":{"background-color":"var(--ast-global-color-4)","background-image":"","background-repeat":"repeat","background-position":"center center","background-size":"auto","background-attachment":"scroll","background-type":"","background-media":"","overlay-type":"","overlay-color":"","overlay-opacity":"","overlay-gradient":""},"tablet":{"background-color":"var(--ast-global-color-4)","background-image":"","background-repeat":"repeat","background-position":"center center","background-size":"auto","background-attachment":"scroll","background-type":"","background-media":"","overlay-type":"","overlay-color":"","overlay-opacity":"","overlay-gradient":""},"mobile":{"background-color":"var(--ast-global-color-4)","background-image":"","background-repeat":"repeat","background-position":"center center","background-size":"auto","background-attachment":"scroll","background-type":"","background-media":"","overlay-type":"","overlay-color":"","overlay-opacity":"","overlay-gradient":""}}},"product_brand":[],"product_cat":[214,215],"product_tag":[242,237,232,243,233,228,234,235],"class_list":{"0":"post-14396","1":"product","2":"type-product","3":"status-publish","4":"has-post-thumbnail","6":"product_cat-dermo","7":"product_cat-la-roche-posay","8":"product_tag-cuidado-corporal","9":"product_tag-hidratacion-corporal","10":"product_tag-hidratacion-facial","11":"product_tag-pediatrico","12":"product_tag-piel-atopica","13":"product_tag-piel-normal","14":"product_tag-piel-seca","15":"product_tag-piel-sensible","16":"desktop-align-left","17":"tablet-align-left","18":"mobile-align-left","19":"ast-product-gallery-layout-horizontal-slider","20":"ast-product-gallery-with-no-image","21":"ast-product-tabs-layout-horizontal","23":"first","24":"instock","25":"sale","26":"shipping-taxable","27":"purchasable","28":"product-type-simple"},"_links":{"self":[{"href":"http:\/\/vanttive.com\/index.php?rest_route=\/wp\/v2\/product\/14396","targetHints":{"allow":["GET"]}}],"collection":[{"href":"http:\/\/vanttive.com\/index.php?rest_route=\/wp\/v2\/product"}],"about":[{"href":"http:\/\/vanttive.com\/index.php?rest_route=\/wp\/v2\/types\/product"}],"wp:featuredmedia":[{"embeddable":true,"href":"http:\/\/vanttive.com\/index.php?rest_route=\/wp\/v2\/media\/9744"}],"wp:attachment":[{"href":"http:\/\/vanttive.com\/index.php?rest_route=%2Fwp%2Fv2%2Fmedia&parent=14396"}],"wp:term":[{"taxonomy":"product_brand","embeddable":true,"href":"http:\/\/vanttive.com\/index.php?rest_route=%2Fwp%2Fv2%2Fproduct_brand&post=14396"},{"taxonomy":"product_cat","embeddable":true,"href":"http:\/\/vanttive.com\/index.php?rest_route=%2Fwp%2Fv2%2Fproduct_cat&post=14396"},{"taxonomy":"product_tag","embeddable":true,"href":"http:\/\/vanttive.com\/index.php?rest_route=%2Fwp%2Fv2%2Fproduct_tag&post=14396"}],"curies":[{"name":"wp","href":"https:\/\/api.w.org\/{rel}","templated":true}]}}