{"id":14398,"date":"2023-08-20T01:13:05","date_gmt":"2023-08-20T06:13:05","guid":{"rendered":"https:\/\/www.vanttive.com\/producto\/lipikar-gel-bano-syndet-ap-200ml\/"},"modified":"2023-08-20T01:13:05","modified_gmt":"2023-08-20T06:13:05","slug":"lipikar-gel-bano-syndet-ap-200ml","status":"publish","type":"product","link":"http:\/\/vanttive.com\/?product=lipikar-gel-bano-syndet-ap-200ml","title":{"rendered":"Lipikar gel ba\u00f1o syndet ap+ 200ml"},"content":{"rendered":"<p>Lipikar SYNDET AP+\u00a0es una crema limpiadora para reci\u00e9n nacidos, beb\u00e9s, ni\u00f1os y adultos con piel con tendencia al eczema at\u00f3pico. Calma inmediatamente la piel y ayuda a reducir la sequedad severa desde la ducha.<\/p>\n<p>Tipo de piel: Apta para pieles sensibles con tendencia a sufrir picores.<\/p>\n<p>Beneficios: Gel en crema envolvente que protege la piel a la vez que la limpia. Sin fragancia. Apta para el cuero cabelludo de los beb\u00e9s y para usarla sobre la costra l\u00e1ctea.<\/p>\n<p>Modo de uso: Aplica el producto sobre la piel h\u00fameda. Masajea suavemente. Aclara. No pica en los ojos.<\/p>\n<p>Ingredientes:<br \/>\nAQUA \/ WATER \u2022 GLYCERIN \u2022 SODIUM LAURETH SULFATE \u2022 PEG-200 \u2022 HYDROGENATED GLYCERYL PALMATE \u2022 COCO-BETAINE \u2022 POLYSORBATE 20 \u2022 CITRIC ACID \u2022 PEG-7 \u2022 GLYCERYL COCOATE \u2022 NIACINAMIDE \u2022 ACRYLATES COPOLYMER \u2022 BUTYROSPERMUM PARKII BUTTER \/ SHEA BUTTER \u2022 COCAMIDE MEA \u2022 DISODIUM EDTA \u2022 GLYCOL DISTEARATE \u2022 MANNOSE \u2022 POLYQUATERNIUM-11 \u2022 SODIUM BENZOATE \u2022 SODIUM CHLORIDE \u2022 SODIUM HYDROXIDE \u2022 VITREOSCILLA FERMENT.<\/p>\n","protected":false},"excerpt":{"rendered":"<p>Lipikar syndet ap+\u00a0es una crema limpiadora para reci\u00e9n nacidos, beb\u00e9s, ni\u00f1os y adultos con piel con tendencia al eczema at\u00f3pico. Apta para pieles sensibles con tendencia a sufrir picores.<\/p>\n","protected":false},"featured_media":9747,"template":"","meta":{"site-sidebar-layout":"default","site-content-layout":"","ast-site-content-layout":"default","site-content-style":"default","site-sidebar-style":"default","ast-global-header-display":"","ast-banner-title-visibility":"","ast-main-header-display":"","ast-hfb-above-header-display":"","ast-hfb-below-header-display":"","ast-hfb-mobile-header-display":"","site-post-title":"","ast-breadcrumbs-content":"","ast-featured-img":"","footer-sml-layout":"","ast-disable-related-posts":"","theme-transparent-header-meta":"","adv-header-id-meta":"","stick-header-meta":"","header-above-stick-meta":"","header-main-stick-meta":"","header-below-stick-meta":"","astra-migrate-meta-layouts":"default","ast-page-background-enabled":"default","ast-page-background-meta":{"desktop":{"background-color":"var(--ast-global-color-5)","background-image":"","background-repeat":"repeat","background-position":"center center","background-size":"auto","background-attachment":"scroll","background-type":"","background-media":"","overlay-type":"","overlay-color":"","overlay-opacity":"","overlay-gradient":""},"tablet":{"background-color":"","background-image":"","background-repeat":"repeat","background-position":"center center","background-size":"auto","background-attachment":"scroll","background-type":"","background-media":"","overlay-type":"","overlay-color":"","overlay-opacity":"","overlay-gradient":""},"mobile":{"background-color":"","background-image":"","background-repeat":"repeat","background-position":"center center","background-size":"auto","background-attachment":"scroll","background-type":"","background-media":"","overlay-type":"","overlay-color":"","overlay-opacity":"","overlay-gradient":""}},"ast-content-background-meta":{"desktop":{"background-color":"var(--ast-global-color-4)","background-image":"","background-repeat":"repeat","background-position":"center center","background-size":"auto","background-attachment":"scroll","background-type":"","background-media":"","overlay-type":"","overlay-color":"","overlay-opacity":"","overlay-gradient":""},"tablet":{"background-color":"var(--ast-global-color-4)","background-image":"","background-repeat":"repeat","background-position":"center center","background-size":"auto","background-attachment":"scroll","background-type":"","background-media":"","overlay-type":"","overlay-color":"","overlay-opacity":"","overlay-gradient":""},"mobile":{"background-color":"var(--ast-global-color-4)","background-image":"","background-repeat":"repeat","background-position":"center center","background-size":"auto","background-attachment":"scroll","background-type":"","background-media":"","overlay-type":"","overlay-color":"","overlay-opacity":"","overlay-gradient":""}}},"product_brand":[],"product_cat":[214,215],"product_tag":[226,221,243,233,228,234,235],"class_list":{"0":"post-14398","1":"product","2":"type-product","3":"status-publish","4":"has-post-thumbnail","6":"product_cat-dermo","7":"product_cat-la-roche-posay","8":"product_tag-limpiadores-corporales","9":"product_tag-limpiadores-faciales","10":"product_tag-pediatrico","11":"product_tag-piel-atopica","12":"product_tag-piel-normal","13":"product_tag-piel-seca","14":"product_tag-piel-sensible","15":"desktop-align-left","16":"tablet-align-left","17":"mobile-align-left","18":"ast-product-gallery-layout-horizontal-slider","19":"ast-product-gallery-with-no-image","20":"ast-product-tabs-layout-horizontal","22":"first","23":"instock","24":"sale","25":"shipping-taxable","26":"purchasable","27":"product-type-simple"},"_links":{"self":[{"href":"http:\/\/vanttive.com\/index.php?rest_route=\/wp\/v2\/product\/14398","targetHints":{"allow":["GET"]}}],"collection":[{"href":"http:\/\/vanttive.com\/index.php?rest_route=\/wp\/v2\/product"}],"about":[{"href":"http:\/\/vanttive.com\/index.php?rest_route=\/wp\/v2\/types\/product"}],"wp:featuredmedia":[{"embeddable":true,"href":"http:\/\/vanttive.com\/index.php?rest_route=\/wp\/v2\/media\/9747"}],"wp:attachment":[{"href":"http:\/\/vanttive.com\/index.php?rest_route=%2Fwp%2Fv2%2Fmedia&parent=14398"}],"wp:term":[{"taxonomy":"product_brand","embeddable":true,"href":"http:\/\/vanttive.com\/index.php?rest_route=%2Fwp%2Fv2%2Fproduct_brand&post=14398"},{"taxonomy":"product_cat","embeddable":true,"href":"http:\/\/vanttive.com\/index.php?rest_route=%2Fwp%2Fv2%2Fproduct_cat&post=14398"},{"taxonomy":"product_tag","embeddable":true,"href":"http:\/\/vanttive.com\/index.php?rest_route=%2Fwp%2Fv2%2Fproduct_tag&post=14398"}],"curies":[{"name":"wp","href":"https:\/\/api.w.org\/{rel}","templated":true}]}}