{"id":14399,"date":"2023-08-20T01:13:06","date_gmt":"2023-08-20T06:13:06","guid":{"rendered":"https:\/\/www.vanttive.com\/producto\/lipikar-lait-locion-200ml\/"},"modified":"2023-08-20T01:13:06","modified_gmt":"2023-08-20T06:13:06","slug":"lipikar-lait-locion-200ml","status":"publish","type":"product","link":"http:\/\/vanttive.com\/?product=lipikar-lait-locion-200ml","title":{"rendered":"Lipikar lait loci\u00f3n 200ml"},"content":{"rendered":"<p>LIPIKAR LAIT UREA 5+ hidrata y repone l\u00edpidos. Adem\u00e1s, reduce la aspereza, descamaci\u00f3n, sequedad y malestar de la piel. Textura que se funde en la piel para una sensaci\u00f3n aterciopelada al tacto. No grasa ni pegajosa.<br \/>\nCon agua termal de La Roche-Posay.<\/p>\n<p>Tipo de piel: Piel seca, at\u00f3pica y sensible.<\/p>\n<p>Beneficios: LIPIKAR LAIT UREA 5+ est\u00e1 enriquecida con manteca de karit\u00e9, urea y agentes que favorecen la exfoliaci\u00f3n, reponen l\u00edpidos e hidratan, adem\u00e1s de suavizar la piel. Su tolerancia se prob\u00f3 en pieles con psoriasis y personas con diabetes.<br \/>\nAyuda a eliminar suavemente las c\u00e9lulas superficiales de la piel y:<br \/>\n&#8211; Disminuye el aspecto granulado de la piel, suaviza la aspereza de la piel del cuerpo.<br \/>\n&#8211; Refuerza la barrera cut\u00e1nea y calma el malestar de la piel.<br \/>\n-Se funde inmediatamente con la piel sin dejar una sensaci\u00f3n grasosa.<\/p>\n<p>Modo de uso: Aplicar una o dos veces al d\u00eda, con un suave masaje, preferentemente despu\u00e9s de la limpieza.<\/p>\n<p>Ingredientes:<br \/>\nAQUA \/WATER \u2022 BUTYROSPERMUM PARKII BUTTER \/ SHEA BUTTER \u2022 GLYCERIN \u2022 UREA \u2022 DIMETHICONE \u2022 SODIUM LACTATE \u2022 BRASSICA CAMPESTRIS SEED OIL \/ RAPESEED SEED OIL \u2022 DICAPRYLYL CARBONATE \u2022 CETEARYL ALCOHOL \u2022 PENTYLENE GLYCOL \u2022 PEG-100 STEARATE \u2022 GLYCERYL STEARATE \u2022 STEARIC ACID \u2022 GLYCINE \u2022 ALLANTOIN \u2022 SODIUM HYDROXIDE \u2022 MYRISTIC ACID \u2022 PALMITIC ACID \u2022 MANNOSE \u2022 HYDROXYETHYLPIPERAZINE ETHANE SULFONIC ACID \u2022 CAPRYLYL GLYCOL\u2022 CITRIC ACID \u2022 TRISODIUM ETHYLENEDIAMINE DISUCCINATE \u2022 XANTHAN GUM \u2022 ACRYLATES\/C10-30 ALKYL ACRYLATE CROSSPOLYMER \u2022 TOCOPHEROL \u2022 CHLORHEXIDINE DIGLUCONATE \u2022 PARFUM\/ FRAGRANCE.<\/p>\n","protected":false},"excerpt":{"rendered":"<p>Lipikar lait urea 5+ hidrata y repone l\u00edpidos. Adem\u00e1s, reduce la aspereza de la piel.<\/p>\n","protected":false},"featured_media":9746,"template":"","meta":{"site-sidebar-layout":"default","site-content-layout":"","ast-site-content-layout":"default","site-content-style":"default","site-sidebar-style":"default","ast-global-header-display":"","ast-banner-title-visibility":"","ast-main-header-display":"","ast-hfb-above-header-display":"","ast-hfb-below-header-display":"","ast-hfb-mobile-header-display":"","site-post-title":"","ast-breadcrumbs-content":"","ast-featured-img":"","footer-sml-layout":"","ast-disable-related-posts":"","theme-transparent-header-meta":"","adv-header-id-meta":"","stick-header-meta":"","header-above-stick-meta":"","header-main-stick-meta":"","header-below-stick-meta":"","astra-migrate-meta-layouts":"default","ast-page-background-enabled":"default","ast-page-background-meta":{"desktop":{"background-color":"var(--ast-global-color-5)","background-image":"","background-repeat":"repeat","background-position":"center center","background-size":"auto","background-attachment":"scroll","background-type":"","background-media":"","overlay-type":"","overlay-color":"","overlay-opacity":"","overlay-gradient":""},"tablet":{"background-color":"","background-image":"","background-repeat":"repeat","background-position":"center center","background-size":"auto","background-attachment":"scroll","background-type":"","background-media":"","overlay-type":"","overlay-color":"","overlay-opacity":"","overlay-gradient":""},"mobile":{"background-color":"","background-image":"","background-repeat":"repeat","background-position":"center center","background-size":"auto","background-attachment":"scroll","background-type":"","background-media":"","overlay-type":"","overlay-color":"","overlay-opacity":"","overlay-gradient":""}},"ast-content-background-meta":{"desktop":{"background-color":"var(--ast-global-color-4)","background-image":"","background-repeat":"repeat","background-position":"center center","background-size":"auto","background-attachment":"scroll","background-type":"","background-media":"","overlay-type":"","overlay-color":"","overlay-opacity":"","overlay-gradient":""},"tablet":{"background-color":"var(--ast-global-color-4)","background-image":"","background-repeat":"repeat","background-position":"center center","background-size":"auto","background-attachment":"scroll","background-type":"","background-media":"","overlay-type":"","overlay-color":"","overlay-opacity":"","overlay-gradient":""},"mobile":{"background-color":"var(--ast-global-color-4)","background-image":"","background-repeat":"repeat","background-position":"center center","background-size":"auto","background-attachment":"scroll","background-type":"","background-media":"","overlay-type":"","overlay-color":"","overlay-opacity":"","overlay-gradient":""}}},"product_brand":[],"product_cat":[214,215],"product_tag":[242,237,244,233,228,234,235],"class_list":{"0":"post-14399","1":"product","2":"type-product","3":"status-publish","4":"has-post-thumbnail","6":"product_cat-dermo","7":"product_cat-la-roche-posay","8":"product_tag-cuidado-corporal","9":"product_tag-hidratacion-corporal","10":"product_tag-pediatricos","11":"product_tag-piel-atopica","12":"product_tag-piel-normal","13":"product_tag-piel-seca","14":"product_tag-piel-sensible","15":"desktop-align-left","16":"tablet-align-left","17":"mobile-align-left","18":"ast-product-gallery-layout-horizontal-slider","19":"ast-product-gallery-with-no-image","20":"ast-product-tabs-layout-horizontal","22":"first","23":"instock","24":"sale","25":"shipping-taxable","26":"purchasable","27":"product-type-simple"},"_links":{"self":[{"href":"http:\/\/vanttive.com\/index.php?rest_route=\/wp\/v2\/product\/14399","targetHints":{"allow":["GET"]}}],"collection":[{"href":"http:\/\/vanttive.com\/index.php?rest_route=\/wp\/v2\/product"}],"about":[{"href":"http:\/\/vanttive.com\/index.php?rest_route=\/wp\/v2\/types\/product"}],"wp:featuredmedia":[{"embeddable":true,"href":"http:\/\/vanttive.com\/index.php?rest_route=\/wp\/v2\/media\/9746"}],"wp:attachment":[{"href":"http:\/\/vanttive.com\/index.php?rest_route=%2Fwp%2Fv2%2Fmedia&parent=14399"}],"wp:term":[{"taxonomy":"product_brand","embeddable":true,"href":"http:\/\/vanttive.com\/index.php?rest_route=%2Fwp%2Fv2%2Fproduct_brand&post=14399"},{"taxonomy":"product_cat","embeddable":true,"href":"http:\/\/vanttive.com\/index.php?rest_route=%2Fwp%2Fv2%2Fproduct_cat&post=14399"},{"taxonomy":"product_tag","embeddable":true,"href":"http:\/\/vanttive.com\/index.php?rest_route=%2Fwp%2Fv2%2Fproduct_tag&post=14399"}],"curies":[{"name":"wp","href":"https:\/\/api.w.org\/{rel}","templated":true}]}}