{"id":14403,"date":"2023-08-20T01:13:08","date_gmt":"2023-08-20T06:13:08","guid":{"rendered":"https:\/\/www.vanttive.com\/producto\/locion-facial-am-52ml\/"},"modified":"2023-08-20T01:13:08","modified_gmt":"2023-08-20T06:13:08","slug":"locion-facial-am-52ml","status":"publish","type":"product","link":"http:\/\/vanttive.com\/?product=locion-facial-am-52ml","title":{"rendered":"Locion facial am 52ml"},"content":{"rendered":"<p>Una loci\u00f3n hidratante de rostro ligera con fotoprotecci\u00f3n de amplio espectro SPF25, para una hidrataci\u00f3n diaria de pieles normales a secas.<br \/>\nComposici\u00f3n:  Fotoprotecci\u00f3n UV, Hidrataci\u00f3n que  Agua purificada, Ceramida 1, 3, 6-ll, \u00c1cido hialur\u00f3nico.<\/p>\n<p>Tipo de piel:<br \/>\nNormal a seca.<\/p>\n<p>Espec\u00edficamente formulada para hidratar la piel sensible normal a seca y expuesta a los rayos UV.<br \/>\nFotoprotecci\u00f3n de amplio espectro con SPF25 que proporciona protecci\u00f3n contra los rayos UVA y UVB mientras la f\u00f3rmula hidrata y ayuda a reparar la barrera protectora de la piel del rostro. Se aplica con facilidad y se seca con un acabado limpio.<\/p>\n<p>Beneficios: Dura todo el d\u00eda, ayuda a reparar la barrera natural de la piel.<br \/>\nUtiliza la tecnolog\u00eda patentada MVE\u00ae para ayudar a reponer las ceramidas y proporcionar una hidrataci\u00f3n controlada y de larga duraci\u00f3n.<br \/>\n&#8211; Hidrataci\u00f3n ligera con fotoprotecci\u00f3n UV para pieles normales a secas.<br \/>\n&#8211; Garantiza hidrataci\u00f3n hasta 24 horas.<br \/>\n-Contiene \u00e1cido hialur\u00f3nico.<br \/>\n-No comedog\u00e9nico, no obstruye los poros.<br \/>\n&#8211; Con 3 ceramidas esenciales para ayudar a reparar la barrera natural de la piel.<\/p>\n<p>Modo de uso:  Aplicar en el rostro, se extiende f\u00e1cil y se seca con un acabado transparente.<\/p>\n<p>Ingredientes:<br \/>\nAqua\/agua, homosalato, glicerina, octocrileno, salicilato de etilhexilo, niacinamida, s\u00edlice, butil metoxidibenzoilmetano, dimeticona, alcohol cetear\u00edlico, estearato de peg-100, estearato de glicerilo, fenoxietanol, \u00e1cido este\u00e1rico, meto sulfato de behentrimonio, caprilil glicol, \u00e1cido palm\u00edtico, poliacriloildimetil taurato de amonio, goma xantana, EDTA dis\u00f3dico, tocoferol, lauroil lactilato de sodio, \u00e1cido mir\u00edstico, hialuronato de sodio, ceramida NP, ceramida AP, fitoesfingosina, colesterol, carb\u00f3mero, etilhexilglicerina, ceramida EOP.<\/p>\n","protected":false},"excerpt":{"rendered":"<p>Una loci\u00f3n hidratante de rostro ligera con fotoprotecci\u00f3n de amplio espectro spf25, para una hidrataci\u00f3n diaria de pieles normales a secas.<\/p>\n","protected":false},"featured_media":9760,"template":"","meta":{"site-sidebar-layout":"default","site-content-layout":"","ast-site-content-layout":"default","site-content-style":"default","site-sidebar-style":"default","ast-global-header-display":"","ast-banner-title-visibility":"","ast-main-header-display":"","ast-hfb-above-header-display":"","ast-hfb-below-header-display":"","ast-hfb-mobile-header-display":"","site-post-title":"","ast-breadcrumbs-content":"","ast-featured-img":"","footer-sml-layout":"","ast-disable-related-posts":"","theme-transparent-header-meta":"","adv-header-id-meta":"","stick-header-meta":"","header-above-stick-meta":"","header-main-stick-meta":"","header-below-stick-meta":"","astra-migrate-meta-layouts":"default","ast-page-background-enabled":"default","ast-page-background-meta":{"desktop":{"background-color":"var(--ast-global-color-5)","background-image":"","background-repeat":"repeat","background-position":"center center","background-size":"auto","background-attachment":"scroll","background-type":"","background-media":"","overlay-type":"","overlay-color":"","overlay-opacity":"","overlay-gradient":""},"tablet":{"background-color":"","background-image":"","background-repeat":"repeat","background-position":"center center","background-size":"auto","background-attachment":"scroll","background-type":"","background-media":"","overlay-type":"","overlay-color":"","overlay-opacity":"","overlay-gradient":""},"mobile":{"background-color":"","background-image":"","background-repeat":"repeat","background-position":"center center","background-size":"auto","background-attachment":"scroll","background-type":"","background-media":"","overlay-type":"","overlay-color":"","overlay-opacity":"","overlay-gradient":""}},"ast-content-background-meta":{"desktop":{"background-color":"var(--ast-global-color-4)","background-image":"","background-repeat":"repeat","background-position":"center center","background-size":"auto","background-attachment":"scroll","background-type":"","background-media":"","overlay-type":"","overlay-color":"","overlay-opacity":"","overlay-gradient":""},"tablet":{"background-color":"var(--ast-global-color-4)","background-image":"","background-repeat":"repeat","background-position":"center center","background-size":"auto","background-attachment":"scroll","background-type":"","background-media":"","overlay-type":"","overlay-color":"","overlay-opacity":"","overlay-gradient":""},"mobile":{"background-color":"var(--ast-global-color-4)","background-image":"","background-repeat":"repeat","background-position":"center center","background-size":"auto","background-attachment":"scroll","background-type":"","background-media":"","overlay-type":"","overlay-color":"","overlay-opacity":"","overlay-gradient":""}}},"product_brand":[],"product_cat":[220,214],"product_tag":[231,232,233,223,228,234,235],"class_list":{"0":"post-14403","1":"product","2":"type-product","3":"status-publish","4":"has-post-thumbnail","6":"product_cat-cerave","7":"product_cat-dermo","8":"product_tag-cuidado-facial","9":"product_tag-hidratacion-facial","10":"product_tag-piel-atopica","11":"product_tag-piel-mixta","12":"product_tag-piel-normal","13":"product_tag-piel-seca","14":"product_tag-piel-sensible","15":"desktop-align-left","16":"tablet-align-left","17":"mobile-align-left","18":"ast-product-gallery-layout-horizontal-slider","19":"ast-product-gallery-with-no-image","20":"ast-product-tabs-layout-horizontal","22":"first","23":"instock","24":"sale","25":"shipping-taxable","26":"purchasable","27":"product-type-simple"},"_links":{"self":[{"href":"http:\/\/vanttive.com\/index.php?rest_route=\/wp\/v2\/product\/14403","targetHints":{"allow":["GET"]}}],"collection":[{"href":"http:\/\/vanttive.com\/index.php?rest_route=\/wp\/v2\/product"}],"about":[{"href":"http:\/\/vanttive.com\/index.php?rest_route=\/wp\/v2\/types\/product"}],"wp:featuredmedia":[{"embeddable":true,"href":"http:\/\/vanttive.com\/index.php?rest_route=\/wp\/v2\/media\/9760"}],"wp:attachment":[{"href":"http:\/\/vanttive.com\/index.php?rest_route=%2Fwp%2Fv2%2Fmedia&parent=14403"}],"wp:term":[{"taxonomy":"product_brand","embeddable":true,"href":"http:\/\/vanttive.com\/index.php?rest_route=%2Fwp%2Fv2%2Fproduct_brand&post=14403"},{"taxonomy":"product_cat","embeddable":true,"href":"http:\/\/vanttive.com\/index.php?rest_route=%2Fwp%2Fv2%2Fproduct_cat&post=14403"},{"taxonomy":"product_tag","embeddable":true,"href":"http:\/\/vanttive.com\/index.php?rest_route=%2Fwp%2Fv2%2Fproduct_tag&post=14403"}],"curies":[{"name":"wp","href":"https:\/\/api.w.org\/{rel}","templated":true}]}}