{"id":14404,"date":"2023-08-20T01:13:09","date_gmt":"2023-08-20T06:13:09","guid":{"rendered":"https:\/\/www.vanttive.com\/producto\/locion-facial-pm-52ml\/"},"modified":"2023-08-20T01:13:09","modified_gmt":"2023-08-20T06:13:09","slug":"locion-facial-pm-52ml","status":"publish","type":"product","link":"http:\/\/vanttive.com\/?product=locion-facial-pm-52ml","title":{"rendered":"Locion facial pm 52ml"},"content":{"rendered":"<p>Loci\u00f3n hidratante de rostro ligera para pieles normales a secas enriquecida con 3 ceramidas esenciales que ayudan a restaurar la barrera natural de la piel dura 24 horas.<\/p>\n<p>Tipo de piel:<br \/>\nNormal a seca.<\/p>\n<p>Beneficios: Espec\u00edficamente formulada para hidratar la piel sensible normal a seca. La f\u00f3rmula ultraligera hidrata la piel y ayuda a reparar la barrera protectora de la piel. Contiene 3 ceramidas esenciales y \u00e1cido hialur\u00f3nico.<\/p>\n<p>Utiliza la tecnolog\u00eda patentada MVE\u00ae para ayudar a reponer las ceramidas y proporcionar una hidrataci\u00f3n controlada y de larga duraci\u00f3n.<br \/>\n&#8211; Contiene Niancinamida, que ayuda a calmar la piel.<br \/>\n-No comedog\u00e9nico, no obstruye poros.<br \/>\n&#8211; Garantiza hidrataci\u00f3n durante toda la noche.<br \/>\n&#8211; Con 3 ceramidas esenciales para ayudar a reparar la barrera natural de la piel.<\/p>\n<p>Modo de uso: Se aplica f\u00e1cilmente en el rostro.<\/p>\n<p>Ingredientes:<br \/>\nAgua, glicerina, triglic\u00e9rido capr\u00edlico \/ c\u00e1prico, niacinamida, alcohol cetear\u00edlico, dimeticona, fenoxietanol, ceteareth-20, meto sulfato de behentrimonio, caprililglicol, diisoestearato de poliglicerilo-3, lauroil lactilato de sodio, fosfato de potasio, EDTA dis\u00f3dico, fosfato dipot\u00e1sico, ceramida NP, ceramida AP, fitoesfingosina, colesterol, goma xantana, carb\u00f3mero, etilhexilglicerina, ronato de hiel de sodio, ceramida, EOP.<\/p>\n","protected":false},"excerpt":{"rendered":"<p>Una loci\u00f3n hidratante de rostro ligera para pieles normales a secas.<\/p>\n","protected":false},"featured_media":9761,"template":"","meta":{"site-sidebar-layout":"default","site-content-layout":"","ast-site-content-layout":"default","site-content-style":"default","site-sidebar-style":"default","ast-global-header-display":"","ast-banner-title-visibility":"","ast-main-header-display":"","ast-hfb-above-header-display":"","ast-hfb-below-header-display":"","ast-hfb-mobile-header-display":"","site-post-title":"","ast-breadcrumbs-content":"","ast-featured-img":"","footer-sml-layout":"","ast-disable-related-posts":"","theme-transparent-header-meta":"","adv-header-id-meta":"","stick-header-meta":"","header-above-stick-meta":"","header-main-stick-meta":"","header-below-stick-meta":"","astra-migrate-meta-layouts":"default","ast-page-background-enabled":"default","ast-page-background-meta":{"desktop":{"background-color":"var(--ast-global-color-5)","background-image":"","background-repeat":"repeat","background-position":"center center","background-size":"auto","background-attachment":"scroll","background-type":"","background-media":"","overlay-type":"","overlay-color":"","overlay-opacity":"","overlay-gradient":""},"tablet":{"background-color":"","background-image":"","background-repeat":"repeat","background-position":"center center","background-size":"auto","background-attachment":"scroll","background-type":"","background-media":"","overlay-type":"","overlay-color":"","overlay-opacity":"","overlay-gradient":""},"mobile":{"background-color":"","background-image":"","background-repeat":"repeat","background-position":"center center","background-size":"auto","background-attachment":"scroll","background-type":"","background-media":"","overlay-type":"","overlay-color":"","overlay-opacity":"","overlay-gradient":""}},"ast-content-background-meta":{"desktop":{"background-color":"var(--ast-global-color-4)","background-image":"","background-repeat":"repeat","background-position":"center center","background-size":"auto","background-attachment":"scroll","background-type":"","background-media":"","overlay-type":"","overlay-color":"","overlay-opacity":"","overlay-gradient":""},"tablet":{"background-color":"var(--ast-global-color-4)","background-image":"","background-repeat":"repeat","background-position":"center center","background-size":"auto","background-attachment":"scroll","background-type":"","background-media":"","overlay-type":"","overlay-color":"","overlay-opacity":"","overlay-gradient":""},"mobile":{"background-color":"var(--ast-global-color-4)","background-image":"","background-repeat":"repeat","background-position":"center center","background-size":"auto","background-attachment":"scroll","background-type":"","background-media":"","overlay-type":"","overlay-color":"","overlay-opacity":"","overlay-gradient":""}}},"product_brand":[],"product_cat":[220,214],"product_tag":[231,232,233,223,228,234,235],"class_list":{"0":"post-14404","1":"product","2":"type-product","3":"status-publish","4":"has-post-thumbnail","6":"product_cat-cerave","7":"product_cat-dermo","8":"product_tag-cuidado-facial","9":"product_tag-hidratacion-facial","10":"product_tag-piel-atopica","11":"product_tag-piel-mixta","12":"product_tag-piel-normal","13":"product_tag-piel-seca","14":"product_tag-piel-sensible","15":"desktop-align-left","16":"tablet-align-left","17":"mobile-align-left","18":"ast-product-gallery-layout-horizontal-slider","19":"ast-product-gallery-with-no-image","20":"ast-product-tabs-layout-horizontal","22":"first","23":"instock","24":"sale","25":"shipping-taxable","26":"purchasable","27":"product-type-simple"},"_links":{"self":[{"href":"http:\/\/vanttive.com\/index.php?rest_route=\/wp\/v2\/product\/14404","targetHints":{"allow":["GET"]}}],"collection":[{"href":"http:\/\/vanttive.com\/index.php?rest_route=\/wp\/v2\/product"}],"about":[{"href":"http:\/\/vanttive.com\/index.php?rest_route=\/wp\/v2\/types\/product"}],"wp:featuredmedia":[{"embeddable":true,"href":"http:\/\/vanttive.com\/index.php?rest_route=\/wp\/v2\/media\/9761"}],"wp:attachment":[{"href":"http:\/\/vanttive.com\/index.php?rest_route=%2Fwp%2Fv2%2Fmedia&parent=14404"}],"wp:term":[{"taxonomy":"product_brand","embeddable":true,"href":"http:\/\/vanttive.com\/index.php?rest_route=%2Fwp%2Fv2%2Fproduct_brand&post=14404"},{"taxonomy":"product_cat","embeddable":true,"href":"http:\/\/vanttive.com\/index.php?rest_route=%2Fwp%2Fv2%2Fproduct_cat&post=14404"},{"taxonomy":"product_tag","embeddable":true,"href":"http:\/\/vanttive.com\/index.php?rest_route=%2Fwp%2Fv2%2Fproduct_tag&post=14404"}],"curies":[{"name":"wp","href":"https:\/\/api.w.org\/{rel}","templated":true}]}}