{"id":14406,"date":"2023-08-20T01:13:10","date_gmt":"2023-08-20T06:13:10","guid":{"rendered":"https:\/\/www.vanttive.com\/producto\/pigmentclar-serum-30ml\/"},"modified":"2023-08-20T01:13:10","modified_gmt":"2023-08-20T06:13:10","slug":"pigmentclar-serum-30ml","status":"publish","type":"product","link":"http:\/\/vanttive.com\/?product=pigmentclar-serum-30ml","title":{"rendered":"Pigmentclar serum 30ml"},"content":{"rendered":"<p>PIGMENTCLAR Serum de textura hidratante, fluida y ligera, ayuda a desvanecer las manchas oscuras, arraigadas y uniformizar la tez de manera duradera. Con Agua Termal de La Roche-Posay.<\/p>\n<p>Tipo de piel: Piel normal, mixta, seca o sensible.<\/p>\n<p>Beneficios: Este serum ofrece eficacia instant\u00e1nea y duradera, combina LHA con el potente complejo de PhE-Resorcinol + extracto de Ginkgo + \u00c1cido Fer\u00falico. Reduce significativamente el aspecto de las manchas oscuras y los defectos pigmentarios para un tez que se vea a\u00fan m\u00e1s uniforme. Su eficacia anti manchas oscuras ayuda a mantener la uniformidad y la luminosidad de la piel de manera duradera.<\/p>\n<p>Modo de uso: Aplicar sobre todo el rostro y escote, por la ma\u00f1ana o la noche. Utilizar protecci\u00f3n solar durante el d\u00eda (FPS 15 como m\u00ednimo). Evitar el contorno de ojos.<\/p>\n<p>Ingredientes:<br \/>\nAQUA \/ WATER \u2022 GLYCERIN \u2022 DIMETHICONE \u2022 ALCOHOL DENAT. \u2022 NIACINAMIDE \u2022 ISOPROPYL LAUROYL SARCOSINATE \u2022 OCTYLDODECANOL \u2022 PEG-20 METHYL GLUCOSE SESQUISTEARATE \u2022 DIMETHICONOL \u2022 CETEARYL ETHYLHEXANOATE \u2022 ISOHEXADECANE \u2022 SODIUM HYALURONATE \u2022 GINKGO BILOBA EXTRACT \/ GINKGO BILOBA LEAF EXTRACT \u2022 PHENYLETHYL RESORCINOL \u2022 P O L O X A M E R 3 3 8 \u2022 A M M O N I U M POLYACRYLDIMETHYLTAURAMIDE \/ AMMONIUM POLYACRYLOYLDIMETHYL TAURATE \u2022 DISODIUM EDTA \u2022 ISOPROPYL MYRISTATE \u2022 CAPRYLOYL SALICYLIC ACID \u2022 XANTHAN GUM \u2022 FERULIC ACID \u2022 POLYSORBATE 80 \u2022 ACRYLAMIDE \/ SODIUM ACRYLOYLDIMETHYLTAURATE COPOLYMER \u2022 PHENOXYETHANOL \u2022 CI 77891 \/ TITANIUM DIOXIDE \u2022 MICA \u2022 PARFUM \/ FRAGRANCE.<\/p>\n","protected":false},"excerpt":{"rendered":"<p>Pigmentclar serum de textura hidratante, fluida y ligera, ayuda a desvanecer las manchas oscuras, arraigadas y uniformizar la tez de manera duradera. Con agua termal de la roche-posay.<\/p>\n","protected":false},"featured_media":10490,"template":"","meta":{"site-sidebar-layout":"default","site-content-layout":"","ast-site-content-layout":"default","site-content-style":"default","site-sidebar-style":"default","ast-global-header-display":"","ast-banner-title-visibility":"","ast-main-header-display":"","ast-hfb-above-header-display":"","ast-hfb-below-header-display":"","ast-hfb-mobile-header-display":"","site-post-title":"","ast-breadcrumbs-content":"","ast-featured-img":"","footer-sml-layout":"","ast-disable-related-posts":"","theme-transparent-header-meta":"","adv-header-id-meta":"","stick-header-meta":"","header-above-stick-meta":"","header-main-stick-meta":"","header-below-stick-meta":"","astra-migrate-meta-layouts":"default","ast-page-background-enabled":"default","ast-page-background-meta":{"desktop":{"background-color":"var(--ast-global-color-5)","background-image":"","background-repeat":"repeat","background-position":"center center","background-size":"auto","background-attachment":"scroll","background-type":"","background-media":"","overlay-type":"","overlay-color":"","overlay-opacity":"","overlay-gradient":""},"tablet":{"background-color":"","background-image":"","background-repeat":"repeat","background-position":"center center","background-size":"auto","background-attachment":"scroll","background-type":"","background-media":"","overlay-type":"","overlay-color":"","overlay-opacity":"","overlay-gradient":""},"mobile":{"background-color":"","background-image":"","background-repeat":"repeat","background-position":"center center","background-size":"auto","background-attachment":"scroll","background-type":"","background-media":"","overlay-type":"","overlay-color":"","overlay-opacity":"","overlay-gradient":""}},"ast-content-background-meta":{"desktop":{"background-color":"var(--ast-global-color-4)","background-image":"","background-repeat":"repeat","background-position":"center center","background-size":"auto","background-attachment":"scroll","background-type":"","background-media":"","overlay-type":"","overlay-color":"","overlay-opacity":"","overlay-gradient":""},"tablet":{"background-color":"var(--ast-global-color-4)","background-image":"","background-repeat":"repeat","background-position":"center center","background-size":"auto","background-attachment":"scroll","background-type":"","background-media":"","overlay-type":"","overlay-color":"","overlay-opacity":"","overlay-gradient":""},"mobile":{"background-color":"var(--ast-global-color-4)","background-image":"","background-repeat":"repeat","background-position":"center center","background-size":"auto","background-attachment":"scroll","background-type":"","background-media":"","overlay-type":"","overlay-color":"","overlay-opacity":"","overlay-gradient":""}}},"product_brand":[],"product_cat":[214,215],"product_tag":[230,225,231,223,228,234,235],"class_list":{"0":"post-14406","1":"product","2":"type-product","3":"status-publish","4":"has-post-thumbnail","6":"product_cat-dermo","7":"product_cat-la-roche-posay","8":"product_tag-anti-edad","9":"product_tag-anti-manchas","10":"product_tag-cuidado-facial","11":"product_tag-piel-mixta","12":"product_tag-piel-normal","13":"product_tag-piel-seca","14":"product_tag-piel-sensible","15":"desktop-align-left","16":"tablet-align-left","17":"mobile-align-left","18":"ast-product-gallery-layout-horizontal-slider","19":"ast-product-gallery-with-no-image","20":"ast-product-tabs-layout-horizontal","22":"first","23":"instock","24":"sale","25":"shipping-taxable","26":"purchasable","27":"product-type-simple"},"_links":{"self":[{"href":"http:\/\/vanttive.com\/index.php?rest_route=\/wp\/v2\/product\/14406","targetHints":{"allow":["GET"]}}],"collection":[{"href":"http:\/\/vanttive.com\/index.php?rest_route=\/wp\/v2\/product"}],"about":[{"href":"http:\/\/vanttive.com\/index.php?rest_route=\/wp\/v2\/types\/product"}],"wp:featuredmedia":[{"embeddable":true,"href":"http:\/\/vanttive.com\/index.php?rest_route=\/wp\/v2\/media\/10490"}],"wp:attachment":[{"href":"http:\/\/vanttive.com\/index.php?rest_route=%2Fwp%2Fv2%2Fmedia&parent=14406"}],"wp:term":[{"taxonomy":"product_brand","embeddable":true,"href":"http:\/\/vanttive.com\/index.php?rest_route=%2Fwp%2Fv2%2Fproduct_brand&post=14406"},{"taxonomy":"product_cat","embeddable":true,"href":"http:\/\/vanttive.com\/index.php?rest_route=%2Fwp%2Fv2%2Fproduct_cat&post=14406"},{"taxonomy":"product_tag","embeddable":true,"href":"http:\/\/vanttive.com\/index.php?rest_route=%2Fwp%2Fv2%2Fproduct_tag&post=14406"}],"curies":[{"name":"wp","href":"https:\/\/api.w.org\/{rel}","templated":true}]}}