{"id":14407,"date":"2023-08-20T01:13:11","date_gmt":"2023-08-20T06:13:11","guid":{"rendered":"https:\/\/www.vanttive.com\/producto\/crema-alisado-antirugosidad-170ml\/"},"modified":"2023-08-20T01:13:11","modified_gmt":"2023-08-20T06:13:11","slug":"crema-alisado-antirugosidad-170ml","status":"publish","type":"product","link":"http:\/\/vanttive.com\/?product=crema-alisado-antirugosidad-170ml","title":{"rendered":"Crema alisado antirugosidad 170ml"},"content":{"rendered":"<p>La crema Alisadora Anti rugosidades, ayuda a aliviar la textura rugosa y desigual de la piel, dej\u00e1ndola m\u00e1s suave en solo 3 d\u00edas. El \u00e1cido salic\u00edlico y la urea en la f\u00f3rmula exfolia suavemente la piel, sin comprometer la barrera cut\u00e1nea. <\/p>\n<p>Tipo de piel: Todo tipo de piel.<\/p>\n<p>Beneficios: Dise\u00f1ada para mejorar la textura de la piel gracias al \u00e1cido salic\u00edlico y la urea, esta crema hidratante y no grasa reconforta la piel con \u00e1cido hialur\u00f3nico.<br \/>\nContiene:<br \/>\n10% urea: Act\u00faa como humectante, retiene la humedad y suaviza la piel.<br \/>\n\u00c1cido salic\u00edlico y LHA: Ayuda a eliminar las c\u00e9lulas muertas de la piel para exfoliar suavemente.<br \/>\nTecnolog\u00eda MVE: Liberaci\u00f3n controlada de sus ingredientes para una hidrataci\u00f3n que dura todo el d\u00eda.<br \/>\nTres ceramidas esenciales: Ayudan a reparar y mantener la barrera natural de la piel.<br \/>\n\u00c1cido hialur\u00f3nico: Ayuda a la piel a retener la humedad.<br \/>\nNiacinamida: Ayuda a calmar la piel.<\/p>\n<p>Modo de uso: Aplicar en rostro y cuerpo.<\/p>\n<p>Ingredientes:<br \/>\nAQUA\/WATER, UREA, CETYL ALCOHOL, GLYCERYL STEARATE SE, CETEARYL ALCOHOL, NIACINAMIDE, BUTYROSPERMUM PARKII BUTTER\/SHEA BUTTER, C12-13 ALKYL LACTATE, PEG-100 STEARATE, GLYCERIN, BEHENTRIMONIUM METHOSULFATE, DIMETHICONE, TRIACETIN, CERAMIDE NP, CERAMIDE AP, CERAMIDE EOP, CARBOMER, SODIUM LACTATE, SALICYLIC ACID, SODIUM HYDROXIDE, SODIUM LAUROYL LACTYLATE, SODIUM HYALURONATE, CHOLESTEROL, PHENOXYETHANOL, DISODIUM EDTA, CAPRYLOYL SALICYLIC ACID, HYDROXYACETOPHENONE, CITRIC ACID, LACTIC ACID, PHYTOSPHINGOSINE, XANTHAN GUM, ETHYLHEXYLGLYCERIN.<\/p>\n","protected":false},"excerpt":{"rendered":"<p>Dise\u00f1anda para mejorar la textura de la piel gracias al \u00e1cido salic\u00edlico y la urea, esta crema hidratante y no grasa reconforta la piel con \u00e1cido hialur\u00f3nico. <\/p>\n","protected":false},"featured_media":9770,"template":"","meta":{"site-sidebar-layout":"default","site-content-layout":"","ast-site-content-layout":"default","site-content-style":"default","site-sidebar-style":"default","ast-global-header-display":"","ast-banner-title-visibility":"","ast-main-header-display":"","ast-hfb-above-header-display":"","ast-hfb-below-header-display":"","ast-hfb-mobile-header-display":"","site-post-title":"","ast-breadcrumbs-content":"","ast-featured-img":"","footer-sml-layout":"","ast-disable-related-posts":"","theme-transparent-header-meta":"","adv-header-id-meta":"","stick-header-meta":"","header-above-stick-meta":"","header-main-stick-meta":"","header-below-stick-meta":"","astra-migrate-meta-layouts":"default","ast-page-background-enabled":"default","ast-page-background-meta":{"desktop":{"background-color":"var(--ast-global-color-5)","background-image":"","background-repeat":"repeat","background-position":"center center","background-size":"auto","background-attachment":"scroll","background-type":"","background-media":"","overlay-type":"","overlay-color":"","overlay-opacity":"","overlay-gradient":""},"tablet":{"background-color":"","background-image":"","background-repeat":"repeat","background-position":"center center","background-size":"auto","background-attachment":"scroll","background-type":"","background-media":"","overlay-type":"","overlay-color":"","overlay-opacity":"","overlay-gradient":""},"mobile":{"background-color":"","background-image":"","background-repeat":"repeat","background-position":"center center","background-size":"auto","background-attachment":"scroll","background-type":"","background-media":"","overlay-type":"","overlay-color":"","overlay-opacity":"","overlay-gradient":""}},"ast-content-background-meta":{"desktop":{"background-color":"var(--ast-global-color-4)","background-image":"","background-repeat":"repeat","background-position":"center center","background-size":"auto","background-attachment":"scroll","background-type":"","background-media":"","overlay-type":"","overlay-color":"","overlay-opacity":"","overlay-gradient":""},"tablet":{"background-color":"var(--ast-global-color-4)","background-image":"","background-repeat":"repeat","background-position":"center center","background-size":"auto","background-attachment":"scroll","background-type":"","background-media":"","overlay-type":"","overlay-color":"","overlay-opacity":"","overlay-gradient":""},"mobile":{"background-color":"var(--ast-global-color-4)","background-image":"","background-repeat":"repeat","background-position":"center center","background-size":"auto","background-attachment":"scroll","background-type":"","background-media":"","overlay-type":"","overlay-color":"","overlay-opacity":"","overlay-gradient":""}}},"product_brand":[],"product_cat":[220,214],"product_tag":[247,237,248],"class_list":{"0":"post-14407","1":"product","2":"type-product","3":"status-publish","4":"has-post-thumbnail","6":"product_cat-cerave","7":"product_cat-dermo","8":"product_tag-anti-rugosidades","9":"product_tag-hidratacion-corporal","10":"product_tag-todo-tipo-de-piel","11":"desktop-align-left","12":"tablet-align-left","13":"mobile-align-left","14":"ast-product-gallery-layout-horizontal-slider","15":"ast-product-gallery-with-no-image","16":"ast-product-tabs-layout-horizontal","18":"first","19":"instock","20":"sale","21":"shipping-taxable","22":"purchasable","23":"product-type-simple"},"_links":{"self":[{"href":"http:\/\/vanttive.com\/index.php?rest_route=\/wp\/v2\/product\/14407","targetHints":{"allow":["GET"]}}],"collection":[{"href":"http:\/\/vanttive.com\/index.php?rest_route=\/wp\/v2\/product"}],"about":[{"href":"http:\/\/vanttive.com\/index.php?rest_route=\/wp\/v2\/types\/product"}],"wp:featuredmedia":[{"embeddable":true,"href":"http:\/\/vanttive.com\/index.php?rest_route=\/wp\/v2\/media\/9770"}],"wp:attachment":[{"href":"http:\/\/vanttive.com\/index.php?rest_route=%2Fwp%2Fv2%2Fmedia&parent=14407"}],"wp:term":[{"taxonomy":"product_brand","embeddable":true,"href":"http:\/\/vanttive.com\/index.php?rest_route=%2Fwp%2Fv2%2Fproduct_brand&post=14407"},{"taxonomy":"product_cat","embeddable":true,"href":"http:\/\/vanttive.com\/index.php?rest_route=%2Fwp%2Fv2%2Fproduct_cat&post=14407"},{"taxonomy":"product_tag","embeddable":true,"href":"http:\/\/vanttive.com\/index.php?rest_route=%2Fwp%2Fv2%2Fproduct_tag&post=14407"}],"curies":[{"name":"wp","href":"https:\/\/api.w.org\/{rel}","templated":true}]}}