{"id":14408,"date":"2023-08-20T01:13:11","date_gmt":"2023-08-20T06:13:11","guid":{"rendered":"https:\/\/www.vanttive.com\/producto\/crema-renovadora-pies-88ml\/"},"modified":"2023-08-20T01:13:11","modified_gmt":"2023-08-20T06:13:11","slug":"crema-renovadora-pies-88ml","status":"publish","type":"product","link":"http:\/\/vanttive.com\/?product=crema-renovadora-pies-88ml","title":{"rendered":"Crema renovadora pies 88ml"},"content":{"rendered":"<p>La crema renovadora de Pies de CeraVe est\u00e1 formulada con \u00c1cido Salic\u00edlico y 3 ceramidas esenciales, que exfolia, hidrata profundamente la piel agrietada o extremadamente seca, mejora la textura de la piel da\u00f1ada.<\/p>\n<p>Tipo de piel: Piel extremadamente seca, irregular y desigual.<\/p>\n<p>Beneficios: Ayuda a restaurar la barrera protectora de la piel. Hidrata profundamente la piel agrietada o extremadamente seca. Desarrollada con dermat\u00f3logos, la Crema para Pies Renovadora con \u00c1cido Salic\u00edlico de CeraVe hidrata de forma efectiva y ayuda a reparar la barrera protectora de la piel de los pies. Esta crema no grasa de r\u00e1pida absorci\u00f3n con 3 ceramidas esenciales y \u00e1cido hialur\u00f3nico, exfolia e hidrata la piel de los pies extremadamente seca e irregular para suavizar y mejorar la textura de la piel da\u00f1ada. Su f\u00f3rmula sin perfume es adecuada para pieles sensibles.<\/p>\n<p>Modo de uso: Exfolia suavemente y mejora la textura de la piel seca y \u00e1spera de los pies.<\/p>\n<p>Ingredientes:<br \/>\nAQUA\/WATER, GLYCERIN, PARAFFINUM LIQUIDUM\/MINERAL OIL, GLYCERYL STEARATE SE, CETEARYL ALCOHOL, NIACINAMIDE, CETYL ALCOHOL, AMMONIUM LACTATE, TRIETHANOLAMINE, SALICYLIC ACID, BEHENTRIMONIUM METHOSULFATE, PEG-100 STEARATE, PHENOXYETHANOL, DIMETHICONE, SODIUM LAUROYL LACTYLATE, DISODIUM EDTA, CERAMIDE NP, CERAMIDE AP, PHYTOSPHINGOSINE, CHOLESTEROL, XANTHAN GUM, CARBOMER, ETHYLHEXYLGLYCERIN, SODIUM HYALURONATE, CERAMIDE EOP.<\/p>\n","protected":false},"excerpt":{"rendered":"<p>La crema para pies renovadora con \u00e1cido salic\u00edlico de cerave hidrata de forma efectiva y ayuda a reparar la barrera protectora de la piel de los pies. <\/p>\n","protected":false},"featured_media":9769,"template":"","meta":{"site-sidebar-layout":"default","site-content-layout":"","ast-site-content-layout":"default","site-content-style":"default","site-sidebar-style":"default","ast-global-header-display":"","ast-banner-title-visibility":"","ast-main-header-display":"","ast-hfb-above-header-display":"","ast-hfb-below-header-display":"","ast-hfb-mobile-header-display":"","site-post-title":"","ast-breadcrumbs-content":"","ast-featured-img":"","footer-sml-layout":"","ast-disable-related-posts":"","theme-transparent-header-meta":"","adv-header-id-meta":"","stick-header-meta":"","header-above-stick-meta":"","header-main-stick-meta":"","header-below-stick-meta":"","astra-migrate-meta-layouts":"default","ast-page-background-enabled":"default","ast-page-background-meta":{"desktop":{"background-color":"var(--ast-global-color-5)","background-image":"","background-repeat":"repeat","background-position":"center center","background-size":"auto","background-attachment":"scroll","background-type":"","background-media":"","overlay-type":"","overlay-color":"","overlay-opacity":"","overlay-gradient":""},"tablet":{"background-color":"","background-image":"","background-repeat":"repeat","background-position":"center center","background-size":"auto","background-attachment":"scroll","background-type":"","background-media":"","overlay-type":"","overlay-color":"","overlay-opacity":"","overlay-gradient":""},"mobile":{"background-color":"","background-image":"","background-repeat":"repeat","background-position":"center center","background-size":"auto","background-attachment":"scroll","background-type":"","background-media":"","overlay-type":"","overlay-color":"","overlay-opacity":"","overlay-gradient":""}},"ast-content-background-meta":{"desktop":{"background-color":"var(--ast-global-color-4)","background-image":"","background-repeat":"repeat","background-position":"center center","background-size":"auto","background-attachment":"scroll","background-type":"","background-media":"","overlay-type":"","overlay-color":"","overlay-opacity":"","overlay-gradient":""},"tablet":{"background-color":"var(--ast-global-color-4)","background-image":"","background-repeat":"repeat","background-position":"center center","background-size":"auto","background-attachment":"scroll","background-type":"","background-media":"","overlay-type":"","overlay-color":"","overlay-opacity":"","overlay-gradient":""},"mobile":{"background-color":"var(--ast-global-color-4)","background-image":"","background-repeat":"repeat","background-position":"center center","background-size":"auto","background-attachment":"scroll","background-type":"","background-media":"","overlay-type":"","overlay-color":"","overlay-opacity":"","overlay-gradient":""}}},"product_brand":[],"product_cat":[220,214],"product_tag":[247,237,248],"class_list":{"0":"post-14408","1":"product","2":"type-product","3":"status-publish","4":"has-post-thumbnail","6":"product_cat-cerave","7":"product_cat-dermo","8":"product_tag-anti-rugosidades","9":"product_tag-hidratacion-corporal","10":"product_tag-todo-tipo-de-piel","11":"desktop-align-left","12":"tablet-align-left","13":"mobile-align-left","14":"ast-product-gallery-layout-horizontal-slider","15":"ast-product-gallery-with-no-image","16":"ast-product-tabs-layout-horizontal","18":"first","19":"instock","20":"sale","21":"shipping-taxable","22":"purchasable","23":"product-type-simple"},"_links":{"self":[{"href":"http:\/\/vanttive.com\/index.php?rest_route=\/wp\/v2\/product\/14408","targetHints":{"allow":["GET"]}}],"collection":[{"href":"http:\/\/vanttive.com\/index.php?rest_route=\/wp\/v2\/product"}],"about":[{"href":"http:\/\/vanttive.com\/index.php?rest_route=\/wp\/v2\/types\/product"}],"wp:featuredmedia":[{"embeddable":true,"href":"http:\/\/vanttive.com\/index.php?rest_route=\/wp\/v2\/media\/9769"}],"wp:attachment":[{"href":"http:\/\/vanttive.com\/index.php?rest_route=%2Fwp%2Fv2%2Fmedia&parent=14408"}],"wp:term":[{"taxonomy":"product_brand","embeddable":true,"href":"http:\/\/vanttive.com\/index.php?rest_route=%2Fwp%2Fv2%2Fproduct_brand&post=14408"},{"taxonomy":"product_cat","embeddable":true,"href":"http:\/\/vanttive.com\/index.php?rest_route=%2Fwp%2Fv2%2Fproduct_cat&post=14408"},{"taxonomy":"product_tag","embeddable":true,"href":"http:\/\/vanttive.com\/index.php?rest_route=%2Fwp%2Fv2%2Fproduct_tag&post=14408"}],"curies":[{"name":"wp","href":"https:\/\/api.w.org\/{rel}","templated":true}]}}