{"id":14410,"date":"2023-08-20T01:13:12","date_gmt":"2023-08-20T06:13:12","guid":{"rendered":"https:\/\/www.vanttive.com\/producto\/anthelios-protector-solar-bruma-cuerpo-200ml\/"},"modified":"2023-08-20T01:13:12","modified_gmt":"2023-08-20T06:13:12","slug":"anthelios-protector-solar-bruma-cuerpo-200ml","status":"publish","type":"product","link":"http:\/\/vanttive.com\/?product=anthelios-protector-solar-bruma-cuerpo-200ml","title":{"rendered":"Anthelios protector solar bruma cuerpo 200ml"},"content":{"rendered":"<p>ANTHELIOS XL BRUMA CORPORAL ULTRA-LIGERA FPS 50+ \/ FP-UVA 25 proporciona una mayor protecci\u00f3n de amplio espectro (UVA, UVB) y ayuda a proteger contra los da\u00f1os producidos por algunos rayos infrarrojos y por la contaminaci\u00f3n. Resistente al agua. Invisible. R\u00e1pida absorci\u00f3n.<\/p>\n<p>Tipo de piel: Todo tipo de piel, en especial para piel sensible e intolerante al sol.<\/p>\n<p>Beneficios: Alta protecci\u00f3n solar para cuerpo y rostro en formato bruma. Ideal para deportistas y actividades al aire libre. Bruma fresca de r\u00e1pida absorci\u00f3n, acabado seco e invisible.<br \/>\n-Mayor protecci\u00f3n. Resistente al agua. F\u00e1cil de aplicar. No deja marcas blancas.<br \/>\n-No comedog\u00e9nica.<\/p>\n<p>Modo de uso: Aplicar la pantalla solar justo antes de la exposici\u00f3n. Volver a aplicarla de manera frecuente y generosa para mantener la protecci\u00f3n, especialmente despu\u00e9s de transpirar o secarse con una toalla. Uso externo.<\/p>\n<p>Ingredientes:<br \/>\nBUTANE \u2022 AQUA \/ WATER \u2022 HOMOSALATE \u2022 DICAPRYLYL ETHER \u2022 OCTOCRYLENE \u2022 ETHYLHEXYL SALICYLATE \u2022 DIMETHICONE \u2022 STYRENE\/ACRYLATES COPOLYMER \u2022 BUTYL METHOXYDIBENZOYLMETHANE \u2022 DROMETRIZOLE TRISILOXANE \u2022 PEG-30 DIPOLYHYDROXYSTEARATE \u2022 NYLON-12 \u2022 DICAPRYLYL CARBONATE \u2022 METHYL METHACRYLATE CROSSPOLYMER \u2022 CYCLOHEXASILOXANE \u2022 POLYMETHYLSILSESQUIOXANE \u2022 p-ANISIC ACID \u2022 CAPRYLYL GLYCOL \u2022 DISODIUM EDTA \u2022 DISTEARDIMONIUM HECTORITE \u2022 DODECENE \u2022 ETHYLHEXYL TRIAZONE \u2022 ISODODECANE \u2022 LAURYL PEG\/PPG-18\/18 METHICONE \u2022 PEG-8 LAURATE \u2022 PHENOXYETHANOL \u2022 POLOXAMER 407 \u2022 POLY C10-30 ALKYL ACRYLATE \u2022 PROPYLENE CARBONATE \u2022 SODIUM CHLORIDE \u2022 TOCOPHEROL \u2022 PARFUM \/ FRAGRANCE.<\/p>\n","protected":false},"excerpt":{"rendered":"<p>Anthelios xl bruma corporal ultra-ligera fps 50+ \/ fp-uva 25 proporciona una mayor protecci\u00f3n de amplio espectro (uva, uvb)<\/p>\n","protected":false},"featured_media":9784,"template":"","meta":{"site-sidebar-layout":"default","site-content-layout":"","ast-site-content-layout":"default","site-content-style":"default","site-sidebar-style":"default","ast-global-header-display":"","ast-banner-title-visibility":"","ast-main-header-display":"","ast-hfb-above-header-display":"","ast-hfb-below-header-display":"","ast-hfb-mobile-header-display":"","site-post-title":"","ast-breadcrumbs-content":"","ast-featured-img":"","footer-sml-layout":"","ast-disable-related-posts":"","theme-transparent-header-meta":"","adv-header-id-meta":"","stick-header-meta":"","header-above-stick-meta":"","header-main-stick-meta":"","header-below-stick-meta":"","astra-migrate-meta-layouts":"default","ast-page-background-enabled":"default","ast-page-background-meta":{"desktop":{"background-color":"var(--ast-global-color-5)","background-image":"","background-repeat":"repeat","background-position":"center center","background-size":"auto","background-attachment":"scroll","background-type":"","background-media":"","overlay-type":"","overlay-color":"","overlay-opacity":"","overlay-gradient":""},"tablet":{"background-color":"","background-image":"","background-repeat":"repeat","background-position":"center center","background-size":"auto","background-attachment":"scroll","background-type":"","background-media":"","overlay-type":"","overlay-color":"","overlay-opacity":"","overlay-gradient":""},"mobile":{"background-color":"","background-image":"","background-repeat":"repeat","background-position":"center center","background-size":"auto","background-attachment":"scroll","background-type":"","background-media":"","overlay-type":"","overlay-color":"","overlay-opacity":"","overlay-gradient":""}},"ast-content-background-meta":{"desktop":{"background-color":"var(--ast-global-color-4)","background-image":"","background-repeat":"repeat","background-position":"center center","background-size":"auto","background-attachment":"scroll","background-type":"","background-media":"","overlay-type":"","overlay-color":"","overlay-opacity":"","overlay-gradient":""},"tablet":{"background-color":"var(--ast-global-color-4)","background-image":"","background-repeat":"repeat","background-position":"center center","background-size":"auto","background-attachment":"scroll","background-type":"","background-media":"","overlay-type":"","overlay-color":"","overlay-opacity":"","overlay-gradient":""},"mobile":{"background-color":"var(--ast-global-color-4)","background-image":"","background-repeat":"repeat","background-position":"center center","background-size":"auto","background-attachment":"scroll","background-type":"","background-media":"","overlay-type":"","overlay-color":"","overlay-opacity":"","overlay-gradient":""}}},"product_brand":[],"product_cat":[214,215],"product_tag":[229,248],"class_list":{"0":"post-14410","1":"product","2":"type-product","3":"status-publish","4":"has-post-thumbnail","6":"product_cat-dermo","7":"product_cat-la-roche-posay","8":"product_tag-proteccion-solar","9":"product_tag-todo-tipo-de-piel","10":"desktop-align-left","11":"tablet-align-left","12":"mobile-align-left","13":"ast-product-gallery-layout-horizontal-slider","14":"ast-product-gallery-with-no-image","15":"ast-product-tabs-layout-horizontal","17":"first","18":"instock","19":"sale","20":"shipping-taxable","21":"purchasable","22":"product-type-simple"},"_links":{"self":[{"href":"http:\/\/vanttive.com\/index.php?rest_route=\/wp\/v2\/product\/14410","targetHints":{"allow":["GET"]}}],"collection":[{"href":"http:\/\/vanttive.com\/index.php?rest_route=\/wp\/v2\/product"}],"about":[{"href":"http:\/\/vanttive.com\/index.php?rest_route=\/wp\/v2\/types\/product"}],"wp:featuredmedia":[{"embeddable":true,"href":"http:\/\/vanttive.com\/index.php?rest_route=\/wp\/v2\/media\/9784"}],"wp:attachment":[{"href":"http:\/\/vanttive.com\/index.php?rest_route=%2Fwp%2Fv2%2Fmedia&parent=14410"}],"wp:term":[{"taxonomy":"product_brand","embeddable":true,"href":"http:\/\/vanttive.com\/index.php?rest_route=%2Fwp%2Fv2%2Fproduct_brand&post=14410"},{"taxonomy":"product_cat","embeddable":true,"href":"http:\/\/vanttive.com\/index.php?rest_route=%2Fwp%2Fv2%2Fproduct_cat&post=14410"},{"taxonomy":"product_tag","embeddable":true,"href":"http:\/\/vanttive.com\/index.php?rest_route=%2Fwp%2Fv2%2Fproduct_tag&post=14410"}],"curies":[{"name":"wp","href":"https:\/\/api.w.org\/{rel}","templated":true}]}}