{"id":14411,"date":"2023-08-20T01:13:21","date_gmt":"2023-08-20T06:13:21","guid":{"rendered":"https:\/\/www.vanttive.com\/producto\/anthelios-protector-solar-lait-cuerpo-250ml\/"},"modified":"2023-08-20T01:13:21","modified_gmt":"2023-08-20T06:13:21","slug":"anthelios-protector-solar-lait-cuerpo-250ml","status":"publish","type":"product","link":"http:\/\/vanttive.com\/?product=anthelios-protector-solar-lait-cuerpo-250ml","title":{"rendered":"Anthelios protector solar lait cuerpo 250ml"},"content":{"rendered":"<p>ANTHELIOS XL lait SPF50+ de La Roche Posay. Protector solar corporal con factor solar muy alto. F\u00f3rmula minimalista sin comprometer la protecci\u00f3n, adecuada para pieles sensibles y reactivas con tendencia a la intolerancia solar.<br \/>\nTipo de piel: Piel sensible, normal a seca.<\/p>\n<p>Beneficios: Este protector solar protege la piel a la vez que le aporta hidrataci\u00f3n, gracias al Agua Termal de La Roche Posay. Un producto imprescindible para pieles con sensibilidad solar que van a verse a exposiciones extremas. Su f\u00f3rmula combina filtros solares de amplio espectro (reforzada contra los rayos UVA) y contra da\u00f1os derivados de la contaminaci\u00f3n y los infrarrojos.<br \/>\n-Textura ligera, no grasa y de acabado aterciopelado.<br \/>\n-Resistente al agua.<br \/>\n-Dermatol\u00f3gica y oftalmol\u00f3gicamente testado.<br \/>\n-Previene la m\u00e1scara del embarazo y la fotosensibilidad provocada por los medicamentos.<br \/>\n-Contiene Agua Termal de La Roche Posay que hidrata la piel durante 24h.<br \/>\n-No comedog\u00e9nico.<br \/>\n-No contiene fragancia ni parabenos.<br \/>\n-F\u00f3rmula fotoestable.<\/p>\n<p>Modo de uso: Aplique el producto de protecci\u00f3n solar justo antes de la exposici\u00f3n. Vuelva a aplicar con frecuencia y generosamente para mantener la protecci\u00f3n, especialmente despu\u00e9s de transpirar o secarse con una toalla. Uso externo.<\/p>\n<p>Ingredientes:<br \/>\nAQUA \/ WATER, C12-15 ALKYL BENZOATE, GLYCERIN, OCTOCRYLENE<br \/>\nETHYLHEXYL SALICYLATE, STYRENE\/ACRYLATES COPOLYMER, DIMETHICONE, ALCOHOL DENAT.<br \/>\nBUTYL METHOXYDIBENZOYLMETHANE, BIS-ETHYLHEXYLOXYPHENOL METHOXYPHENYL TRIAZINE<br \/>\nPENTYLENE GLYCOL, POTASSIUM CETYL PHOSPHATE, PROPYLENE GLYCOL, SYNTHETIC WAX<br \/>\nETHYLHEXYL TRIAZONE, CAPRYLYL GLYCOL, DIMETHICONOL, DISODIUM EDTA, DROMETRIZOLE TRISILOXANE, GLYCERYL STEARATE, HYDROXYPROPYL METHYLCELLULOSE, SOPROPYL LAUROYL SARCOSINATE, PALMITIC ACID, PEG-100 STEARATE, PEG-8 LAURATE, PHENOXYETHANOL<br \/>\nSODIUM POLYACRYLATE, STEARIC ACID, TEREPHTHALYLIDENE DICAMPHOR SULFONIC ACID<br \/>\nTOCOPHEROL, TRIETHANOLAMINE.<\/p>\n","protected":false},"excerpt":{"rendered":"<p>Anthelios xl lait spf50+ de la roche posay. Protector solar corporal con factor solar muy alto, ideal para pieles secas.<\/p>\n","protected":false},"featured_media":9787,"template":"","meta":{"site-sidebar-layout":"default","site-content-layout":"","ast-site-content-layout":"default","site-content-style":"default","site-sidebar-style":"default","ast-global-header-display":"","ast-banner-title-visibility":"","ast-main-header-display":"","ast-hfb-above-header-display":"","ast-hfb-below-header-display":"","ast-hfb-mobile-header-display":"","site-post-title":"","ast-breadcrumbs-content":"","ast-featured-img":"","footer-sml-layout":"","ast-disable-related-posts":"","theme-transparent-header-meta":"","adv-header-id-meta":"","stick-header-meta":"","header-above-stick-meta":"","header-main-stick-meta":"","header-below-stick-meta":"","astra-migrate-meta-layouts":"default","ast-page-background-enabled":"default","ast-page-background-meta":{"desktop":{"background-color":"var(--ast-global-color-5)","background-image":"","background-repeat":"repeat","background-position":"center center","background-size":"auto","background-attachment":"scroll","background-type":"","background-media":"","overlay-type":"","overlay-color":"","overlay-opacity":"","overlay-gradient":""},"tablet":{"background-color":"","background-image":"","background-repeat":"repeat","background-position":"center center","background-size":"auto","background-attachment":"scroll","background-type":"","background-media":"","overlay-type":"","overlay-color":"","overlay-opacity":"","overlay-gradient":""},"mobile":{"background-color":"","background-image":"","background-repeat":"repeat","background-position":"center center","background-size":"auto","background-attachment":"scroll","background-type":"","background-media":"","overlay-type":"","overlay-color":"","overlay-opacity":"","overlay-gradient":""}},"ast-content-background-meta":{"desktop":{"background-color":"var(--ast-global-color-4)","background-image":"","background-repeat":"repeat","background-position":"center center","background-size":"auto","background-attachment":"scroll","background-type":"","background-media":"","overlay-type":"","overlay-color":"","overlay-opacity":"","overlay-gradient":""},"tablet":{"background-color":"var(--ast-global-color-4)","background-image":"","background-repeat":"repeat","background-position":"center center","background-size":"auto","background-attachment":"scroll","background-type":"","background-media":"","overlay-type":"","overlay-color":"","overlay-opacity":"","overlay-gradient":""},"mobile":{"background-color":"var(--ast-global-color-4)","background-image":"","background-repeat":"repeat","background-position":"center center","background-size":"auto","background-attachment":"scroll","background-type":"","background-media":"","overlay-type":"","overlay-color":"","overlay-opacity":"","overlay-gradient":""}}},"product_brand":[],"product_cat":[214,215],"product_tag":[229,248],"class_list":{"0":"post-14411","1":"product","2":"type-product","3":"status-publish","4":"has-post-thumbnail","6":"product_cat-dermo","7":"product_cat-la-roche-posay","8":"product_tag-proteccion-solar","9":"product_tag-todo-tipo-de-piel","10":"desktop-align-left","11":"tablet-align-left","12":"mobile-align-left","13":"ast-product-gallery-layout-horizontal-slider","14":"ast-product-gallery-with-no-image","15":"ast-product-tabs-layout-horizontal","17":"first","18":"instock","19":"sale","20":"shipping-taxable","21":"purchasable","22":"product-type-simple"},"_links":{"self":[{"href":"http:\/\/vanttive.com\/index.php?rest_route=\/wp\/v2\/product\/14411","targetHints":{"allow":["GET"]}}],"collection":[{"href":"http:\/\/vanttive.com\/index.php?rest_route=\/wp\/v2\/product"}],"about":[{"href":"http:\/\/vanttive.com\/index.php?rest_route=\/wp\/v2\/types\/product"}],"wp:featuredmedia":[{"embeddable":true,"href":"http:\/\/vanttive.com\/index.php?rest_route=\/wp\/v2\/media\/9787"}],"wp:attachment":[{"href":"http:\/\/vanttive.com\/index.php?rest_route=%2Fwp%2Fv2%2Fmedia&parent=14411"}],"wp:term":[{"taxonomy":"product_brand","embeddable":true,"href":"http:\/\/vanttive.com\/index.php?rest_route=%2Fwp%2Fv2%2Fproduct_brand&post=14411"},{"taxonomy":"product_cat","embeddable":true,"href":"http:\/\/vanttive.com\/index.php?rest_route=%2Fwp%2Fv2%2Fproduct_cat&post=14411"},{"taxonomy":"product_tag","embeddable":true,"href":"http:\/\/vanttive.com\/index.php?rest_route=%2Fwp%2Fv2%2Fproduct_tag&post=14411"}],"curies":[{"name":"wp","href":"https:\/\/api.w.org\/{rel}","templated":true}]}}