{"id":14413,"date":"2023-08-20T01:13:22","date_gmt":"2023-08-20T06:13:22","guid":{"rendered":"https:\/\/www.vanttive.com\/producto\/anthelios-protector-solar-mineral-one-ton3-30ml\/"},"modified":"2023-08-20T01:13:22","modified_gmt":"2023-08-20T06:13:22","slug":"anthelios-protector-solar-mineral-one-ton3-30ml","status":"publish","type":"product","link":"http:\/\/vanttive.com\/?product=anthelios-protector-solar-mineral-one-ton3-30ml","title":{"rendered":"Anthelios protector solar mineral one ton3 30ml"},"content":{"rendered":"<p>ANTHELIOS MINERAL ONE es la primera protecci\u00f3n mineral diaria para piel sensible que con solo UN filtro mineral ofrece una protecci\u00f3n de amplio espectro (UVA, UVB, IR-A y luz visible). Proporciona cobertura natural, hidrata tu piel durante 24 horas y la protege de la fotocontaminaci\u00f3n.<br \/>\nTipo de piel: Todo tipo de piel.<br \/>\nBeneficio: Anthelios Mineral One proporciona protecci\u00f3n de amplio espectro de uso diario y cobertura matificante durante 12 horas.<br \/>\nEnriquecida con glicerina y \u00e1cido hialur\u00f3nico, ayuda a hidratar la piel durante 24 horas y fortifica la barrera cut\u00e1nea.<br \/>\n-Crema ligera de uso diario.<br \/>\n-No grasa.<br \/>\n-No pegajosa.<br \/>\n-Acabado mate y natural.<br \/>\n-Con Agua Termal de La Roche-Posay.<\/p>\n<p>Modo de uso: Aplicar como \u00faltimo paso de tu rutina de cuidado de la piel. Volver a aplicarla de manera frecuente y generosa para mantener la protecci\u00f3n, especialmente despu\u00e9s de transpirar o secarse con una toalla. Uso externo.<\/p>\n<p>Ingredientes:<br \/>\nAQUA \/WATER \u2022 TITANIUM DIOXIDE [NANO] \/ TITANIUM DIOXIDE \u2022 DIISOPROPYL SEBACATE \u2022 GLYCERIN \u2022 ALCOHOL DENAT. \u2022 ISOPROPYL PALMITATE \u2022 CAPRYLIC \/ CAPRIC TRIGLYCERIDE \u2022 PROPANEDIOL \u2022 ETHYLHEXYL METHOXYCRYLENE \u2022 DIETHYLHEXYL SYRINGYLIDENEMALONATE \u2022 POLYGLYCERYL-6 POLYRICINOLEATE \u2022 ISOCETYL STEARATE \u2022 TITANIUM DIOXIDE \u2022 ALUMINUM HYDROXIDE \u2022 STEARIC ACID \u2022 TOCOPHEROL \u2022 ALUMINA \u2022 ALUMINUM STEARATE \u2022 CAPRYLYL GLYCOL \u2022 CITRIC ACID \u2022 LECITHIN \u2022 LYSINE \u2022 MAGNESIUM CHLORIDE \u2022 POLYHYDROXYSTEARIC ACID \u2022 PULLULAN \u2022 SCLEROTIUM GUM \u2022 SILICA \u2022 SODIUMHYALURONATE \u2022 SODIUMLAUROYL GLUTAMATE \u2022 STEARALKONIUMHECTORITE \u2022 XANTHAN GUM \u2022 PARFUM \/ FRAGRANCE \u2022 [+\/- MAY CONTAIN CI 77491, CI 77492, CI 77499 \/ IRONOXIDES CI 77891 \/TITANIUM DIOXIDE].<\/p>\n","protected":false},"excerpt":{"rendered":"<p>Anthelios mineral one es la primera protecci\u00f3n mineral diaria para piel sensible que con solo un filtro mineral ofrece una protecci\u00f3n de amplio espectro (uva, uvb, ir-a y luz visible). Proporciona cobertura natural, hidrata tu piel durante 24 horas y la protege de la fotocontaminaci\u00f3n.<\/p>\n","protected":false},"featured_media":10485,"template":"","meta":{"site-sidebar-layout":"default","site-content-layout":"","ast-site-content-layout":"default","site-content-style":"default","site-sidebar-style":"default","ast-global-header-display":"","ast-banner-title-visibility":"","ast-main-header-display":"","ast-hfb-above-header-display":"","ast-hfb-below-header-display":"","ast-hfb-mobile-header-display":"","site-post-title":"","ast-breadcrumbs-content":"","ast-featured-img":"","footer-sml-layout":"","ast-disable-related-posts":"","theme-transparent-header-meta":"","adv-header-id-meta":"","stick-header-meta":"","header-above-stick-meta":"","header-main-stick-meta":"","header-below-stick-meta":"","astra-migrate-meta-layouts":"default","ast-page-background-enabled":"default","ast-page-background-meta":{"desktop":{"background-color":"var(--ast-global-color-5)","background-image":"","background-repeat":"repeat","background-position":"center center","background-size":"auto","background-attachment":"scroll","background-type":"","background-media":"","overlay-type":"","overlay-color":"","overlay-opacity":"","overlay-gradient":""},"tablet":{"background-color":"","background-image":"","background-repeat":"repeat","background-position":"center center","background-size":"auto","background-attachment":"scroll","background-type":"","background-media":"","overlay-type":"","overlay-color":"","overlay-opacity":"","overlay-gradient":""},"mobile":{"background-color":"","background-image":"","background-repeat":"repeat","background-position":"center center","background-size":"auto","background-attachment":"scroll","background-type":"","background-media":"","overlay-type":"","overlay-color":"","overlay-opacity":"","overlay-gradient":""}},"ast-content-background-meta":{"desktop":{"background-color":"var(--ast-global-color-4)","background-image":"","background-repeat":"repeat","background-position":"center center","background-size":"auto","background-attachment":"scroll","background-type":"","background-media":"","overlay-type":"","overlay-color":"","overlay-opacity":"","overlay-gradient":""},"tablet":{"background-color":"var(--ast-global-color-4)","background-image":"","background-repeat":"repeat","background-position":"center center","background-size":"auto","background-attachment":"scroll","background-type":"","background-media":"","overlay-type":"","overlay-color":"","overlay-opacity":"","overlay-gradient":""},"mobile":{"background-color":"var(--ast-global-color-4)","background-image":"","background-repeat":"repeat","background-position":"center center","background-size":"auto","background-attachment":"scroll","background-type":"","background-media":"","overlay-type":"","overlay-color":"","overlay-opacity":"","overlay-gradient":""}}},"product_brand":[],"product_cat":[214,215],"product_tag":[229,248],"class_list":{"0":"post-14413","1":"product","2":"type-product","3":"status-publish","4":"has-post-thumbnail","6":"product_cat-dermo","7":"product_cat-la-roche-posay","8":"product_tag-proteccion-solar","9":"product_tag-todo-tipo-de-piel","10":"desktop-align-left","11":"tablet-align-left","12":"mobile-align-left","13":"ast-product-gallery-layout-horizontal-slider","14":"ast-product-gallery-with-no-image","15":"ast-product-tabs-layout-horizontal","17":"first","18":"instock","19":"sale","20":"shipping-taxable","21":"purchasable","22":"product-type-simple"},"_links":{"self":[{"href":"http:\/\/vanttive.com\/index.php?rest_route=\/wp\/v2\/product\/14413","targetHints":{"allow":["GET"]}}],"collection":[{"href":"http:\/\/vanttive.com\/index.php?rest_route=\/wp\/v2\/product"}],"about":[{"href":"http:\/\/vanttive.com\/index.php?rest_route=\/wp\/v2\/types\/product"}],"wp:featuredmedia":[{"embeddable":true,"href":"http:\/\/vanttive.com\/index.php?rest_route=\/wp\/v2\/media\/10485"}],"wp:attachment":[{"href":"http:\/\/vanttive.com\/index.php?rest_route=%2Fwp%2Fv2%2Fmedia&parent=14413"}],"wp:term":[{"taxonomy":"product_brand","embeddable":true,"href":"http:\/\/vanttive.com\/index.php?rest_route=%2Fwp%2Fv2%2Fproduct_brand&post=14413"},{"taxonomy":"product_cat","embeddable":true,"href":"http:\/\/vanttive.com\/index.php?rest_route=%2Fwp%2Fv2%2Fproduct_cat&post=14413"},{"taxonomy":"product_tag","embeddable":true,"href":"http:\/\/vanttive.com\/index.php?rest_route=%2Fwp%2Fv2%2Fproduct_tag&post=14413"}],"curies":[{"name":"wp","href":"https:\/\/api.w.org\/{rel}","templated":true}]}}