{"id":14415,"date":"2023-08-20T01:13:23","date_gmt":"2023-08-20T06:13:23","guid":{"rendered":"https:\/\/www.vanttive.com\/producto\/anthelios-protector-solar-ninos-100ml\/"},"modified":"2023-08-20T01:13:23","modified_gmt":"2023-08-20T06:13:23","slug":"anthelios-protector-solar-ninos-100ml","status":"publish","type":"product","link":"http:\/\/vanttive.com\/?product=anthelios-protector-solar-ninos-100ml","title":{"rendered":"Anthelios protector solar ni\u00f1os 100ml"},"content":{"rendered":"<p>ANTHELIOS DERMO-PEDIATRICS LOCI\u00d3N FPS 50+ \/ UVA-FP 38 proporciona una alta protecci\u00f3n de amplio espectro (UVA, UVB) para el cuerpo de los ni\u00f1os. No deja marcas blancas. Resistente al agua. Se adapta a la piel sensible de los ni\u00f1os.<br \/>\nEl exceso de exposici\u00f3n al sol es peligroso. Mantener a beb\u00e9s y ni\u00f1os peque\u00f1os alejados de la luz solar directa. No permanecer demasiado tiempo al sol aunque se use una pantalla solar porque no proporciona protecci\u00f3n total. <\/p>\n<p>Tipo de piel: Para la piel sensible de los ni\u00f1os. Hipoalerg\u00e9nica. Fotoestable.<\/p>\n<p>Beneficio: Alta protecci\u00f3n,  muy resistente al agua, no deja marcas blancas, textura ligera, no grasa, con Agua Termal de La Roche-Posay.<\/p>\n<p>Modo de uso: Aplicar la pantalla solar justo antes de la exposici\u00f3n. Volver a aplicarla de manera frecuente y generosa para mantener la protecci\u00f3n, especialmente despu\u00e9s de nadar, transpirar o secarse con una toalla. Proteger a los ni\u00f1os con gorro, playera y lentes de sol. Evitar la zona de los ojos. En caso de contacto con los ojos, aclarar con abundante agua.<\/p>\n<p>Ingredientes:<br \/>\nAQUA \/ WATER \u2022 C12-15 ALKYL BENZOATE \u2022 GLYCERIN \u2022 ETHYLHEXYL SALICYLATE \u2022 BIS-ETHYLHEXYLOXYPHENOL METHOXYPHENYL TRIAZINE \u2022 ALCOHOL DENAT. \u2022 DIISOPROPYL SEBACATE \u2022 BUTYL METHOXYDIBENZOYLMETHANE \u2022 DROMETRIZOLE TRISILOXANE \u2022 PROPYLENE GLYCOL \u2022 DIETHYLHEXYL BUTAMIDO TRIAZONE \u2022 DIMETHICONE \u2022 SYNTHETIC WAX \u2022 TITANIUM DIOXIDE \u2022 POTASSIUM CETYL PHOSPHATE \u2022 AMMONIUM POLYACRYLDIMETHYLTAURAMIDE \/ AMMONIUM \u2022 POLYACRYLOYLDIMETHYL TAURATE \u2022 CAPRYLYL GLYCOL \u2022 DISODIUM EDTA \u2022 GLYCERYL STEARATE \u2022 HYDROXYPROPYL METHYLCELLULOSE \u2022 ISOPROPYL LAUROYL SARCOSINATE \u2022 PALMITIC ACID \u2022 PEG-100 STEARATE \u2022 PENTYLENE GLYCOL \u2022 PHENOXYETHANOL \u2022 STEARIC ACID \u2022 TEREPHTHALYLIDENE DICAMPHOR SULFONIC ACID \u2022 TOCOPHEROL \u2022 TRIETHANOLAMINE.<\/p>\n","protected":false},"excerpt":{"rendered":"<p>Anthelios dermo-pediatrics loci\u00f3n fps 50+ \/ uva-fp 38 proporciona una alta protecci\u00f3n de amplio espectro (uva, uvb) para el cuerpo de los ni\u00f1os. No deja marcas blancas. Resistente al agua. Se adapta a la piel sensible de los ni\u00f1os.<\/p>\n","protected":false},"featured_media":10483,"template":"","meta":{"site-sidebar-layout":"default","site-content-layout":"","ast-site-content-layout":"default","site-content-style":"default","site-sidebar-style":"default","ast-global-header-display":"","ast-banner-title-visibility":"","ast-main-header-display":"","ast-hfb-above-header-display":"","ast-hfb-below-header-display":"","ast-hfb-mobile-header-display":"","site-post-title":"","ast-breadcrumbs-content":"","ast-featured-img":"","footer-sml-layout":"","ast-disable-related-posts":"","theme-transparent-header-meta":"","adv-header-id-meta":"","stick-header-meta":"","header-above-stick-meta":"","header-main-stick-meta":"","header-below-stick-meta":"","astra-migrate-meta-layouts":"default","ast-page-background-enabled":"default","ast-page-background-meta":{"desktop":{"background-color":"var(--ast-global-color-5)","background-image":"","background-repeat":"repeat","background-position":"center center","background-size":"auto","background-attachment":"scroll","background-type":"","background-media":"","overlay-type":"","overlay-color":"","overlay-opacity":"","overlay-gradient":""},"tablet":{"background-color":"","background-image":"","background-repeat":"repeat","background-position":"center center","background-size":"auto","background-attachment":"scroll","background-type":"","background-media":"","overlay-type":"","overlay-color":"","overlay-opacity":"","overlay-gradient":""},"mobile":{"background-color":"","background-image":"","background-repeat":"repeat","background-position":"center center","background-size":"auto","background-attachment":"scroll","background-type":"","background-media":"","overlay-type":"","overlay-color":"","overlay-opacity":"","overlay-gradient":""}},"ast-content-background-meta":{"desktop":{"background-color":"var(--ast-global-color-4)","background-image":"","background-repeat":"repeat","background-position":"center center","background-size":"auto","background-attachment":"scroll","background-type":"","background-media":"","overlay-type":"","overlay-color":"","overlay-opacity":"","overlay-gradient":""},"tablet":{"background-color":"var(--ast-global-color-4)","background-image":"","background-repeat":"repeat","background-position":"center center","background-size":"auto","background-attachment":"scroll","background-type":"","background-media":"","overlay-type":"","overlay-color":"","overlay-opacity":"","overlay-gradient":""},"mobile":{"background-color":"var(--ast-global-color-4)","background-image":"","background-repeat":"repeat","background-position":"center center","background-size":"auto","background-attachment":"scroll","background-type":"","background-media":"","overlay-type":"","overlay-color":"","overlay-opacity":"","overlay-gradient":""}}},"product_brand":[],"product_cat":[214,215],"product_tag":[243,229,248],"class_list":{"0":"post-14415","1":"product","2":"type-product","3":"status-publish","4":"has-post-thumbnail","6":"product_cat-dermo","7":"product_cat-la-roche-posay","8":"product_tag-pediatrico","9":"product_tag-proteccion-solar","10":"product_tag-todo-tipo-de-piel","11":"desktop-align-left","12":"tablet-align-left","13":"mobile-align-left","14":"ast-product-gallery-layout-horizontal-slider","15":"ast-product-gallery-with-no-image","16":"ast-product-tabs-layout-horizontal","18":"first","19":"instock","20":"sale","21":"shipping-taxable","22":"purchasable","23":"product-type-simple"},"_links":{"self":[{"href":"http:\/\/vanttive.com\/index.php?rest_route=\/wp\/v2\/product\/14415","targetHints":{"allow":["GET"]}}],"collection":[{"href":"http:\/\/vanttive.com\/index.php?rest_route=\/wp\/v2\/product"}],"about":[{"href":"http:\/\/vanttive.com\/index.php?rest_route=\/wp\/v2\/types\/product"}],"wp:featuredmedia":[{"embeddable":true,"href":"http:\/\/vanttive.com\/index.php?rest_route=\/wp\/v2\/media\/10483"}],"wp:attachment":[{"href":"http:\/\/vanttive.com\/index.php?rest_route=%2Fwp%2Fv2%2Fmedia&parent=14415"}],"wp:term":[{"taxonomy":"product_brand","embeddable":true,"href":"http:\/\/vanttive.com\/index.php?rest_route=%2Fwp%2Fv2%2Fproduct_brand&post=14415"},{"taxonomy":"product_cat","embeddable":true,"href":"http:\/\/vanttive.com\/index.php?rest_route=%2Fwp%2Fv2%2Fproduct_cat&post=14415"},{"taxonomy":"product_tag","embeddable":true,"href":"http:\/\/vanttive.com\/index.php?rest_route=%2Fwp%2Fv2%2Fproduct_tag&post=14415"}],"curies":[{"name":"wp","href":"https:\/\/api.w.org\/{rel}","templated":true}]}}