{"id":14416,"date":"2023-08-20T01:13:23","date_gmt":"2023-08-20T06:13:23","guid":{"rendered":"https:\/\/www.vanttive.com\/producto\/anthelios-protector-solar-uvmune-tinte-50ml\/"},"modified":"2023-08-20T01:13:23","modified_gmt":"2023-08-20T06:13:23","slug":"anthelios-protector-solar-uvmune-tinte-50ml","status":"publish","type":"product","link":"http:\/\/vanttive.com\/?product=anthelios-protector-solar-uvmune-tinte-50ml","title":{"rendered":"Anthelios protector solar uvmune tinte 50ml"},"content":{"rendered":"<p>Protector Solar La Roche Posay Facial Anthelios UV Mune Con Color SPF50+ 50ml50mlProtector solar Anthelios uv Mune con color tiene la protecci\u00f3n UVA m\u00e1s alta\u00a0 alcanzada por un producto Anthelios.50mlMexoryl 400 \u2013 Filtro De Protecci\u00f3n Solar Incluso Para Los Rayos Uv M\u00e1s Insidiosos (1380-400Nm).<\/p>\n<p>Tipo de piel: Todo tipo de piel.<\/p>\n<p>Beneficio: Tiene la protecci\u00f3n UVA m\u00e1s alta\u00a0 alcanzada por un producto Anthelios. Su protecci\u00f3n de amplio espectro protege la piel de los rayos UVA y UVB y ayuda a prevenir el da\u00f1o causado por rayos infrarrojo-A y la contaminaci\u00f3n.\u00a0 Su textura ULTRA FLUIDA e INVISIBLE permite una f\u00e1cil y c\u00f3moda aplicaci\u00f3n sin manchas blancas. Es ULTRA RESISTENTE al agua, al sudor y a la arena. No migra a los ojos ni causa picor.<\/p>\n<p>-Ultrafluida. Acabado invisible. No graso. No pegajoso.<br \/>\n-Con agua termal de La Roche-Posay.<\/p>\n<p>Modo de uso: Aplicar en el rostro, para uso diario y exposici\u00f3n solar. Aplicar el producto justo antes de la exposici\u00f3n. Reaplicar generosamente con frecuencia para mantener la protecci\u00f3n, especialmente despu\u00e9s de sudar o de utilizar una toalla.<\/p>\n<p>Ingredientes:<br \/>\nAQUA \/ WATER \/ EAU ?ALCOHOL DENAT. ?TRIETHYL CITRATE ?DIISOPROPYL SEBACATE ?SILICA ?ETHYLHEXYL SALICYLATE ?BIS-ETHYLHEXYLOXYPHENOL METHOXYPHENYL TRIAZINE ?ETHYLHEXYL TRIAZONE ?BUTYL METHOXYDIBENZOYLMETHANE ?GLYCERIN ?<br \/>\nPROPANEDIOL ?C12-22 ALKYL ACRYLATE\/HYDROXYETHYLACRYLATE COPOLYMER ?METHOXYPROPYLAMINO CYCLOHEXENYLIDENE<br \/>\nETHOXYETHYLCYANOACETATE ?PERLITE ?TOCOPHEROL ?CAPRYLIC\/CAPRIC TRIGLYCERIDE ?ACRYLATES\/C10-30 ALKYL ACRYLATE CROSSPOLYMER ?<br \/>\nCAPRYLYL GLYCOL ?DIETHYLAMINO HYDROXYBENZOYL HEXYL BENZOATE ?DROMETRIZOLE TRISILOXANE ?HYDROXYETHYLCELLULOSE ?TEREPHTHALYLIDENE DICAMPHOR SULFONIC ACID ?<br \/>\nTRIETHANOLAMINE ?TRISODIUM ETHYLENEDIAMINE DISUCCINATE ?PARFUM \/ FRAGRANCE.<\/p>\n","protected":false},"excerpt":{"rendered":"<p>Muy alta protecci\u00f3n. Ultraresistente. Textura invisible. Anthelios uvmune 400 fluido invisible fps 50+ con tinte.<\/p>\n","protected":false},"featured_media":9774,"template":"","meta":{"site-sidebar-layout":"default","site-content-layout":"","ast-site-content-layout":"default","site-content-style":"default","site-sidebar-style":"default","ast-global-header-display":"","ast-banner-title-visibility":"","ast-main-header-display":"","ast-hfb-above-header-display":"","ast-hfb-below-header-display":"","ast-hfb-mobile-header-display":"","site-post-title":"","ast-breadcrumbs-content":"","ast-featured-img":"","footer-sml-layout":"","ast-disable-related-posts":"","theme-transparent-header-meta":"","adv-header-id-meta":"","stick-header-meta":"","header-above-stick-meta":"","header-main-stick-meta":"","header-below-stick-meta":"","astra-migrate-meta-layouts":"default","ast-page-background-enabled":"default","ast-page-background-meta":{"desktop":{"background-color":"var(--ast-global-color-5)","background-image":"","background-repeat":"repeat","background-position":"center center","background-size":"auto","background-attachment":"scroll","background-type":"","background-media":"","overlay-type":"","overlay-color":"","overlay-opacity":"","overlay-gradient":""},"tablet":{"background-color":"","background-image":"","background-repeat":"repeat","background-position":"center center","background-size":"auto","background-attachment":"scroll","background-type":"","background-media":"","overlay-type":"","overlay-color":"","overlay-opacity":"","overlay-gradient":""},"mobile":{"background-color":"","background-image":"","background-repeat":"repeat","background-position":"center center","background-size":"auto","background-attachment":"scroll","background-type":"","background-media":"","overlay-type":"","overlay-color":"","overlay-opacity":"","overlay-gradient":""}},"ast-content-background-meta":{"desktop":{"background-color":"var(--ast-global-color-4)","background-image":"","background-repeat":"repeat","background-position":"center center","background-size":"auto","background-attachment":"scroll","background-type":"","background-media":"","overlay-type":"","overlay-color":"","overlay-opacity":"","overlay-gradient":""},"tablet":{"background-color":"var(--ast-global-color-4)","background-image":"","background-repeat":"repeat","background-position":"center center","background-size":"auto","background-attachment":"scroll","background-type":"","background-media":"","overlay-type":"","overlay-color":"","overlay-opacity":"","overlay-gradient":""},"mobile":{"background-color":"var(--ast-global-color-4)","background-image":"","background-repeat":"repeat","background-position":"center center","background-size":"auto","background-attachment":"scroll","background-type":"","background-media":"","overlay-type":"","overlay-color":"","overlay-opacity":"","overlay-gradient":""}}},"product_brand":[],"product_cat":[214,215],"product_tag":[229,248],"class_list":{"0":"post-14416","1":"product","2":"type-product","3":"status-publish","4":"has-post-thumbnail","6":"product_cat-dermo","7":"product_cat-la-roche-posay","8":"product_tag-proteccion-solar","9":"product_tag-todo-tipo-de-piel","10":"desktop-align-left","11":"tablet-align-left","12":"mobile-align-left","13":"ast-product-gallery-layout-horizontal-slider","14":"ast-product-gallery-with-no-image","15":"ast-product-tabs-layout-horizontal","17":"first","18":"instock","19":"sale","20":"shipping-taxable","21":"purchasable","22":"product-type-simple"},"_links":{"self":[{"href":"http:\/\/vanttive.com\/index.php?rest_route=\/wp\/v2\/product\/14416","targetHints":{"allow":["GET"]}}],"collection":[{"href":"http:\/\/vanttive.com\/index.php?rest_route=\/wp\/v2\/product"}],"about":[{"href":"http:\/\/vanttive.com\/index.php?rest_route=\/wp\/v2\/types\/product"}],"wp:featuredmedia":[{"embeddable":true,"href":"http:\/\/vanttive.com\/index.php?rest_route=\/wp\/v2\/media\/9774"}],"wp:attachment":[{"href":"http:\/\/vanttive.com\/index.php?rest_route=%2Fwp%2Fv2%2Fmedia&parent=14416"}],"wp:term":[{"taxonomy":"product_brand","embeddable":true,"href":"http:\/\/vanttive.com\/index.php?rest_route=%2Fwp%2Fv2%2Fproduct_brand&post=14416"},{"taxonomy":"product_cat","embeddable":true,"href":"http:\/\/vanttive.com\/index.php?rest_route=%2Fwp%2Fv2%2Fproduct_cat&post=14416"},{"taxonomy":"product_tag","embeddable":true,"href":"http:\/\/vanttive.com\/index.php?rest_route=%2Fwp%2Fv2%2Fproduct_tag&post=14416"}],"curies":[{"name":"wp","href":"https:\/\/api.w.org\/{rel}","templated":true}]}}