{"id":14418,"date":"2023-08-20T01:13:24","date_gmt":"2023-08-20T06:13:24","guid":{"rendered":"https:\/\/www.vanttive.com\/producto\/effaclar-cr-fac-duo-40ml\/"},"modified":"2023-08-20T01:13:24","modified_gmt":"2023-08-20T06:13:24","slug":"effaclar-cr-fac-duo-40ml","status":"publish","type":"product","link":"http:\/\/vanttive.com\/?product=effaclar-cr-fac-duo-40ml","title":{"rendered":"Effaclar cr fac duo(+) 40ml"},"content":{"rendered":"<p>EFFACLAR DUO(+) es un producto completo con eficacia anti imperfecciones reforzada, que ayuda a aclarar r\u00e1pidamente las manchas existentes, previene su reaparici\u00f3n y limita el riesgo de que queden marcas. Evita poros obstruidos y dilatados. Evita marcas y las corrige. Ayuda a eliminar la irritaci\u00f3n cut\u00e1nea. Acci\u00f3n anti-bacterial. Textura perfectamente tolerada, adecuada para las pieles sensibles.<\/p>\n<p>Tipo de piel: Piel grasa.<\/p>\n<p>Beneficios: Crema ligera de tratamiento contra puntos negros, textura irregular de la piel y brillos, para pieles mixtas a grasas. Textura aqua-gel, ultra-fresca y no grasa, de r\u00e1pida absorci\u00f3n. Brinda hidrataci\u00f3n y confort durante todo el d\u00eda.<\/p>\n<p>Modo de uso: Aplicar en el rostro. Tomar una peque\u00f1a cantidad (como del tama\u00f1o de una avellana) de producto y entibiarlo para facilitar su absorci\u00f3n. Masajear suavemente en la frente con suaves golpecitos y extender en el rostro.<\/p>\n<p>Ingredientes:<br \/>\nAQUA \/ WATER \u2022 GLYCERIN \u2022 DIMETHICONE \u2022 ISOCETYL STEARATE \u2022 NIACINAMIDE \u2022 ISOPROPYL LAUROYL SARCOSINATE \u2022 SI L I CA \u2022 AMMONIUM POLYACRYLOYLDIMETHYL TAURATE \u2022 METHYL METHACRYLATE CROSSPOLYMER \u2022 POTASSIUM CETYL PHOSPHATE \u2022 SORBITAN OLEATE \u2022 ZINC PCA \u2022 G LY C ERY L STEARAT E S E \u2022 ISOHEXADECANE \u2022 SODIUM HYDROXIDE \u2022 M Y R I S T Y L M Y R I S T A T E \u2022 2-OLEAMIDO-1,3-OCTADECANEDIOL \u2022 ALUMINUM STARCH OCTENYLSUCCINATE \u2022 MANNOSE \u2022 POLOXAMER 338 \u2022 DISODIUM EDTA \u2022 CAPRYLOYL SALICYLIC ACID \u2022 CAPRYLYL G LYCOL \u2022 V ITREOSCILLA F E R M E N T \u2022 X A N T H A N G UM \u2022 POLYSORBATE 80 \u2022 ACRYLAMIDE\/SODIUM ACRYLOYLDIMETHYLTAURATE COPOLYMER \u2022 SALICYLIC ACID \u2022 PIROCTONE OLAMINE \u2022 PARFUM \/ FRAGRANCE.<\/p>\n","protected":false},"excerpt":{"rendered":"<p>Effaclar duo(+) muestra eficacia visible en las imperfecciones a partir de las 12 horas* de uso. Este r\u00e1pido resultado fue demostrado bajo control dermatol\u00f3gico: disminuye significativamente el enrojecimiento y la piel queda m\u00e1s suave.<\/p>\n","protected":false},"featured_media":9735,"template":"","meta":{"site-sidebar-layout":"default","site-content-layout":"","ast-site-content-layout":"default","site-content-style":"default","site-sidebar-style":"default","ast-global-header-display":"","ast-banner-title-visibility":"","ast-main-header-display":"","ast-hfb-above-header-display":"","ast-hfb-below-header-display":"","ast-hfb-mobile-header-display":"","site-post-title":"","ast-breadcrumbs-content":"","ast-featured-img":"","footer-sml-layout":"","ast-disable-related-posts":"","theme-transparent-header-meta":"","adv-header-id-meta":"","stick-header-meta":"","header-above-stick-meta":"","header-main-stick-meta":"","header-below-stick-meta":"","astra-migrate-meta-layouts":"default","ast-page-background-enabled":"default","ast-page-background-meta":{"desktop":{"background-color":"var(--ast-global-color-5)","background-image":"","background-repeat":"repeat","background-position":"center center","background-size":"auto","background-attachment":"scroll","background-type":"","background-media":"","overlay-type":"","overlay-color":"","overlay-opacity":"","overlay-gradient":""},"tablet":{"background-color":"","background-image":"","background-repeat":"repeat","background-position":"center center","background-size":"auto","background-attachment":"scroll","background-type":"","background-media":"","overlay-type":"","overlay-color":"","overlay-opacity":"","overlay-gradient":""},"mobile":{"background-color":"","background-image":"","background-repeat":"repeat","background-position":"center center","background-size":"auto","background-attachment":"scroll","background-type":"","background-media":"","overlay-type":"","overlay-color":"","overlay-opacity":"","overlay-gradient":""}},"ast-content-background-meta":{"desktop":{"background-color":"var(--ast-global-color-4)","background-image":"","background-repeat":"repeat","background-position":"center center","background-size":"auto","background-attachment":"scroll","background-type":"","background-media":"","overlay-type":"","overlay-color":"","overlay-opacity":"","overlay-gradient":""},"tablet":{"background-color":"var(--ast-global-color-4)","background-image":"","background-repeat":"repeat","background-position":"center center","background-size":"auto","background-attachment":"scroll","background-type":"","background-media":"","overlay-type":"","overlay-color":"","overlay-opacity":"","overlay-gradient":""},"mobile":{"background-color":"var(--ast-global-color-4)","background-image":"","background-repeat":"repeat","background-position":"center center","background-size":"auto","background-attachment":"scroll","background-type":"","background-media":"","overlay-type":"","overlay-color":"","overlay-opacity":"","overlay-gradient":""}}},"product_brand":[],"product_cat":[214,215],"product_tag":[225,232,248],"class_list":{"0":"post-14418","1":"product","2":"type-product","3":"status-publish","4":"has-post-thumbnail","6":"product_cat-dermo","7":"product_cat-la-roche-posay","8":"product_tag-anti-manchas","9":"product_tag-hidratacion-facial","10":"product_tag-todo-tipo-de-piel","11":"desktop-align-left","12":"tablet-align-left","13":"mobile-align-left","14":"ast-product-gallery-layout-horizontal-slider","15":"ast-product-gallery-with-no-image","16":"ast-product-tabs-layout-horizontal","18":"first","19":"instock","20":"sale","21":"shipping-taxable","22":"purchasable","23":"product-type-simple"},"_links":{"self":[{"href":"http:\/\/vanttive.com\/index.php?rest_route=\/wp\/v2\/product\/14418","targetHints":{"allow":["GET"]}}],"collection":[{"href":"http:\/\/vanttive.com\/index.php?rest_route=\/wp\/v2\/product"}],"about":[{"href":"http:\/\/vanttive.com\/index.php?rest_route=\/wp\/v2\/types\/product"}],"wp:featuredmedia":[{"embeddable":true,"href":"http:\/\/vanttive.com\/index.php?rest_route=\/wp\/v2\/media\/9735"}],"wp:attachment":[{"href":"http:\/\/vanttive.com\/index.php?rest_route=%2Fwp%2Fv2%2Fmedia&parent=14418"}],"wp:term":[{"taxonomy":"product_brand","embeddable":true,"href":"http:\/\/vanttive.com\/index.php?rest_route=%2Fwp%2Fv2%2Fproduct_brand&post=14418"},{"taxonomy":"product_cat","embeddable":true,"href":"http:\/\/vanttive.com\/index.php?rest_route=%2Fwp%2Fv2%2Fproduct_cat&post=14418"},{"taxonomy":"product_tag","embeddable":true,"href":"http:\/\/vanttive.com\/index.php?rest_route=%2Fwp%2Fv2%2Fproduct_tag&post=14418"}],"curies":[{"name":"wp","href":"https:\/\/api.w.org\/{rel}","templated":true}]}}