{"id":14419,"date":"2023-08-20T01:13:24","date_gmt":"2023-08-20T06:13:24","guid":{"rendered":"https:\/\/www.vanttive.com\/producto\/effaclar-crema-facial-bb-blur-tinte-30ml\/"},"modified":"2023-08-20T01:13:24","modified_gmt":"2023-08-20T06:13:24","slug":"effaclar-crema-facial-bb-blur-tinte-30ml","status":"publish","type":"product","link":"http:\/\/vanttive.com\/?product=effaclar-crema-facial-bb-blur-tinte-30ml","title":{"rendered":"Effaclar crema facial bb blur tinte 30ml"},"content":{"rendered":"<p>EFFACLAR BB BLUR es una crema matificante con color que cubre las imperfecciones al instante y controla el brillo en el rostro, durante todo el d\u00eda. textura en mousse\/crema con color que brinda una alta cobertura para pieles grasas y\/o con tendencia acnenica. Brinda un acabado anti-brillo durante todo el d\u00eda, de r\u00e1pida absorci\u00f3n para pieles sensibles.<\/p>\n<p>Tipo de piel: Piel grasa y\/o con tendencia al acn\u00e9.<\/p>\n<p>Beneficios: T Ayuda a reducir la oleosidad en el rostro durante todo el d\u00eda, brinda una cobertura matificante y completa con larga duraci\u00f3n. Es un producto con una textura innovadora en mousse apto para pieles sensibles con imperfecciones y piel grasa.<br \/>\nLA CIENCIA DETR\u00c1S<br \/>\nLa Roche-Posay ha desarrollado esta crema matificante para controlar el exceso de brillo en el rostro al mismo tiempo de brindar una cobertura durante 24 horas para pieles sensibles con imperfecciones y piel grasa.<\/p>\n<p>Modo de uso: Aplicar en el rostro.<\/p>\n<p>Ingredientes:<br \/>\nItanium Dioxide, Dimethicone, Undecane, Dimethicone Crosspolymer, Tridecane, Tocopheryl Acetate, Silica Silylate, Perlite, Disodium Stearoyl Glutamate, Retinyl Linoleate, Aluminum Hydroxide, Iron Oxides, Titanium Dioxide.<\/p>\n","protected":false},"excerpt":{"rendered":"<p>Effaclar bb blur es una crema matificante con color que cubre las imperfecciones al instante y controla el brillo en el rostro, durante todo el d\u00eda.<\/p>\n","protected":false},"featured_media":9738,"template":"","meta":{"site-sidebar-layout":"default","site-content-layout":"","ast-site-content-layout":"default","site-content-style":"default","site-sidebar-style":"default","ast-global-header-display":"","ast-banner-title-visibility":"","ast-main-header-display":"","ast-hfb-above-header-display":"","ast-hfb-below-header-display":"","ast-hfb-mobile-header-display":"","site-post-title":"","ast-breadcrumbs-content":"","ast-featured-img":"","footer-sml-layout":"","ast-disable-related-posts":"","theme-transparent-header-meta":"","adv-header-id-meta":"","stick-header-meta":"","header-above-stick-meta":"","header-main-stick-meta":"","header-below-stick-meta":"","astra-migrate-meta-layouts":"default","ast-page-background-enabled":"default","ast-page-background-meta":{"desktop":{"background-color":"var(--ast-global-color-5)","background-image":"","background-repeat":"repeat","background-position":"center center","background-size":"auto","background-attachment":"scroll","background-type":"","background-media":"","overlay-type":"","overlay-color":"","overlay-opacity":"","overlay-gradient":""},"tablet":{"background-color":"","background-image":"","background-repeat":"repeat","background-position":"center center","background-size":"auto","background-attachment":"scroll","background-type":"","background-media":"","overlay-type":"","overlay-color":"","overlay-opacity":"","overlay-gradient":""},"mobile":{"background-color":"","background-image":"","background-repeat":"repeat","background-position":"center center","background-size":"auto","background-attachment":"scroll","background-type":"","background-media":"","overlay-type":"","overlay-color":"","overlay-opacity":"","overlay-gradient":""}},"ast-content-background-meta":{"desktop":{"background-color":"var(--ast-global-color-4)","background-image":"","background-repeat":"repeat","background-position":"center center","background-size":"auto","background-attachment":"scroll","background-type":"","background-media":"","overlay-type":"","overlay-color":"","overlay-opacity":"","overlay-gradient":""},"tablet":{"background-color":"var(--ast-global-color-4)","background-image":"","background-repeat":"repeat","background-position":"center center","background-size":"auto","background-attachment":"scroll","background-type":"","background-media":"","overlay-type":"","overlay-color":"","overlay-opacity":"","overlay-gradient":""},"mobile":{"background-color":"var(--ast-global-color-4)","background-image":"","background-repeat":"repeat","background-position":"center center","background-size":"auto","background-attachment":"scroll","background-type":"","background-media":"","overlay-type":"","overlay-color":"","overlay-opacity":"","overlay-gradient":""}}},"product_brand":[],"product_cat":[214,215],"product_tag":[231,248],"class_list":{"0":"post-14419","1":"product","2":"type-product","3":"status-publish","4":"has-post-thumbnail","6":"product_cat-dermo","7":"product_cat-la-roche-posay","8":"product_tag-cuidado-facial","9":"product_tag-todo-tipo-de-piel","10":"desktop-align-left","11":"tablet-align-left","12":"mobile-align-left","13":"ast-product-gallery-layout-horizontal-slider","14":"ast-product-gallery-with-no-image","15":"ast-product-tabs-layout-horizontal","17":"first","18":"instock","19":"sale","20":"shipping-taxable","21":"purchasable","22":"product-type-simple"},"_links":{"self":[{"href":"http:\/\/vanttive.com\/index.php?rest_route=\/wp\/v2\/product\/14419","targetHints":{"allow":["GET"]}}],"collection":[{"href":"http:\/\/vanttive.com\/index.php?rest_route=\/wp\/v2\/product"}],"about":[{"href":"http:\/\/vanttive.com\/index.php?rest_route=\/wp\/v2\/types\/product"}],"wp:featuredmedia":[{"embeddable":true,"href":"http:\/\/vanttive.com\/index.php?rest_route=\/wp\/v2\/media\/9738"}],"wp:attachment":[{"href":"http:\/\/vanttive.com\/index.php?rest_route=%2Fwp%2Fv2%2Fmedia&parent=14419"}],"wp:term":[{"taxonomy":"product_brand","embeddable":true,"href":"http:\/\/vanttive.com\/index.php?rest_route=%2Fwp%2Fv2%2Fproduct_brand&post=14419"},{"taxonomy":"product_cat","embeddable":true,"href":"http:\/\/vanttive.com\/index.php?rest_route=%2Fwp%2Fv2%2Fproduct_cat&post=14419"},{"taxonomy":"product_tag","embeddable":true,"href":"http:\/\/vanttive.com\/index.php?rest_route=%2Fwp%2Fv2%2Fproduct_tag&post=14419"}],"curies":[{"name":"wp","href":"https:\/\/api.w.org\/{rel}","templated":true}]}}