{"id":14424,"date":"2023-08-20T01:13:26","date_gmt":"2023-08-20T06:13:26","guid":{"rendered":"https:\/\/www.vanttive.com\/producto\/pack-crema-de-manos-2x1\/"},"modified":"2023-08-20T01:13:26","modified_gmt":"2023-08-20T06:13:26","slug":"pack-crema-de-manos-2x1","status":"publish","type":"product","link":"http:\/\/vanttive.com\/?product=pack-crema-de-manos-2x1","title":{"rendered":"Pack crema de manos 2&#215;1"},"content":{"rendered":"<p>Pack crema de manos 2&#215;1<br \/>\nLa Crema de Manos renovadora de CeraVe hidrata de forma efectiva mientras ayuda a reparar la barrera protectora de la piel. Esta crema no grasa de r\u00e1pida absorci\u00f3n con 3 ceramidas esenciales y \u00e1cido hialur\u00f3nico, alivia la sequedad para que las manos tengan una apariencia saludable y est\u00e9n suaves. Su f\u00f3rmula sin perfume es adecuada para pieles sensibles. <\/p>\n<p>Tipo de piel: Todo tipo de piel. Manos extremadamente secas e irregulares.<\/p>\n<p>Beneficios: Hidrataci\u00f3n que dura todo el d\u00eda , protege la piel de los irritantes diarios, alivia la sequedad y ayuda a reparar la barrera protectora de la piel de las manos.<\/p>\n<p>Modo de uso: Aplicar en manos.<\/p>\n<p>Ingredientes:<br \/>\nAQUA\/WATER, GLYCERIN, CETEARYL ALCOHOL, CAPRYLIC\/CAPRIC TRIGLYCERIDE, CETYL ALCOHOL, CETEARETH-20, PETROLATUM, BEHENTRIMONIUM METHOSULFATE, CARBOMER, CERAMIDE AP, CERAMIDE EOP, CERAMIDE NP, CHOLESTEROL, DIMETHICONE, DIPOTASSIUM PHOSPHATE, DISODIUM EDTA, ETHYLHEXYLGLYCERIN, PHENOXYETHANOL, PHYTOSPHINGOSINE, POTASSIUM PHOSPHATE, SODIUM HYALURONATE, SODIUM LAUROYL LACTYLATE, TOCOPHEROL, XANTHAN GUM.<\/p>\n","protected":false},"excerpt":{"rendered":"<p>Pack crema de manos 2&#215;1<br \/>\nLa Crema de Manos renovadora de CeraVe hidrata de forma efectiva mientras ayuda a reparar la barrera protectora de la piel. <\/p>\n","protected":false},"featured_media":10493,"template":"","meta":{"site-sidebar-layout":"default","site-content-layout":"","ast-site-content-layout":"default","site-content-style":"default","site-sidebar-style":"default","ast-global-header-display":"","ast-banner-title-visibility":"","ast-main-header-display":"","ast-hfb-above-header-display":"","ast-hfb-below-header-display":"","ast-hfb-mobile-header-display":"","site-post-title":"","ast-breadcrumbs-content":"","ast-featured-img":"","footer-sml-layout":"","ast-disable-related-posts":"","theme-transparent-header-meta":"","adv-header-id-meta":"","stick-header-meta":"","header-above-stick-meta":"","header-main-stick-meta":"","header-below-stick-meta":"","astra-migrate-meta-layouts":"default","ast-page-background-enabled":"default","ast-page-background-meta":{"desktop":{"background-color":"var(--ast-global-color-5)","background-image":"","background-repeat":"repeat","background-position":"center center","background-size":"auto","background-attachment":"scroll","background-type":"","background-media":"","overlay-type":"","overlay-color":"","overlay-opacity":"","overlay-gradient":""},"tablet":{"background-color":"","background-image":"","background-repeat":"repeat","background-position":"center center","background-size":"auto","background-attachment":"scroll","background-type":"","background-media":"","overlay-type":"","overlay-color":"","overlay-opacity":"","overlay-gradient":""},"mobile":{"background-color":"","background-image":"","background-repeat":"repeat","background-position":"center center","background-size":"auto","background-attachment":"scroll","background-type":"","background-media":"","overlay-type":"","overlay-color":"","overlay-opacity":"","overlay-gradient":""}},"ast-content-background-meta":{"desktop":{"background-color":"var(--ast-global-color-4)","background-image":"","background-repeat":"repeat","background-position":"center center","background-size":"auto","background-attachment":"scroll","background-type":"","background-media":"","overlay-type":"","overlay-color":"","overlay-opacity":"","overlay-gradient":""},"tablet":{"background-color":"var(--ast-global-color-4)","background-image":"","background-repeat":"repeat","background-position":"center center","background-size":"auto","background-attachment":"scroll","background-type":"","background-media":"","overlay-type":"","overlay-color":"","overlay-opacity":"","overlay-gradient":""},"mobile":{"background-color":"var(--ast-global-color-4)","background-image":"","background-repeat":"repeat","background-position":"center center","background-size":"auto","background-attachment":"scroll","background-type":"","background-media":"","overlay-type":"","overlay-color":"","overlay-opacity":"","overlay-gradient":""}}},"product_brand":[],"product_cat":[220,214],"product_tag":[221,227,233,234,45,248],"class_list":{"0":"post-14424","1":"product","2":"type-product","3":"status-publish","4":"has-post-thumbnail","6":"product_cat-cerave","7":"product_cat-dermo","8":"product_tag-limpiadores-faciales","9":"product_tag-nuevo","10":"product_tag-piel-atopica","11":"product_tag-piel-seca","12":"product_tag-promo","13":"product_tag-todo-tipo-de-piel","14":"desktop-align-left","15":"tablet-align-left","16":"mobile-align-left","17":"ast-product-gallery-layout-horizontal-slider","18":"ast-product-gallery-with-no-image","19":"ast-product-tabs-layout-horizontal","21":"first","22":"instock","23":"sale","24":"shipping-taxable","25":"purchasable","26":"product-type-simple"},"_links":{"self":[{"href":"http:\/\/vanttive.com\/index.php?rest_route=\/wp\/v2\/product\/14424","targetHints":{"allow":["GET"]}}],"collection":[{"href":"http:\/\/vanttive.com\/index.php?rest_route=\/wp\/v2\/product"}],"about":[{"href":"http:\/\/vanttive.com\/index.php?rest_route=\/wp\/v2\/types\/product"}],"wp:featuredmedia":[{"embeddable":true,"href":"http:\/\/vanttive.com\/index.php?rest_route=\/wp\/v2\/media\/10493"}],"wp:attachment":[{"href":"http:\/\/vanttive.com\/index.php?rest_route=%2Fwp%2Fv2%2Fmedia&parent=14424"}],"wp:term":[{"taxonomy":"product_brand","embeddable":true,"href":"http:\/\/vanttive.com\/index.php?rest_route=%2Fwp%2Fv2%2Fproduct_brand&post=14424"},{"taxonomy":"product_cat","embeddable":true,"href":"http:\/\/vanttive.com\/index.php?rest_route=%2Fwp%2Fv2%2Fproduct_cat&post=14424"},{"taxonomy":"product_tag","embeddable":true,"href":"http:\/\/vanttive.com\/index.php?rest_route=%2Fwp%2Fv2%2Fproduct_tag&post=14424"}],"curies":[{"name":"wp","href":"https:\/\/api.w.org\/{rel}","templated":true}]}}