{"id":14425,"date":"2023-08-20T01:13:27","date_gmt":"2023-08-20T06:13:27","guid":{"rendered":"https:\/\/www.vanttive.com\/producto\/agua-micelar-295ml\/"},"modified":"2023-08-20T01:13:27","modified_gmt":"2023-08-20T06:13:27","slug":"agua-micelar-295ml","status":"publish","type":"product","link":"http:\/\/vanttive.com\/?product=agua-micelar-295ml","title":{"rendered":"Agua micelar 295ml"},"content":{"rendered":"<p>Agua micelar hidratante CeraVe, con ceramidas y niacinamida, ayuda a calmar la piel sin alterar la barrera cut\u00e1nea protectora. Limpia, hidrata, elimina el maquillaje.<\/p>\n<p>Tipo de piel: Normal, normal a seca, seca a muy seca.<\/p>\n<p>Beneficios: La f\u00f3rmula 3 en 1 limpia, hidrata y desmaquilla sin alterar la barrera cut\u00e1nea. Ayudan a restaurar y mantener la barrera natural de la piel. Elimina el maquillaje de la cara y de los ojos. Aprobada por oftalm\u00f3logos.<br \/>\nContiene tres ceramidas esenciales que act\u00faan conjuntamente para asegurar la hidrataci\u00f3n y ayudar a restaurar la barrera protectora de la piel. La tecnolog\u00eda MVE encapsula las ceramidas para garantizar una difusi\u00f3n eficaz dentro de la barrera cut\u00e1nea y una liberaci\u00f3n lenta a lo largo del tiempo. Esta tecnolog\u00eda contin\u00faa liberando activos dentro de la barrera protectora de la piel, mucho despu\u00e9s de que hayas terminado de aplicarlo.<\/p>\n<p>Modo de uso: Aplicar en rostro y cuello, apto para ojos sensibles.<\/p>\n<p>Ingredientes:<br \/>\nAGUA\/WATER, GLYCERIN, HEXYLENE GLYCOL, POLOXAMER 184, DISODIUM COCOAMPHODIACETATE, DISODIUM EDTA, NIACINAMIDE, POLYAMINOPROPYL, BIGUANIDE, SODIUM LAUROYL LACTYLATE, BHT, CERAMIDE NP, PHENOXYETHANOL, CERAMIDE AP, PHYTOSPHINGOSINE, CHOLESTEROL, XANTHAN GUM, CARBOMER, ETHYLHEXYLGLY-CERIN, CERAMIDE EOP.<\/p>\n","protected":false},"excerpt":{"rendered":"<p>Limpia, hidrata, elimina el maquillaje y ayuda a reparar la barrera protectora de la piel.<\/p>\n","protected":false},"featured_media":9764,"template":"","meta":{"site-sidebar-layout":"default","site-content-layout":"","ast-site-content-layout":"default","site-content-style":"default","site-sidebar-style":"default","ast-global-header-display":"","ast-banner-title-visibility":"","ast-main-header-display":"","ast-hfb-above-header-display":"","ast-hfb-below-header-display":"","ast-hfb-mobile-header-display":"","site-post-title":"","ast-breadcrumbs-content":"","ast-featured-img":"","footer-sml-layout":"","ast-disable-related-posts":"","theme-transparent-header-meta":"","adv-header-id-meta":"","stick-header-meta":"","header-above-stick-meta":"","header-main-stick-meta":"","header-below-stick-meta":"","astra-migrate-meta-layouts":"default","ast-page-background-enabled":"default","ast-page-background-meta":{"desktop":{"background-color":"var(--ast-global-color-5)","background-image":"","background-repeat":"repeat","background-position":"center center","background-size":"auto","background-attachment":"scroll","background-type":"","background-media":"","overlay-type":"","overlay-color":"","overlay-opacity":"","overlay-gradient":""},"tablet":{"background-color":"","background-image":"","background-repeat":"repeat","background-position":"center center","background-size":"auto","background-attachment":"scroll","background-type":"","background-media":"","overlay-type":"","overlay-color":"","overlay-opacity":"","overlay-gradient":""},"mobile":{"background-color":"","background-image":"","background-repeat":"repeat","background-position":"center center","background-size":"auto","background-attachment":"scroll","background-type":"","background-media":"","overlay-type":"","overlay-color":"","overlay-opacity":"","overlay-gradient":""}},"ast-content-background-meta":{"desktop":{"background-color":"var(--ast-global-color-4)","background-image":"","background-repeat":"repeat","background-position":"center center","background-size":"auto","background-attachment":"scroll","background-type":"","background-media":"","overlay-type":"","overlay-color":"","overlay-opacity":"","overlay-gradient":""},"tablet":{"background-color":"var(--ast-global-color-4)","background-image":"","background-repeat":"repeat","background-position":"center center","background-size":"auto","background-attachment":"scroll","background-type":"","background-media":"","overlay-type":"","overlay-color":"","overlay-opacity":"","overlay-gradient":""},"mobile":{"background-color":"var(--ast-global-color-4)","background-image":"","background-repeat":"repeat","background-position":"center center","background-size":"auto","background-attachment":"scroll","background-type":"","background-media":"","overlay-type":"","overlay-color":"","overlay-opacity":"","overlay-gradient":""}}},"product_brand":[],"product_cat":[220,214],"product_tag":[241,221,233,222,223,228,234,235,248],"class_list":{"0":"post-14425","1":"product","2":"type-product","3":"status-publish","4":"has-post-thumbnail","6":"product_cat-cerave","7":"product_cat-dermo","8":"product_tag-desmaquillantes","9":"product_tag-limpiadores-faciales","10":"product_tag-piel-atopica","11":"product_tag-piel-grasa","12":"product_tag-piel-mixta","13":"product_tag-piel-normal","14":"product_tag-piel-seca","15":"product_tag-piel-sensible","16":"product_tag-todo-tipo-de-piel","17":"desktop-align-left","18":"tablet-align-left","19":"mobile-align-left","20":"ast-product-gallery-layout-horizontal-slider","21":"ast-product-gallery-with-no-image","22":"ast-product-tabs-layout-horizontal","24":"first","25":"instock","26":"sale","27":"shipping-taxable","28":"purchasable","29":"product-type-simple"},"_links":{"self":[{"href":"http:\/\/vanttive.com\/index.php?rest_route=\/wp\/v2\/product\/14425","targetHints":{"allow":["GET"]}}],"collection":[{"href":"http:\/\/vanttive.com\/index.php?rest_route=\/wp\/v2\/product"}],"about":[{"href":"http:\/\/vanttive.com\/index.php?rest_route=\/wp\/v2\/types\/product"}],"wp:featuredmedia":[{"embeddable":true,"href":"http:\/\/vanttive.com\/index.php?rest_route=\/wp\/v2\/media\/9764"}],"wp:attachment":[{"href":"http:\/\/vanttive.com\/index.php?rest_route=%2Fwp%2Fv2%2Fmedia&parent=14425"}],"wp:term":[{"taxonomy":"product_brand","embeddable":true,"href":"http:\/\/vanttive.com\/index.php?rest_route=%2Fwp%2Fv2%2Fproduct_brand&post=14425"},{"taxonomy":"product_cat","embeddable":true,"href":"http:\/\/vanttive.com\/index.php?rest_route=%2Fwp%2Fv2%2Fproduct_cat&post=14425"},{"taxonomy":"product_tag","embeddable":true,"href":"http:\/\/vanttive.com\/index.php?rest_route=%2Fwp%2Fv2%2Fproduct_tag&post=14425"}],"curies":[{"name":"wp","href":"https:\/\/api.w.org\/{rel}","templated":true}]}}