{"id":14427,"date":"2023-08-20T01:13:29","date_gmt":"2023-08-20T06:13:29","guid":{"rendered":"https:\/\/www.vanttive.com\/producto\/crema-hidratante-473ml\/"},"modified":"2023-08-20T01:13:29","modified_gmt":"2023-08-20T06:13:29","slug":"crema-hidratante-473ml","status":"publish","type":"product","link":"http:\/\/vanttive.com\/?product=crema-hidratante-473ml","title":{"rendered":"Crema hidratante 473ml"},"content":{"rendered":"<p>La Crema Hidratante de CeraVe, desarrollada por dermat\u00f3logos, ofrece una respuesta id\u00f3nea para aquellas pieles sensibles y secas que buscan una hidrataci\u00f3n profunda y duradera.<\/p>\n<p>El resultado es una f\u00f3rmula delicada y no comedog\u00e9nica que no deja residuos sobre los poros y que fortalece la piel en cualquier zona. Adem\u00e1s, al no contener ning\u00fan perfume es perfecta para las pieles sensibles o con tendencia a la psoriasis. <\/p>\n<p>Tipo de piel: Todo tipo de pieles.<\/p>\n<p>Beneficios: Tanto para quienes buscan una crema hidratante para el cuerpo, como para quienes necesitan un producto adecuado para la cara, CeraVe responde con su producto estrella. Y es que, adem\u00e1s de proteger y dar un cuidado especial y delicado, esta crema hidratante es ideal para cualquier parte del cuerpo.<\/p>\n<p>Esto se debe a que se trata de un producto de r\u00e1pida absorci\u00f3n que no deja textura grasa en ninguna zona del cuerpo. Con una \u00fanica aplicaci\u00f3n diaria mantiene la hidrataci\u00f3n durante 24 horas. Apl\u00edcala en las zonas que encuentres mas secas o que tengan picor. Si tienes tendencia a la psoriasis, tr\u00e1talas con CeraVe para reforzar la barrera y calmar los s\u00edntomas de irritaci\u00f3n.<\/p>\n<p>Tres ceramidas esenciales que act\u00faan conjuntamente para asegurar la hidrataci\u00f3n y ayudar a restaurar la barrera protectora de la piel.<br \/>\nLa tecnolog\u00eda MVE encapsula las ceramidas para garantizar una difusi\u00f3n eficaz dentro de la barrera cut\u00e1nea y una liberaci\u00f3n lenta a lo largo del tiempo. Esta tecnolog\u00eda contin\u00faa liberando activos dentro de la barrera protectora de la piel, mucho despu\u00e9s de que hayas terminado de aplicarlo.<\/p>\n<p>Modo de uso: Aplicar en rostro y cuerpo.<\/p>\n<p>Ingredientes:<br \/>\nAQUA\/WATER, GLYCERIN, CETEARYL ALCOHOL, CAPRYLIC\/CAPRIC TRIGLYCERIDE, CETYL ALCOHOL, CETEARETH-20, PETROLATUM, DIMETHICONE, PHENOXYETHANOL, BEHENTRIMONIUM METHOSULFATE, POTASSIUM PHOSPHATE, ETHYLHEXYLGLYCERIN, SODIUM LAUROYL LACTYLATE, DISODIUM EDTA, DIPOTASSIUM PHOSPHATE, CERAMIDE NP, CERAMIDE AP, PHYTOSPHINGOSINE, CHOLESTEROL, XANTHAN GUM, CARBOMER, SODIUM HYALURONATE, TOCOPHEROL, CERAMIDE EOP.<\/p>\n","protected":false},"excerpt":{"rendered":"<p>Crema hidratante para pieles secas y sensibles que buscan una hidrataci\u00f3n profunda y duradera.<\/p>\n","protected":false},"featured_media":9766,"template":"","meta":{"site-sidebar-layout":"default","site-content-layout":"","ast-site-content-layout":"default","site-content-style":"default","site-sidebar-style":"default","ast-global-header-display":"","ast-banner-title-visibility":"","ast-main-header-display":"","ast-hfb-above-header-display":"","ast-hfb-below-header-display":"","ast-hfb-mobile-header-display":"","site-post-title":"","ast-breadcrumbs-content":"","ast-featured-img":"","footer-sml-layout":"","ast-disable-related-posts":"","theme-transparent-header-meta":"","adv-header-id-meta":"","stick-header-meta":"","header-above-stick-meta":"","header-main-stick-meta":"","header-below-stick-meta":"","astra-migrate-meta-layouts":"default","ast-page-background-enabled":"default","ast-page-background-meta":{"desktop":{"background-color":"var(--ast-global-color-5)","background-image":"","background-repeat":"repeat","background-position":"center center","background-size":"auto","background-attachment":"scroll","background-type":"","background-media":"","overlay-type":"","overlay-color":"","overlay-opacity":"","overlay-gradient":""},"tablet":{"background-color":"","background-image":"","background-repeat":"repeat","background-position":"center center","background-size":"auto","background-attachment":"scroll","background-type":"","background-media":"","overlay-type":"","overlay-color":"","overlay-opacity":"","overlay-gradient":""},"mobile":{"background-color":"","background-image":"","background-repeat":"repeat","background-position":"center center","background-size":"auto","background-attachment":"scroll","background-type":"","background-media":"","overlay-type":"","overlay-color":"","overlay-opacity":"","overlay-gradient":""}},"ast-content-background-meta":{"desktop":{"background-color":"var(--ast-global-color-4)","background-image":"","background-repeat":"repeat","background-position":"center center","background-size":"auto","background-attachment":"scroll","background-type":"","background-media":"","overlay-type":"","overlay-color":"","overlay-opacity":"","overlay-gradient":""},"tablet":{"background-color":"var(--ast-global-color-4)","background-image":"","background-repeat":"repeat","background-position":"center center","background-size":"auto","background-attachment":"scroll","background-type":"","background-media":"","overlay-type":"","overlay-color":"","overlay-opacity":"","overlay-gradient":""},"mobile":{"background-color":"var(--ast-global-color-4)","background-image":"","background-repeat":"repeat","background-position":"center center","background-size":"auto","background-attachment":"scroll","background-type":"","background-media":"","overlay-type":"","overlay-color":"","overlay-opacity":"","overlay-gradient":""}}},"product_brand":[],"product_cat":[220,214],"product_tag":[242,237,243,233,222,223,228,234,235,248],"class_list":{"0":"post-14427","1":"product","2":"type-product","3":"status-publish","4":"has-post-thumbnail","6":"product_cat-cerave","7":"product_cat-dermo","8":"product_tag-cuidado-corporal","9":"product_tag-hidratacion-corporal","10":"product_tag-pediatrico","11":"product_tag-piel-atopica","12":"product_tag-piel-grasa","13":"product_tag-piel-mixta","14":"product_tag-piel-normal","15":"product_tag-piel-seca","16":"product_tag-piel-sensible","17":"product_tag-todo-tipo-de-piel","18":"desktop-align-left","19":"tablet-align-left","20":"mobile-align-left","21":"ast-product-gallery-layout-horizontal-slider","22":"ast-product-gallery-with-no-image","23":"ast-product-tabs-layout-horizontal","25":"first","26":"instock","27":"sale","28":"shipping-taxable","29":"purchasable","30":"product-type-simple"},"_links":{"self":[{"href":"http:\/\/vanttive.com\/index.php?rest_route=\/wp\/v2\/product\/14427","targetHints":{"allow":["GET"]}}],"collection":[{"href":"http:\/\/vanttive.com\/index.php?rest_route=\/wp\/v2\/product"}],"about":[{"href":"http:\/\/vanttive.com\/index.php?rest_route=\/wp\/v2\/types\/product"}],"wp:featuredmedia":[{"embeddable":true,"href":"http:\/\/vanttive.com\/index.php?rest_route=\/wp\/v2\/media\/9766"}],"wp:attachment":[{"href":"http:\/\/vanttive.com\/index.php?rest_route=%2Fwp%2Fv2%2Fmedia&parent=14427"}],"wp:term":[{"taxonomy":"product_brand","embeddable":true,"href":"http:\/\/vanttive.com\/index.php?rest_route=%2Fwp%2Fv2%2Fproduct_brand&post=14427"},{"taxonomy":"product_cat","embeddable":true,"href":"http:\/\/vanttive.com\/index.php?rest_route=%2Fwp%2Fv2%2Fproduct_cat&post=14427"},{"taxonomy":"product_tag","embeddable":true,"href":"http:\/\/vanttive.com\/index.php?rest_route=%2Fwp%2Fv2%2Fproduct_tag&post=14427"}],"curies":[{"name":"wp","href":"https:\/\/api.w.org\/{rel}","templated":true}]}}