{"id":14428,"date":"2023-08-20T01:13:31","date_gmt":"2023-08-20T06:13:31","guid":{"rendered":"https:\/\/www.vanttive.com\/producto\/crema-reparadora-contorno-ojos-14ml\/"},"modified":"2023-08-20T01:13:31","modified_gmt":"2023-08-20T06:13:31","slug":"crema-reparadora-contorno-ojos-14ml","status":"publish","type":"product","link":"http:\/\/vanttive.com\/?product=crema-reparadora-contorno-ojos-14ml","title":{"rendered":"Crema reparadora contorno ojos 14ml"},"content":{"rendered":"<p>La crema reparadora para el contorno de ojos de Cerave reduce visiblemente las bolsas y ojeras gracias a los extractos de plantas marinas que incluye en su composici\u00f3n. Al ser un \u00e1rea delicada hay que brindarle la mejor hidrataci\u00f3n. Es una crema no grasosa, compuesta por 3 ceramidas esenciales y \u00e1cido hialur\u00f3nico logrando una piel m\u00e1s brillante y suave. Su f\u00f3rmula es libre de fragancia.<\/p>\n<p>Tipo de piel: Todo tipo de piel.<\/p>\n<p>Beneficios:<br \/>\n-La f\u00f3rmula de la crema para el contorno de ojos est\u00e1 testada bajo control oftalmol\u00f3gico y no contiene perfumes, por lo que es apta para pieles sensibles.<br \/>\n-Su f\u00f3rmula, desarrollada por dermat\u00f3logos, incluye 3 ceramidas esenciales, \u00e1cido hialur\u00f3nico y glicerina.<\/p>\n<p>Modo de uso: Aplicar al contorno de ojos.<\/p>\n<p>Ingredientes:<br \/>\nAQUA\/WATER, NIACINAMIDE, CETYL ALCOHOL, CAPRYLIC\/CAPRIC TRIGLYCERIDE, GLYCERIN, PROPANEDIOL, ISONONYL ISONONANOATE, JOJOBA ESTERS, PEG-20 METHYL GLUCOSE SESQUISTEARATE, CETEARYL ALCOHOL, DIMETHICONE, METHYL GLUCOSE SESQUISTEARATE, PHENOXYETHANOL, SORBITOL, BEHENTRIMONIUM METHOSULFATE, CARBOMER, LAURETH-4, TRIETHANOLAMINE, TOCOPHEROL, BUTYLENE GLYCOL, PRUNUS AMYGDALUS DULCIS OIL\/SWEET ALMOND OIL, HYDROGENATED VEGETABLE OIL, ETHYLHEXYLGLYCERIN, TETRASODIUM EDTA, SODIUM LAUROYL LACTYLATE, SODIUM HYDROXIDE, ZINC CITRATE, ASPARAGOPSIS ARMATA EXTRACT, EQUISETUM ARVENSE EXTRACT, MALTODEXTRIN, ALOE BARBADENSIS LEAF EXTRACT, ASCOPHYLLUM NODOSUM EXTRACT, CHRYSANTHELLUM INDICUM EXTRACT, CERAMIDE NP, CERAMIDE AP, PHYTOSPHINGOSINE, CHOLESTEROL, XANTHAN GUM, POTASSIUM SORBATE, SODIUM HYALURONATE, CERAMIDE EOP.<\/p>\n","protected":false},"excerpt":{"rendered":"<p>La crema reparadora para el contorno de ojos de cerave ayuda a hidratar la zona de los ojos, a reducir ojeras y bolsas de los ojos.<\/p>\n","protected":false},"featured_media":9773,"template":"","meta":{"site-sidebar-layout":"default","site-content-layout":"","ast-site-content-layout":"default","site-content-style":"default","site-sidebar-style":"default","ast-global-header-display":"","ast-banner-title-visibility":"","ast-main-header-display":"","ast-hfb-above-header-display":"","ast-hfb-below-header-display":"","ast-hfb-mobile-header-display":"","site-post-title":"","ast-breadcrumbs-content":"","ast-featured-img":"","footer-sml-layout":"","ast-disable-related-posts":"","theme-transparent-header-meta":"","adv-header-id-meta":"","stick-header-meta":"","header-above-stick-meta":"","header-main-stick-meta":"","header-below-stick-meta":"","astra-migrate-meta-layouts":"default","ast-page-background-enabled":"default","ast-page-background-meta":{"desktop":{"background-color":"var(--ast-global-color-5)","background-image":"","background-repeat":"repeat","background-position":"center center","background-size":"auto","background-attachment":"scroll","background-type":"","background-media":"","overlay-type":"","overlay-color":"","overlay-opacity":"","overlay-gradient":""},"tablet":{"background-color":"","background-image":"","background-repeat":"repeat","background-position":"center center","background-size":"auto","background-attachment":"scroll","background-type":"","background-media":"","overlay-type":"","overlay-color":"","overlay-opacity":"","overlay-gradient":""},"mobile":{"background-color":"","background-image":"","background-repeat":"repeat","background-position":"center center","background-size":"auto","background-attachment":"scroll","background-type":"","background-media":"","overlay-type":"","overlay-color":"","overlay-opacity":"","overlay-gradient":""}},"ast-content-background-meta":{"desktop":{"background-color":"var(--ast-global-color-4)","background-image":"","background-repeat":"repeat","background-position":"center center","background-size":"auto","background-attachment":"scroll","background-type":"","background-media":"","overlay-type":"","overlay-color":"","overlay-opacity":"","overlay-gradient":""},"tablet":{"background-color":"var(--ast-global-color-4)","background-image":"","background-repeat":"repeat","background-position":"center center","background-size":"auto","background-attachment":"scroll","background-type":"","background-media":"","overlay-type":"","overlay-color":"","overlay-opacity":"","overlay-gradient":""},"mobile":{"background-color":"var(--ast-global-color-4)","background-image":"","background-repeat":"repeat","background-position":"center center","background-size":"auto","background-attachment":"scroll","background-type":"","background-media":"","overlay-type":"","overlay-color":"","overlay-opacity":"","overlay-gradient":""}}},"product_brand":[],"product_cat":[220,214],"product_tag":[249,250,233,222,223,228,234,235,248],"class_list":{"0":"post-14428","1":"product","2":"type-product","3":"status-publish","4":"has-post-thumbnail","6":"product_cat-cerave","7":"product_cat-dermo","8":"product_tag-hiratacion-facial","9":"product_tag-ojeras","10":"product_tag-piel-atopica","11":"product_tag-piel-grasa","12":"product_tag-piel-mixta","13":"product_tag-piel-normal","14":"product_tag-piel-seca","15":"product_tag-piel-sensible","16":"product_tag-todo-tipo-de-piel","17":"desktop-align-left","18":"tablet-align-left","19":"mobile-align-left","20":"ast-product-gallery-layout-horizontal-slider","21":"ast-product-gallery-with-no-image","22":"ast-product-tabs-layout-horizontal","24":"first","25":"instock","26":"sale","27":"shipping-taxable","28":"purchasable","29":"product-type-simple"},"_links":{"self":[{"href":"http:\/\/vanttive.com\/index.php?rest_route=\/wp\/v2\/product\/14428","targetHints":{"allow":["GET"]}}],"collection":[{"href":"http:\/\/vanttive.com\/index.php?rest_route=\/wp\/v2\/product"}],"about":[{"href":"http:\/\/vanttive.com\/index.php?rest_route=\/wp\/v2\/types\/product"}],"wp:featuredmedia":[{"embeddable":true,"href":"http:\/\/vanttive.com\/index.php?rest_route=\/wp\/v2\/media\/9773"}],"wp:attachment":[{"href":"http:\/\/vanttive.com\/index.php?rest_route=%2Fwp%2Fv2%2Fmedia&parent=14428"}],"wp:term":[{"taxonomy":"product_brand","embeddable":true,"href":"http:\/\/vanttive.com\/index.php?rest_route=%2Fwp%2Fv2%2Fproduct_brand&post=14428"},{"taxonomy":"product_cat","embeddable":true,"href":"http:\/\/vanttive.com\/index.php?rest_route=%2Fwp%2Fv2%2Fproduct_cat&post=14428"},{"taxonomy":"product_tag","embeddable":true,"href":"http:\/\/vanttive.com\/index.php?rest_route=%2Fwp%2Fv2%2Fproduct_tag&post=14428"}],"curies":[{"name":"wp","href":"https:\/\/api.w.org\/{rel}","templated":true}]}}