{"id":14429,"date":"2023-08-20T01:13:32","date_gmt":"2023-08-20T06:13:32","guid":{"rendered":"https:\/\/www.vanttive.com\/producto\/locion-hidratante-236ml\/"},"modified":"2023-08-20T01:13:32","modified_gmt":"2023-08-20T06:13:32","slug":"locion-hidratante-236ml","status":"publish","type":"product","link":"http:\/\/vanttive.com\/?product=locion-hidratante-236ml","title":{"rendered":"Locion hidratante 236ml"},"content":{"rendered":"<p>Loci\u00f3n hidratante  corporal de Cerave, indicada para pieles normales a secas, hidrata y ayuda a restaurar la barrera protectora de la piel de rostro y cuerpo.Su f\u00f3rmula ligera y no grasa, desarrollada por dermat\u00f3logos, incluye \u00e1cido hialur\u00f3nico, 3 ceramidas esenciales y glicerina. <\/p>\n<p>Esta combinaci\u00f3n junto a la tecnolog\u00eda MVE\u00ae, consiguen una hidrataci\u00f3n durante 24 horas. La f\u00f3rmula de la loci\u00f3n de Cerave no contiene perfumes, por lo que es apta para pieles sensibles de adultos y ni\u00f1os.<\/p>\n<p>Tipo de piel: Pieles normales a secas.<\/p>\n<p>Beneficios: Hidrataci\u00f3n que dura todo el d\u00eda, retiene la humedad natural de la piel. Desarrollada con dermat\u00f3logos.<br \/>\nContiene tres ceramidas esenciales que act\u00faan conjuntamente para asegurar la hidrataci\u00f3n y ayudar a restaurar la barrera protectora de la piel.<br \/>\nLa tecnolog\u00eda MVE encapsula las ceramidas para garantizar una difusi\u00f3n eficaz dentro de la barrera cut\u00e1nea y una liberaci\u00f3n lenta a lo largo del tiempo. Esta tecnolog\u00eda contin\u00faa liberando activos dentro de la barrera protectora de la piel, mucho despu\u00e9s de que hayas terminado de aplicarlo.<\/p>\n<p>Modo de uso: Aplicar en rostro y cuerpo.<\/p>\n<p>Ingredientes:<br \/>\nAQUA\/WATER, GLYCERIN, CAPRYLIC\/CAPRIC TRIGLYCERIDE, CETEARYL ALCOHOL, CETYL ALCOHOL, DIMETHICONE, PHENOXYETHANOL, POLYSORBATE 20, CETEARETH-20, BEHENTRIMONIUM METHOSULFATE, POLYGLYCERYL-3 DIISOSTEARATE, SODIUM LAUROYL LACTYLATE, ETHYLHEXYLGLYCERIN, POTASSIUM PHOSPHATE, DISODIUM EDTA, DIPOTASSIUM PHOSPHATE, CERAMIDE NP, CERAMIDE AP, PHYTOSPHINGOSINE  CHOLESTEROL, XANTHAN GUM, CARBOMER, SODIUM HYALURONATE, TOCOPHEROL, CERAMIDE EOP.<\/p>\n","protected":false},"excerpt":{"rendered":"<p>Su f\u00f3rmula ligera y no grasa, desarrollada por dermat\u00f3logos, incluye \u00e1cido hialur\u00f3nico, 3 ceramidas esenciales y glicerina. <\/p>\n","protected":false},"featured_media":9768,"template":"","meta":{"site-sidebar-layout":"default","site-content-layout":"","ast-site-content-layout":"default","site-content-style":"default","site-sidebar-style":"default","ast-global-header-display":"","ast-banner-title-visibility":"","ast-main-header-display":"","ast-hfb-above-header-display":"","ast-hfb-below-header-display":"","ast-hfb-mobile-header-display":"","site-post-title":"","ast-breadcrumbs-content":"","ast-featured-img":"","footer-sml-layout":"","ast-disable-related-posts":"","theme-transparent-header-meta":"","adv-header-id-meta":"","stick-header-meta":"","header-above-stick-meta":"","header-main-stick-meta":"","header-below-stick-meta":"","astra-migrate-meta-layouts":"default","ast-page-background-enabled":"default","ast-page-background-meta":{"desktop":{"background-color":"var(--ast-global-color-5)","background-image":"","background-repeat":"repeat","background-position":"center center","background-size":"auto","background-attachment":"scroll","background-type":"","background-media":"","overlay-type":"","overlay-color":"","overlay-opacity":"","overlay-gradient":""},"tablet":{"background-color":"","background-image":"","background-repeat":"repeat","background-position":"center center","background-size":"auto","background-attachment":"scroll","background-type":"","background-media":"","overlay-type":"","overlay-color":"","overlay-opacity":"","overlay-gradient":""},"mobile":{"background-color":"","background-image":"","background-repeat":"repeat","background-position":"center center","background-size":"auto","background-attachment":"scroll","background-type":"","background-media":"","overlay-type":"","overlay-color":"","overlay-opacity":"","overlay-gradient":""}},"ast-content-background-meta":{"desktop":{"background-color":"var(--ast-global-color-4)","background-image":"","background-repeat":"repeat","background-position":"center center","background-size":"auto","background-attachment":"scroll","background-type":"","background-media":"","overlay-type":"","overlay-color":"","overlay-opacity":"","overlay-gradient":""},"tablet":{"background-color":"var(--ast-global-color-4)","background-image":"","background-repeat":"repeat","background-position":"center center","background-size":"auto","background-attachment":"scroll","background-type":"","background-media":"","overlay-type":"","overlay-color":"","overlay-opacity":"","overlay-gradient":""},"mobile":{"background-color":"var(--ast-global-color-4)","background-image":"","background-repeat":"repeat","background-position":"center center","background-size":"auto","background-attachment":"scroll","background-type":"","background-media":"","overlay-type":"","overlay-color":"","overlay-opacity":"","overlay-gradient":""}}},"product_brand":[],"product_cat":[220,214],"product_tag":[242,237,243,233,222,223,228,234,235,248],"class_list":{"0":"post-14429","1":"product","2":"type-product","3":"status-publish","4":"has-post-thumbnail","6":"product_cat-cerave","7":"product_cat-dermo","8":"product_tag-cuidado-corporal","9":"product_tag-hidratacion-corporal","10":"product_tag-pediatrico","11":"product_tag-piel-atopica","12":"product_tag-piel-grasa","13":"product_tag-piel-mixta","14":"product_tag-piel-normal","15":"product_tag-piel-seca","16":"product_tag-piel-sensible","17":"product_tag-todo-tipo-de-piel","18":"desktop-align-left","19":"tablet-align-left","20":"mobile-align-left","21":"ast-product-gallery-layout-horizontal-slider","22":"ast-product-gallery-with-no-image","23":"ast-product-tabs-layout-horizontal","25":"first","26":"instock","27":"sale","28":"shipping-taxable","29":"purchasable","30":"product-type-simple"},"_links":{"self":[{"href":"http:\/\/vanttive.com\/index.php?rest_route=\/wp\/v2\/product\/14429","targetHints":{"allow":["GET"]}}],"collection":[{"href":"http:\/\/vanttive.com\/index.php?rest_route=\/wp\/v2\/product"}],"about":[{"href":"http:\/\/vanttive.com\/index.php?rest_route=\/wp\/v2\/types\/product"}],"wp:featuredmedia":[{"embeddable":true,"href":"http:\/\/vanttive.com\/index.php?rest_route=\/wp\/v2\/media\/9768"}],"wp:attachment":[{"href":"http:\/\/vanttive.com\/index.php?rest_route=%2Fwp%2Fv2%2Fmedia&parent=14429"}],"wp:term":[{"taxonomy":"product_brand","embeddable":true,"href":"http:\/\/vanttive.com\/index.php?rest_route=%2Fwp%2Fv2%2Fproduct_brand&post=14429"},{"taxonomy":"product_cat","embeddable":true,"href":"http:\/\/vanttive.com\/index.php?rest_route=%2Fwp%2Fv2%2Fproduct_cat&post=14429"},{"taxonomy":"product_tag","embeddable":true,"href":"http:\/\/vanttive.com\/index.php?rest_route=%2Fwp%2Fv2%2Fproduct_tag&post=14429"}],"curies":[{"name":"wp","href":"https:\/\/api.w.org\/{rel}","templated":true}]}}