{"id":14431,"date":"2023-08-20T01:13:33","date_gmt":"2023-08-20T06:13:33","guid":{"rendered":"https:\/\/www.vanttive.com\/producto\/agua-micelar-desmaquillante-200ml\/"},"modified":"2023-08-20T01:13:33","modified_gmt":"2023-08-20T06:13:33","slug":"agua-micelar-desmaquillante-200ml","status":"publish","type":"product","link":"http:\/\/vanttive.com\/?product=agua-micelar-desmaquillante-200ml","title":{"rendered":"Agua micelar desmaquillante 200ml"},"content":{"rendered":"<p>AGUA MICELAR ULTRA Piel Sensible limpia las impurezas de la piel, quita el maquillaje y la contaminaci\u00f3n. Adem\u00e1s calma la piel para proporcionar comodidad y frescura.<\/p>\n<p>Tipo de piel: Para todo tipo de piel, en especial piel sensible.<\/p>\n<p>Beneficios: Soluci\u00f3n y fragancia fresca y suave con agua termal de La Roche-Posay. Formulada con micelas y glicerina. Adem\u00e1s calma la piel sensible. Respeta el equilibrio fisiol\u00f3gico de la piel.<\/p>\n<p>Modo de uso: Humedece un disco de algod\u00f3n con el producto.<br \/>\n1. Primero quita el maquillaje de los labios, luego de los ojos (un disco de algod\u00f3n por ojo) y luego del resto del rostro, hasta que los discos ya no s\u00e9 manchen.<br \/>\n2. Para una mayor eficacia y no tener que frotar el rostro, apoya el disco de algod\u00f3n sobre la piel durante algunos segundos antes de limpiar suavemente.<\/p>\n<p>Ingredientes:<br \/>\nAQUA \/ WATER \u2022 PEG-7 CAPRYLIC\/CAPRIC GLYCERIDES \u2022 POLOXAMER 124 \u2022 POLOXAMER 184 \u2022 PEG-6 CAPRYLIC\/CAPRIC GLYCERIDES \u2022 GLYCERIN \u2022 POLYSORBATE 80 \u2022 DISODIUM EDTA \u2022 BHT \u2022 MYRTRIMONIUM BROMIDE \u2022 PARFUM \/ FRAGRANCE.<\/p>\n","protected":false},"excerpt":{"rendered":"<p>Agua micelar ultra piel sensible limpia las impurezas de la piel, quita el maquillaje y la contaminaci\u00f3n. Adem\u00e1s calma la piel para proporcionar comodidad y frescura.<\/p>\n","protected":false},"featured_media":9749,"template":"","meta":{"site-sidebar-layout":"default","site-content-layout":"","ast-site-content-layout":"default","site-content-style":"default","site-sidebar-style":"default","ast-global-header-display":"","ast-banner-title-visibility":"","ast-main-header-display":"","ast-hfb-above-header-display":"","ast-hfb-below-header-display":"","ast-hfb-mobile-header-display":"","site-post-title":"","ast-breadcrumbs-content":"","ast-featured-img":"","footer-sml-layout":"","ast-disable-related-posts":"","theme-transparent-header-meta":"","adv-header-id-meta":"","stick-header-meta":"","header-above-stick-meta":"","header-main-stick-meta":"","header-below-stick-meta":"","astra-migrate-meta-layouts":"default","ast-page-background-enabled":"default","ast-page-background-meta":{"desktop":{"background-color":"var(--ast-global-color-5)","background-image":"","background-repeat":"repeat","background-position":"center center","background-size":"auto","background-attachment":"scroll","background-type":"","background-media":"","overlay-type":"","overlay-color":"","overlay-opacity":"","overlay-gradient":""},"tablet":{"background-color":"","background-image":"","background-repeat":"repeat","background-position":"center center","background-size":"auto","background-attachment":"scroll","background-type":"","background-media":"","overlay-type":"","overlay-color":"","overlay-opacity":"","overlay-gradient":""},"mobile":{"background-color":"","background-image":"","background-repeat":"repeat","background-position":"center center","background-size":"auto","background-attachment":"scroll","background-type":"","background-media":"","overlay-type":"","overlay-color":"","overlay-opacity":"","overlay-gradient":""}},"ast-content-background-meta":{"desktop":{"background-color":"var(--ast-global-color-4)","background-image":"","background-repeat":"repeat","background-position":"center center","background-size":"auto","background-attachment":"scroll","background-type":"","background-media":"","overlay-type":"","overlay-color":"","overlay-opacity":"","overlay-gradient":""},"tablet":{"background-color":"var(--ast-global-color-4)","background-image":"","background-repeat":"repeat","background-position":"center center","background-size":"auto","background-attachment":"scroll","background-type":"","background-media":"","overlay-type":"","overlay-color":"","overlay-opacity":"","overlay-gradient":""},"mobile":{"background-color":"var(--ast-global-color-4)","background-image":"","background-repeat":"repeat","background-position":"center center","background-size":"auto","background-attachment":"scroll","background-type":"","background-media":"","overlay-type":"","overlay-color":"","overlay-opacity":"","overlay-gradient":""}}},"product_brand":[],"product_cat":[214,215],"product_tag":[241,221,233,222,223,228,234,235,248],"class_list":{"0":"post-14431","1":"product","2":"type-product","3":"status-publish","4":"has-post-thumbnail","6":"product_cat-dermo","7":"product_cat-la-roche-posay","8":"product_tag-desmaquillantes","9":"product_tag-limpiadores-faciales","10":"product_tag-piel-atopica","11":"product_tag-piel-grasa","12":"product_tag-piel-mixta","13":"product_tag-piel-normal","14":"product_tag-piel-seca","15":"product_tag-piel-sensible","16":"product_tag-todo-tipo-de-piel","17":"desktop-align-left","18":"tablet-align-left","19":"mobile-align-left","20":"ast-product-gallery-layout-horizontal-slider","21":"ast-product-gallery-with-no-image","22":"ast-product-tabs-layout-horizontal","24":"first","25":"instock","26":"sale","27":"shipping-taxable","28":"purchasable","29":"product-type-simple"},"_links":{"self":[{"href":"http:\/\/vanttive.com\/index.php?rest_route=\/wp\/v2\/product\/14431","targetHints":{"allow":["GET"]}}],"collection":[{"href":"http:\/\/vanttive.com\/index.php?rest_route=\/wp\/v2\/product"}],"about":[{"href":"http:\/\/vanttive.com\/index.php?rest_route=\/wp\/v2\/types\/product"}],"wp:featuredmedia":[{"embeddable":true,"href":"http:\/\/vanttive.com\/index.php?rest_route=\/wp\/v2\/media\/9749"}],"wp:attachment":[{"href":"http:\/\/vanttive.com\/index.php?rest_route=%2Fwp%2Fv2%2Fmedia&parent=14431"}],"wp:term":[{"taxonomy":"product_brand","embeddable":true,"href":"http:\/\/vanttive.com\/index.php?rest_route=%2Fwp%2Fv2%2Fproduct_brand&post=14431"},{"taxonomy":"product_cat","embeddable":true,"href":"http:\/\/vanttive.com\/index.php?rest_route=%2Fwp%2Fv2%2Fproduct_cat&post=14431"},{"taxonomy":"product_tag","embeddable":true,"href":"http:\/\/vanttive.com\/index.php?rest_route=%2Fwp%2Fv2%2Fproduct_tag&post=14431"}],"curies":[{"name":"wp","href":"https:\/\/api.w.org\/{rel}","templated":true}]}}