{"id":14432,"date":"2023-08-20T01:13:34","date_gmt":"2023-08-20T06:13:34","guid":{"rendered":"https:\/\/www.vanttive.com\/producto\/agua-termal-hidratacion-150ml\/"},"modified":"2023-08-20T01:13:34","modified_gmt":"2023-08-20T06:13:34","slug":"agua-termal-hidratacion-150ml","status":"publish","type":"product","link":"http:\/\/vanttive.com\/?product=agua-termal-hidratacion-150ml","title":{"rendered":"Agua termal hidrataci\u00f3n 150ml"},"content":{"rendered":"<p>Bruma de Agua Termal La Roche Posay &#8211; 150ml 150ml Agua termal refrescante naturalmente rica en selenio y anti-oxidantes naturales que calma y suaviza la piel. 150ml hacen que el agua termal de la Roche Posay sea reconocida por sus propiedades calmantes y suavizantes, cientificamente comprobadas.<br \/>\nEl agua termal del centro dermatol\u00f3gico N\u00b01 de Europa: ha tratado las afecciones cut\u00e1neas de m\u00e1s de 450 000 pacientes desde su creaci\u00f3n en 1905. El agua tiene propiedades prebi\u00f3ticas naturales: reequilibra el microbioma cut\u00e1neo que refuerza la piel.<\/p>\n<p>Tipo de piel: Todo tipo de piel.<\/p>\n<p>Beneficios: Rica en selenio y oligoelementos, el Agua Termal de La Roche-Posay tiene propiedades calmantes y protectoras cient\u00edficamente demostradas. Promueve la buena salud de la piel al reducir su irritaci\u00f3n. Sus beneficios exclusivos la hacen un principio activo esencial de nuestros productos.<\/p>\n<p>Modo de uso: Aplicar en el rostro.<br \/>\nBruma ultrafina que permite que las microgotas de agua penetren la piel al instante.<br \/>\n&#8211; Aplicar con la frecuencia que sea necesario.<br \/>\n&#8211; Dejar actuar durante 3 minutos, luego secar con suaves golpecitos.<br \/>\n&#8211; Guardar en el refrigerador para un efecto refrescante.<\/p>\n<p>Ingredientes:<br \/>\nAQUA\/WATER<br \/>\nComposici\u00f3n mineral por litro:<br \/>\n&#8211; Bicarbonatos: 396 ppm<br \/>\n&#8211; Calcio: 140 mg<br \/>\n&#8211; Silicato: 30 mg<br \/>\n&#8211; Selenio: 60 \u00b5g<br \/>\n&#8211; Zinc: 22 \u00b5g<br \/>\n&#8211; Cobre: 5 \u00b5g<\/p>\n","protected":false},"excerpt":{"rendered":"<p>Piel sensible irritada \/ rojeces \/ sensaci\u00f3n de calor, rica en selenio y oligoelementos, el agua termal de la roche-posay tiene propiedades calmantes y protectoras cient\u00edficamente demostradas.<\/p>\n","protected":false},"featured_media":9790,"template":"","meta":{"site-sidebar-layout":"default","site-content-layout":"","ast-site-content-layout":"default","site-content-style":"default","site-sidebar-style":"default","ast-global-header-display":"","ast-banner-title-visibility":"","ast-main-header-display":"","ast-hfb-above-header-display":"","ast-hfb-below-header-display":"","ast-hfb-mobile-header-display":"","site-post-title":"","ast-breadcrumbs-content":"","ast-featured-img":"","footer-sml-layout":"","ast-disable-related-posts":"","theme-transparent-header-meta":"","adv-header-id-meta":"","stick-header-meta":"","header-above-stick-meta":"","header-main-stick-meta":"","header-below-stick-meta":"","astra-migrate-meta-layouts":"default","ast-page-background-enabled":"default","ast-page-background-meta":{"desktop":{"background-color":"var(--ast-global-color-5)","background-image":"","background-repeat":"repeat","background-position":"center center","background-size":"auto","background-attachment":"scroll","background-type":"","background-media":"","overlay-type":"","overlay-color":"","overlay-opacity":"","overlay-gradient":""},"tablet":{"background-color":"","background-image":"","background-repeat":"repeat","background-position":"center center","background-size":"auto","background-attachment":"scroll","background-type":"","background-media":"","overlay-type":"","overlay-color":"","overlay-opacity":"","overlay-gradient":""},"mobile":{"background-color":"","background-image":"","background-repeat":"repeat","background-position":"center center","background-size":"auto","background-attachment":"scroll","background-type":"","background-media":"","overlay-type":"","overlay-color":"","overlay-opacity":"","overlay-gradient":""}},"ast-content-background-meta":{"desktop":{"background-color":"var(--ast-global-color-4)","background-image":"","background-repeat":"repeat","background-position":"center center","background-size":"auto","background-attachment":"scroll","background-type":"","background-media":"","overlay-type":"","overlay-color":"","overlay-opacity":"","overlay-gradient":""},"tablet":{"background-color":"var(--ast-global-color-4)","background-image":"","background-repeat":"repeat","background-position":"center center","background-size":"auto","background-attachment":"scroll","background-type":"","background-media":"","overlay-type":"","overlay-color":"","overlay-opacity":"","overlay-gradient":""},"mobile":{"background-color":"var(--ast-global-color-4)","background-image":"","background-repeat":"repeat","background-position":"center center","background-size":"auto","background-attachment":"scroll","background-type":"","background-media":"","overlay-type":"","overlay-color":"","overlay-opacity":"","overlay-gradient":""}}},"product_brand":[],"product_cat":[214,215],"product_tag":[242,237,232,243,233,222,223,228,234,235,248],"class_list":{"0":"post-14432","1":"product","2":"type-product","3":"status-publish","4":"has-post-thumbnail","6":"product_cat-dermo","7":"product_cat-la-roche-posay","8":"product_tag-cuidado-corporal","9":"product_tag-hidratacion-corporal","10":"product_tag-hidratacion-facial","11":"product_tag-pediatrico","12":"product_tag-piel-atopica","13":"product_tag-piel-grasa","14":"product_tag-piel-mixta","15":"product_tag-piel-normal","16":"product_tag-piel-seca","17":"product_tag-piel-sensible","18":"product_tag-todo-tipo-de-piel","19":"desktop-align-left","20":"tablet-align-left","21":"mobile-align-left","22":"ast-product-gallery-layout-horizontal-slider","23":"ast-product-gallery-with-no-image","24":"ast-product-tabs-layout-horizontal","26":"first","27":"instock","28":"sale","29":"shipping-taxable","30":"purchasable","31":"product-type-simple"},"_links":{"self":[{"href":"http:\/\/vanttive.com\/index.php?rest_route=\/wp\/v2\/product\/14432","targetHints":{"allow":["GET"]}}],"collection":[{"href":"http:\/\/vanttive.com\/index.php?rest_route=\/wp\/v2\/product"}],"about":[{"href":"http:\/\/vanttive.com\/index.php?rest_route=\/wp\/v2\/types\/product"}],"wp:featuredmedia":[{"embeddable":true,"href":"http:\/\/vanttive.com\/index.php?rest_route=\/wp\/v2\/media\/9790"}],"wp:attachment":[{"href":"http:\/\/vanttive.com\/index.php?rest_route=%2Fwp%2Fv2%2Fmedia&parent=14432"}],"wp:term":[{"taxonomy":"product_brand","embeddable":true,"href":"http:\/\/vanttive.com\/index.php?rest_route=%2Fwp%2Fv2%2Fproduct_brand&post=14432"},{"taxonomy":"product_cat","embeddable":true,"href":"http:\/\/vanttive.com\/index.php?rest_route=%2Fwp%2Fv2%2Fproduct_cat&post=14432"},{"taxonomy":"product_tag","embeddable":true,"href":"http:\/\/vanttive.com\/index.php?rest_route=%2Fwp%2Fv2%2Fproduct_tag&post=14432"}],"curies":[{"name":"wp","href":"https:\/\/api.w.org\/{rel}","templated":true}]}}