{"id":14435,"date":"2023-08-20T01:13:35","date_gmt":"2023-08-20T06:13:35","guid":{"rendered":"https:\/\/www.vanttive.com\/producto\/cicaplast-balsamo-labios-7-5ml\/"},"modified":"2023-08-20T01:13:35","modified_gmt":"2023-08-20T06:13:35","slug":"cicaplast-balsamo-labios-7-5ml","status":"publish","type":"product","link":"http:\/\/vanttive.com\/?product=cicaplast-balsamo-labios-7-5ml","title":{"rendered":"Cicaplast balsamo labios 7.5ml"},"content":{"rendered":"<p>CICAPLAST LABIOS, b\u00e1lsamo para labios resecos y agrietados. Humecta los labios resecos, calma la falta de confort y ayuda a cicatrizar7.5ml Barrera F\u00edsica (3% L\u00edpidos-Mp). Alivia la reaparici\u00f3n de grietas, barrera biol\u00f3gica (5% Pantenol). Alivia la sensaci\u00f3n de disconfort intensa, 10% manteca de Karit\u00e9. Refuerza la funci\u00f3n de barrera de la piel.<\/p>\n<p>Tipo de piel: Todo tipo de piel.<\/p>\n<p>Beneficios: B\u00e1lsamo reparador de labios, que calma, protege y reconstruye la epidermis en los labios y zonas de alrededores, irritadas y agrietadas. Apto para ni\u00f1os y adultos. Textura ultra confortable y protectora, que aisla las agresiones externas, repara y calma inmediatamente.<\/p>\n<p>Modo de uso: Aplicar en labios.<\/p>\n<p>Ingredientes:<br \/>\nCAPRYLIC\/CAPRIC TRIGLYCERIDE \u2022 PPG-5 PENTAERYTHRITYL ETHER \u2022 PEG-5 PENTAERYTHRITYL ETHER \u2022 BUTYROSPERMUM PARKII BUTTER \/ SHEA BUTTER \u2022 CERA ALBA \/ BEESWAX \u2022 PANTHENOL \u2022 HYDROGENATED VEGETABLE OIL \u2022 ETHYLHEXYL PALMITATE \u2022 SILICA SILYLATE \u2022 POLYBUTENE \u2022 GLYCINE SOJA \/ SOYBEAN STEROLS \u2022 AQUA \/ WATER \u2022 SODIUM SA CHARIN \u2022 MYRISTYL MALATE PHOSPHONIC ACID \u2022 PENTAERYTHRITYL TETRA-DI-T-BUTYL HYDROXYHYDROCINNAMATE.<\/p>\n","protected":false},"excerpt":{"rendered":"<p>Cicaplast labios proporciona una textura barrera que a\u00edsla contra las agresiones, repara y alivia inmediatamente.<\/p>\n","protected":false},"featured_media":9789,"template":"","meta":{"site-sidebar-layout":"default","site-content-layout":"","ast-site-content-layout":"default","site-content-style":"default","site-sidebar-style":"default","ast-global-header-display":"","ast-banner-title-visibility":"","ast-main-header-display":"","ast-hfb-above-header-display":"","ast-hfb-below-header-display":"","ast-hfb-mobile-header-display":"","site-post-title":"","ast-breadcrumbs-content":"","ast-featured-img":"","footer-sml-layout":"","ast-disable-related-posts":"","theme-transparent-header-meta":"","adv-header-id-meta":"","stick-header-meta":"","header-above-stick-meta":"","header-main-stick-meta":"","header-below-stick-meta":"","astra-migrate-meta-layouts":"default","ast-page-background-enabled":"default","ast-page-background-meta":{"desktop":{"background-color":"var(--ast-global-color-5)","background-image":"","background-repeat":"repeat","background-position":"center center","background-size":"auto","background-attachment":"scroll","background-type":"","background-media":"","overlay-type":"","overlay-color":"","overlay-opacity":"","overlay-gradient":""},"tablet":{"background-color":"","background-image":"","background-repeat":"repeat","background-position":"center center","background-size":"auto","background-attachment":"scroll","background-type":"","background-media":"","overlay-type":"","overlay-color":"","overlay-opacity":"","overlay-gradient":""},"mobile":{"background-color":"","background-image":"","background-repeat":"repeat","background-position":"center center","background-size":"auto","background-attachment":"scroll","background-type":"","background-media":"","overlay-type":"","overlay-color":"","overlay-opacity":"","overlay-gradient":""}},"ast-content-background-meta":{"desktop":{"background-color":"var(--ast-global-color-4)","background-image":"","background-repeat":"repeat","background-position":"center center","background-size":"auto","background-attachment":"scroll","background-type":"","background-media":"","overlay-type":"","overlay-color":"","overlay-opacity":"","overlay-gradient":""},"tablet":{"background-color":"var(--ast-global-color-4)","background-image":"","background-repeat":"repeat","background-position":"center center","background-size":"auto","background-attachment":"scroll","background-type":"","background-media":"","overlay-type":"","overlay-color":"","overlay-opacity":"","overlay-gradient":""},"mobile":{"background-color":"var(--ast-global-color-4)","background-image":"","background-repeat":"repeat","background-position":"center center","background-size":"auto","background-attachment":"scroll","background-type":"","background-media":"","overlay-type":"","overlay-color":"","overlay-opacity":"","overlay-gradient":""}}},"product_brand":[],"product_cat":[214,215],"product_tag":[251,233,222,223,228,234,235,248],"class_list":{"0":"post-14435","1":"product","2":"type-product","3":"status-publish","4":"has-post-thumbnail","6":"product_cat-dermo","7":"product_cat-la-roche-posay","8":"product_tag-labios","9":"product_tag-piel-atopica","10":"product_tag-piel-grasa","11":"product_tag-piel-mixta","12":"product_tag-piel-normal","13":"product_tag-piel-seca","14":"product_tag-piel-sensible","15":"product_tag-todo-tipo-de-piel","16":"desktop-align-left","17":"tablet-align-left","18":"mobile-align-left","19":"ast-product-gallery-layout-horizontal-slider","20":"ast-product-gallery-with-no-image","21":"ast-product-tabs-layout-horizontal","23":"first","24":"instock","25":"sale","26":"shipping-taxable","27":"purchasable","28":"product-type-simple"},"_links":{"self":[{"href":"http:\/\/vanttive.com\/index.php?rest_route=\/wp\/v2\/product\/14435","targetHints":{"allow":["GET"]}}],"collection":[{"href":"http:\/\/vanttive.com\/index.php?rest_route=\/wp\/v2\/product"}],"about":[{"href":"http:\/\/vanttive.com\/index.php?rest_route=\/wp\/v2\/types\/product"}],"wp:featuredmedia":[{"embeddable":true,"href":"http:\/\/vanttive.com\/index.php?rest_route=\/wp\/v2\/media\/9789"}],"wp:attachment":[{"href":"http:\/\/vanttive.com\/index.php?rest_route=%2Fwp%2Fv2%2Fmedia&parent=14435"}],"wp:term":[{"taxonomy":"product_brand","embeddable":true,"href":"http:\/\/vanttive.com\/index.php?rest_route=%2Fwp%2Fv2%2Fproduct_brand&post=14435"},{"taxonomy":"product_cat","embeddable":true,"href":"http:\/\/vanttive.com\/index.php?rest_route=%2Fwp%2Fv2%2Fproduct_cat&post=14435"},{"taxonomy":"product_tag","embeddable":true,"href":"http:\/\/vanttive.com\/index.php?rest_route=%2Fwp%2Fv2%2Fproduct_tag&post=14435"}],"curies":[{"name":"wp","href":"https:\/\/api.w.org\/{rel}","templated":true}]}}