{"id":14436,"date":"2023-08-20T01:13:36","date_gmt":"2023-08-20T06:13:36","guid":{"rendered":"https:\/\/www.vanttive.com\/producto\/cicaplast-baume-b5-40ml\/"},"modified":"2023-08-20T01:13:36","modified_gmt":"2023-08-20T06:13:36","slug":"cicaplast-baume-b5-40ml","status":"publish","type":"product","link":"http:\/\/vanttive.com\/?product=cicaplast-baume-b5-40ml","title":{"rendered":"Cicaplast baume b5 40ml"},"content":{"rendered":"<p>CICAPLAST Baume B5 es un b\u00e1lsamo multifunci\u00f3n que calma y protege la piel irritada para toda la familia: beb\u00e9s, ni\u00f1os y adultos.<\/p>\n<p>Tipo de piel: Todo tipo de piel. <\/p>\n<p>Beneficios:  Est\u00e1 enriquecido con Madecassoside, un ingrediente activo con propiedades reparadoras, pantenol para calmar la piel y agentes antibacterianos. Calma, nutre y protege la piel seca y favorece la reparaci\u00f3n de la funci\u00f3n protectora de la barrera cut\u00e1nea.<br \/>\nB\u00e1lsamo calmante, textura no grasa que no deja marcas blancas. Con el agua termal de La Roche-Posay.<\/p>\n<p>Modo de uso: Apl\u00edcalo sobre la piel limpia y seca dos veces al d\u00eda. Apl\u00edcalo generosamente por el cuerpo, el rostro y los labios. Evita el contorno de los ojos. No ingerir. Mantener fuera del alcance de beb\u00e9s y ni\u00f1os peque\u00f1os.<\/p>\n<p>Ingredientes:<br \/>\nAQUA \u2022 HYDROGENATED POLYISOBUTENE \u2022 DIMETHICONE \u2022 GLYCERIN \u2022 BUTYROSPERMUM PARKII BUTTER \/ HEA BUTTER \u2022 PANTHENOL \u2022 PROPANEDIOL \u2022 BUTYLENE GLYCOL \u2022 ALUMINUM STARCH OCTENYLSUCCINATE \u2022 CETYL PEG\/PPG-10\/1 DIMETHICONE \u2022 TRIHYDROXYSTEARIN \u2022 ZINC GLUCONATE \u2022 MADECASSOSIDE \u2022 MANGANESE GLUCONATE \u2022 SILICA \u2022 ALUMINUM HYDROXIDE \u2022 MAGNESIUM SULFATE \u2022 DISODIUM EDTA \u2022 COPPER GLUCONATE \u2022 CAPRYLOYL GLYCINE \u2022 CITRIC ACID \u2022 ACETYLATED GLYCOL STEARATE \u2022 POLYGLYCERYL-4 ISOSTEARATE \u2022 TOCOPHEROL \u2022 PENTAERYTHRITYL TETRA-DI-T-BUTYL HYDROXYHYDROCINNAMATE \u2022 CI 77891 \/ TITANIUM DIOXIDE.<\/p>\n","protected":false},"excerpt":{"rendered":"<p>Cicaplast baume b5 es un b\u00e1lsamo multifunci\u00f3n que calma y protege la piel irritada para toda la familia: beb\u00e9s, ni\u00f1os y adultos.<\/p>\n","protected":false},"featured_media":10487,"template":"","meta":{"site-sidebar-layout":"default","site-content-layout":"","ast-site-content-layout":"default","site-content-style":"default","site-sidebar-style":"default","ast-global-header-display":"","ast-banner-title-visibility":"","ast-main-header-display":"","ast-hfb-above-header-display":"","ast-hfb-below-header-display":"","ast-hfb-mobile-header-display":"","site-post-title":"","ast-breadcrumbs-content":"","ast-featured-img":"","footer-sml-layout":"","ast-disable-related-posts":"","theme-transparent-header-meta":"","adv-header-id-meta":"","stick-header-meta":"","header-above-stick-meta":"","header-main-stick-meta":"","header-below-stick-meta":"","astra-migrate-meta-layouts":"default","ast-page-background-enabled":"default","ast-page-background-meta":{"desktop":{"background-color":"var(--ast-global-color-5)","background-image":"","background-repeat":"repeat","background-position":"center center","background-size":"auto","background-attachment":"scroll","background-type":"","background-media":"","overlay-type":"","overlay-color":"","overlay-opacity":"","overlay-gradient":""},"tablet":{"background-color":"","background-image":"","background-repeat":"repeat","background-position":"center center","background-size":"auto","background-attachment":"scroll","background-type":"","background-media":"","overlay-type":"","overlay-color":"","overlay-opacity":"","overlay-gradient":""},"mobile":{"background-color":"","background-image":"","background-repeat":"repeat","background-position":"center center","background-size":"auto","background-attachment":"scroll","background-type":"","background-media":"","overlay-type":"","overlay-color":"","overlay-opacity":"","overlay-gradient":""}},"ast-content-background-meta":{"desktop":{"background-color":"var(--ast-global-color-4)","background-image":"","background-repeat":"repeat","background-position":"center center","background-size":"auto","background-attachment":"scroll","background-type":"","background-media":"","overlay-type":"","overlay-color":"","overlay-opacity":"","overlay-gradient":""},"tablet":{"background-color":"var(--ast-global-color-4)","background-image":"","background-repeat":"repeat","background-position":"center center","background-size":"auto","background-attachment":"scroll","background-type":"","background-media":"","overlay-type":"","overlay-color":"","overlay-opacity":"","overlay-gradient":""},"mobile":{"background-color":"var(--ast-global-color-4)","background-image":"","background-repeat":"repeat","background-position":"center center","background-size":"auto","background-attachment":"scroll","background-type":"","background-media":"","overlay-type":"","overlay-color":"","overlay-opacity":"","overlay-gradient":""}}},"product_brand":[],"product_cat":[214,215],"product_tag":[225,242,231,233,222,223,228,234,235,248],"class_list":{"0":"post-14436","1":"product","2":"type-product","3":"status-publish","4":"has-post-thumbnail","6":"product_cat-dermo","7":"product_cat-la-roche-posay","8":"product_tag-anti-manchas","9":"product_tag-cuidado-corporal","10":"product_tag-cuidado-facial","11":"product_tag-piel-atopica","12":"product_tag-piel-grasa","13":"product_tag-piel-mixta","14":"product_tag-piel-normal","15":"product_tag-piel-seca","16":"product_tag-piel-sensible","17":"product_tag-todo-tipo-de-piel","18":"desktop-align-left","19":"tablet-align-left","20":"mobile-align-left","21":"ast-product-gallery-layout-horizontal-slider","22":"ast-product-gallery-with-no-image","23":"ast-product-tabs-layout-horizontal","25":"first","26":"instock","27":"sale","28":"shipping-taxable","29":"purchasable","30":"product-type-simple"},"_links":{"self":[{"href":"http:\/\/vanttive.com\/index.php?rest_route=\/wp\/v2\/product\/14436","targetHints":{"allow":["GET"]}}],"collection":[{"href":"http:\/\/vanttive.com\/index.php?rest_route=\/wp\/v2\/product"}],"about":[{"href":"http:\/\/vanttive.com\/index.php?rest_route=\/wp\/v2\/types\/product"}],"wp:featuredmedia":[{"embeddable":true,"href":"http:\/\/vanttive.com\/index.php?rest_route=\/wp\/v2\/media\/10487"}],"wp:attachment":[{"href":"http:\/\/vanttive.com\/index.php?rest_route=%2Fwp%2Fv2%2Fmedia&parent=14436"}],"wp:term":[{"taxonomy":"product_brand","embeddable":true,"href":"http:\/\/vanttive.com\/index.php?rest_route=%2Fwp%2Fv2%2Fproduct_brand&post=14436"},{"taxonomy":"product_cat","embeddable":true,"href":"http:\/\/vanttive.com\/index.php?rest_route=%2Fwp%2Fv2%2Fproduct_cat&post=14436"},{"taxonomy":"product_tag","embeddable":true,"href":"http:\/\/vanttive.com\/index.php?rest_route=%2Fwp%2Fv2%2Fproduct_tag&post=14436"}],"curies":[{"name":"wp","href":"https:\/\/api.w.org\/{rel}","templated":true}]}}