{"id":14437,"date":"2023-08-20T01:13:37","date_gmt":"2023-08-20T06:13:37","guid":{"rendered":"https:\/\/www.vanttive.com\/producto\/cicaplast-gel-b5-40ml\/"},"modified":"2023-08-20T01:13:37","modified_gmt":"2023-08-20T06:13:37","slug":"cicaplast-gel-b5-40ml","status":"publish","type":"product","link":"http:\/\/vanttive.com\/?product=cicaplast-gel-b5-40ml","title":{"rendered":"Cicaplast gel b5 40ml"},"content":{"rendered":"<p>Gel Cicatrizante La Roche Posay Cicaplast B5, tratamiento que acelera la reconstrucci\u00f3n de la barrera cut\u00e1nea 40ml Cobre\/Zinc\/Manganeso para estimular la producci\u00f3n de c\u00e9lulas nuevas, Madecasoside para favorecer una buena organizaci\u00f3n celular y conseguir una reparaci\u00f3n epid\u00e9rmica r\u00e1pida y de buena calidad, su textura protectora est\u00e1 enriquecida con agentes antibacterianos que protegen la piel.<\/p>\n<p>Tipo de piel: Todo tipo de piel.<\/p>\n<p>Beneficios: Contiene ingredientes activos combinados para crear un cuidado de la piel recuperador experto:<br \/>\n-Alivio inmediato: [5 % Pantenol] + [Agua termal de La Roche-Posay] Ayuda en la recuperaci\u00f3n de la epidermis: [Madecassoside] + [Cobre \u2013 Zinc \u2013 Manganeso] + [\u00c1cido hialur\u00f3nico].<br \/>\n-Gel invisible promasaje: [Gel de silicona con textura enriquecida con glicerina].<\/p>\n<p>Modo de uso: Aplica y masajea diariamente sobre la piel para mejorar la apariencia de la cicatriz reciente (tras la cicatrizaci\u00f3n o la eliminaci\u00f3n de los puntos). Apl\u00edcalo dos veces al d\u00eda sobre las zonas secas. Despu\u00e9s de una intervenci\u00f3n dermatol\u00f3gica, sigue las recomendaciones de tu dermat\u00f3logo. No lo apliques directamente sobre la piel herida. Evita el contorno de los ojos.<\/p>\n<p>Ingredientes:<br \/>\nAQUA\/WATER \u2022 GLYCERIN \u2022 DIMETHICONE \u2022 PANTHENOL \u2022 PENTYLENE GLYCOL \u2022 C30-45 ALKYL DIMETHICONE \u2022 POLYBUTENE \u2022 SODIUM CITRATE \u2022 PEG\/PPG-18\/18 DIMETHICONE \u2022 ZINC GLUCONATE \u2022 MADECASSOSIDE \u2022 DIMETHICONOL \u2022 MANGANESE GLUCONATE \u2022 SODIUM HYALURONATE \u2022 COPPER GLUCONATE \u2022 CAPRYLYL GLYCOL \u2022 CITRIC ACID \u2022 POLYSORBATE 20 \u2022 TOCOPHEROL.<\/p>\n","protected":false},"excerpt":{"rendered":"<p>Cicaplast gel b5 contiene ingredientes activos combinados para crear un cuidado de la piel recuperador.<\/p>\n","protected":false},"featured_media":9788,"template":"","meta":{"site-sidebar-layout":"default","site-content-layout":"","ast-site-content-layout":"default","site-content-style":"default","site-sidebar-style":"default","ast-global-header-display":"","ast-banner-title-visibility":"","ast-main-header-display":"","ast-hfb-above-header-display":"","ast-hfb-below-header-display":"","ast-hfb-mobile-header-display":"","site-post-title":"","ast-breadcrumbs-content":"","ast-featured-img":"","footer-sml-layout":"","ast-disable-related-posts":"","theme-transparent-header-meta":"","adv-header-id-meta":"","stick-header-meta":"","header-above-stick-meta":"","header-main-stick-meta":"","header-below-stick-meta":"","astra-migrate-meta-layouts":"default","ast-page-background-enabled":"default","ast-page-background-meta":{"desktop":{"background-color":"var(--ast-global-color-5)","background-image":"","background-repeat":"repeat","background-position":"center center","background-size":"auto","background-attachment":"scroll","background-type":"","background-media":"","overlay-type":"","overlay-color":"","overlay-opacity":"","overlay-gradient":""},"tablet":{"background-color":"","background-image":"","background-repeat":"repeat","background-position":"center center","background-size":"auto","background-attachment":"scroll","background-type":"","background-media":"","overlay-type":"","overlay-color":"","overlay-opacity":"","overlay-gradient":""},"mobile":{"background-color":"","background-image":"","background-repeat":"repeat","background-position":"center center","background-size":"auto","background-attachment":"scroll","background-type":"","background-media":"","overlay-type":"","overlay-color":"","overlay-opacity":"","overlay-gradient":""}},"ast-content-background-meta":{"desktop":{"background-color":"var(--ast-global-color-4)","background-image":"","background-repeat":"repeat","background-position":"center center","background-size":"auto","background-attachment":"scroll","background-type":"","background-media":"","overlay-type":"","overlay-color":"","overlay-opacity":"","overlay-gradient":""},"tablet":{"background-color":"var(--ast-global-color-4)","background-image":"","background-repeat":"repeat","background-position":"center center","background-size":"auto","background-attachment":"scroll","background-type":"","background-media":"","overlay-type":"","overlay-color":"","overlay-opacity":"","overlay-gradient":""},"mobile":{"background-color":"var(--ast-global-color-4)","background-image":"","background-repeat":"repeat","background-position":"center center","background-size":"auto","background-attachment":"scroll","background-type":"","background-media":"","overlay-type":"","overlay-color":"","overlay-opacity":"","overlay-gradient":""}}},"product_brand":[],"product_cat":[214,215],"product_tag":[225,242,231,233,222,223,228,234,235,248],"class_list":{"0":"post-14437","1":"product","2":"type-product","3":"status-publish","4":"has-post-thumbnail","6":"product_cat-dermo","7":"product_cat-la-roche-posay","8":"product_tag-anti-manchas","9":"product_tag-cuidado-corporal","10":"product_tag-cuidado-facial","11":"product_tag-piel-atopica","12":"product_tag-piel-grasa","13":"product_tag-piel-mixta","14":"product_tag-piel-normal","15":"product_tag-piel-seca","16":"product_tag-piel-sensible","17":"product_tag-todo-tipo-de-piel","18":"desktop-align-left","19":"tablet-align-left","20":"mobile-align-left","21":"ast-product-gallery-layout-horizontal-slider","22":"ast-product-gallery-with-no-image","23":"ast-product-tabs-layout-horizontal","25":"first","26":"instock","27":"sale","28":"shipping-taxable","29":"purchasable","30":"product-type-simple"},"_links":{"self":[{"href":"http:\/\/vanttive.com\/index.php?rest_route=\/wp\/v2\/product\/14437","targetHints":{"allow":["GET"]}}],"collection":[{"href":"http:\/\/vanttive.com\/index.php?rest_route=\/wp\/v2\/product"}],"about":[{"href":"http:\/\/vanttive.com\/index.php?rest_route=\/wp\/v2\/types\/product"}],"wp:featuredmedia":[{"embeddable":true,"href":"http:\/\/vanttive.com\/index.php?rest_route=\/wp\/v2\/media\/9788"}],"wp:attachment":[{"href":"http:\/\/vanttive.com\/index.php?rest_route=%2Fwp%2Fv2%2Fmedia&parent=14437"}],"wp:term":[{"taxonomy":"product_brand","embeddable":true,"href":"http:\/\/vanttive.com\/index.php?rest_route=%2Fwp%2Fv2%2Fproduct_brand&post=14437"},{"taxonomy":"product_cat","embeddable":true,"href":"http:\/\/vanttive.com\/index.php?rest_route=%2Fwp%2Fv2%2Fproduct_cat&post=14437"},{"taxonomy":"product_tag","embeddable":true,"href":"http:\/\/vanttive.com\/index.php?rest_route=%2Fwp%2Fv2%2Fproduct_tag&post=14437"}],"curies":[{"name":"wp","href":"https:\/\/api.w.org\/{rel}","templated":true}]}}