{"id":14438,"date":"2023-08-20T01:13:39","date_gmt":"2023-08-20T06:13:39","guid":{"rendered":"https:\/\/www.vanttive.com\/producto\/effaclar-b5-serum-30ml\/"},"modified":"2023-08-20T01:13:39","modified_gmt":"2023-08-20T06:13:39","slug":"effaclar-b5-serum-30ml","status":"publish","type":"product","link":"http:\/\/vanttive.com\/?product=effaclar-b5-serum-30ml","title":{"rendered":"Effaclar b5 serum 30ml"},"content":{"rendered":"<p>Effaclar Serum es un tratamiento concentrado que combina un Complejo tri\u00e1cido exfoliante (\u00c1cido glic\u00f3lico + \u00c1cido Salic\u00edlico + LHA) con Niacinamida, para tratar imperfecciones, marcas, poros visibles y puntos negros. Una f\u00f3rmula que purifica la piel, alisa la textura y reduce finas l\u00edneas.<\/p>\n<p>Tipo de piel: Piel grasa<\/p>\n<p>Beneficio: F\u00f3rmula ligera de f\u00e1cil absorci\u00f3n que facilita la aplicaci\u00f3n r\u00e1pida diaria. Acabado no graso y no pegajoso. 30ml 3 \u00c1cidos Queratol\u00edticos (\u00c1cido Salic\u00edlico + \u00c1cido Glic\u00f3lico + Lha). Para reducir imperfecciones y marcas + Niacinamida (Mejora la barrera de la piel y reduce las irritaciones cut\u00e1neas) + Agua Termal para una acci\u00f3n calmante y anti-Irritaci\u00f3n. Con Eficacia Anti-Reparici\u00f3n Testada.<\/p>\n<p>Modo de uso: Aplicar en todo el rostro por la noche, tras limpiar la piel con Effaclar Gel o Effaclar Gel Purificante Micro-exfoliante seg\u00fan la severidad de tus imperfecciones. Puede usarse solo en combinaci\u00f3n con el tratamiento habitual.<\/p>\n<p>Ingredientes:<br \/>\nAQUA \/ WATER \u2022 ALCOHOL DENAT. \u2022 PROPANEDIOL \u2022 GLYCOLIC ACID \u2022 NIACINAMIDE \u2022 DIMETHYL ISOSORBIDE \u2022 PENTYLENE GLYCOL \u2022 SALICYLIC ACID \u2022 SODIUM HYDROXIDE \u2022 PEG-60 HYDROGENATED CASTOR OIL \u2022 HYDROXYETHYLPIPERAZINE ETHANE SULFONIC ACID \u2022 CITRIC ACID \u2022 PEG-30 GLYCERYL COCOATE \u2022 CAPRYLOYL SALICYLIC ACID \u2022 BIOSACCHARIDE GUM-1 \u2022 MALTODEXTRIN \u2022 PHYTIC ACID \u2022 POLYQUATERNIUM-10 \u2022 PARFUM \/ FRAGRANCE.<\/p>\n","protected":false},"excerpt":{"rendered":"<p>Effaclar serum es un tratamiento concentrado que combina un complejo tri\u00e1cido exfoliante (\u00e1cido glic\u00f3lico + \u00e1cido salic\u00edlico + lha) con niacinamida, para tratar imperfecciones, marcas, poros visibles y puntos negros.<\/p>\n","protected":false},"featured_media":9759,"template":"","meta":{"site-sidebar-layout":"default","site-content-layout":"","ast-site-content-layout":"default","site-content-style":"default","site-sidebar-style":"default","ast-global-header-display":"","ast-banner-title-visibility":"","ast-main-header-display":"","ast-hfb-above-header-display":"","ast-hfb-below-header-display":"","ast-hfb-mobile-header-display":"","site-post-title":"","ast-breadcrumbs-content":"","ast-featured-img":"","footer-sml-layout":"","ast-disable-related-posts":"","theme-transparent-header-meta":"","adv-header-id-meta":"","stick-header-meta":"","header-above-stick-meta":"","header-main-stick-meta":"","header-below-stick-meta":"","astra-migrate-meta-layouts":"default","ast-page-background-enabled":"default","ast-page-background-meta":{"desktop":{"background-color":"var(--ast-global-color-5)","background-image":"","background-repeat":"repeat","background-position":"center center","background-size":"auto","background-attachment":"scroll","background-type":"","background-media":"","overlay-type":"","overlay-color":"","overlay-opacity":"","overlay-gradient":""},"tablet":{"background-color":"","background-image":"","background-repeat":"repeat","background-position":"center center","background-size":"auto","background-attachment":"scroll","background-type":"","background-media":"","overlay-type":"","overlay-color":"","overlay-opacity":"","overlay-gradient":""},"mobile":{"background-color":"","background-image":"","background-repeat":"repeat","background-position":"center center","background-size":"auto","background-attachment":"scroll","background-type":"","background-media":"","overlay-type":"","overlay-color":"","overlay-opacity":"","overlay-gradient":""}},"ast-content-background-meta":{"desktop":{"background-color":"var(--ast-global-color-4)","background-image":"","background-repeat":"repeat","background-position":"center center","background-size":"auto","background-attachment":"scroll","background-type":"","background-media":"","overlay-type":"","overlay-color":"","overlay-opacity":"","overlay-gradient":""},"tablet":{"background-color":"var(--ast-global-color-4)","background-image":"","background-repeat":"repeat","background-position":"center center","background-size":"auto","background-attachment":"scroll","background-type":"","background-media":"","overlay-type":"","overlay-color":"","overlay-opacity":"","overlay-gradient":""},"mobile":{"background-color":"var(--ast-global-color-4)","background-image":"","background-repeat":"repeat","background-position":"center center","background-size":"auto","background-attachment":"scroll","background-type":"","background-media":"","overlay-type":"","overlay-color":"","overlay-opacity":"","overlay-gradient":""}}},"product_brand":[],"product_cat":[214,215],"product_tag":[224,225,233,222,223,228,234,235,248],"class_list":{"0":"post-14438","1":"product","2":"type-product","3":"status-publish","4":"has-post-thumbnail","6":"product_cat-dermo","7":"product_cat-la-roche-posay","8":"product_tag-anti-imperfecciones","9":"product_tag-anti-manchas","10":"product_tag-piel-atopica","11":"product_tag-piel-grasa","12":"product_tag-piel-mixta","13":"product_tag-piel-normal","14":"product_tag-piel-seca","15":"product_tag-piel-sensible","16":"product_tag-todo-tipo-de-piel","17":"desktop-align-left","18":"tablet-align-left","19":"mobile-align-left","20":"ast-product-gallery-layout-horizontal-slider","21":"ast-product-gallery-with-no-image","22":"ast-product-tabs-layout-horizontal","24":"first","25":"instock","26":"sale","27":"shipping-taxable","28":"purchasable","29":"product-type-simple"},"_links":{"self":[{"href":"http:\/\/vanttive.com\/index.php?rest_route=\/wp\/v2\/product\/14438","targetHints":{"allow":["GET"]}}],"collection":[{"href":"http:\/\/vanttive.com\/index.php?rest_route=\/wp\/v2\/product"}],"about":[{"href":"http:\/\/vanttive.com\/index.php?rest_route=\/wp\/v2\/types\/product"}],"wp:featuredmedia":[{"embeddable":true,"href":"http:\/\/vanttive.com\/index.php?rest_route=\/wp\/v2\/media\/9759"}],"wp:attachment":[{"href":"http:\/\/vanttive.com\/index.php?rest_route=%2Fwp%2Fv2%2Fmedia&parent=14438"}],"wp:term":[{"taxonomy":"product_brand","embeddable":true,"href":"http:\/\/vanttive.com\/index.php?rest_route=%2Fwp%2Fv2%2Fproduct_brand&post=14438"},{"taxonomy":"product_cat","embeddable":true,"href":"http:\/\/vanttive.com\/index.php?rest_route=%2Fwp%2Fv2%2Fproduct_cat&post=14438"},{"taxonomy":"product_tag","embeddable":true,"href":"http:\/\/vanttive.com\/index.php?rest_route=%2Fwp%2Fv2%2Fproduct_tag&post=14438"}],"curies":[{"name":"wp","href":"https:\/\/api.w.org\/{rel}","templated":true}]}}