{"id":14439,"date":"2023-08-20T01:13:40","date_gmt":"2023-08-20T06:13:40","guid":{"rendered":"https:\/\/www.vanttive.com\/producto\/effaclar-barra-purificante-70g\/"},"modified":"2023-08-20T01:13:40","modified_gmt":"2023-08-20T06:13:40","slug":"effaclar-barra-purificante-70g","status":"publish","type":"product","link":"http:\/\/vanttive.com\/?product=effaclar-barra-purificante-70g","title":{"rendered":"Effaclar barra purificante 70g"},"content":{"rendered":"<p>EFFACLAR BARRA CONCENTRADA es un jab\u00f3n facial en barra que desobstruye los poros con una precisa y dirigida exfoliaci\u00f3n, ayuda a reducir el exceso de brillo e impurezas en la piel al combatir la sobreproducci\u00f3n de sebo.<\/p>\n<p>Tipo de piel: Pieles grasas con tendencia al acn\u00e9 e imperfecciones.<\/p>\n<p>Beneficios: Jab\u00f3n en barra para pieles grasas con imperfecciones. Es una f\u00f3rmula completa que deja la piel confortable, reduce la obstrucci\u00f3n de poros y combate el exceso de sebo. Desarrollado para pieles grasas con imperfecciones moderadas a severas.<\/p>\n<p>Modo de uso:Aplicar en el rostro.<\/p>\n<p>Ingredientes:<br \/>\nGlycerin, Agua, Sodium Palmate, Sodium Stearate, Capryloyl Salicylic Acid, Sodium Chloride, Zinc PCA.<\/p>\n","protected":false},"excerpt":{"rendered":"<p>Effaclar barra concentrada es un jab\u00f3n facial en barra que desobstruye los poros con una precisa y dirigida exfoliaci\u00f3n, ayuda a reducir el exceso de brillo e impurezas en la piel al combatir la sobreproducci\u00f3n de sebo.<\/p>\n","protected":false},"featured_media":9734,"template":"","meta":{"site-sidebar-layout":"default","site-content-layout":"","ast-site-content-layout":"default","site-content-style":"default","site-sidebar-style":"default","ast-global-header-display":"","ast-banner-title-visibility":"","ast-main-header-display":"","ast-hfb-above-header-display":"","ast-hfb-below-header-display":"","ast-hfb-mobile-header-display":"","site-post-title":"","ast-breadcrumbs-content":"","ast-featured-img":"","footer-sml-layout":"","ast-disable-related-posts":"","theme-transparent-header-meta":"","adv-header-id-meta":"","stick-header-meta":"","header-above-stick-meta":"","header-main-stick-meta":"","header-below-stick-meta":"","astra-migrate-meta-layouts":"default","ast-page-background-enabled":"default","ast-page-background-meta":{"desktop":{"background-color":"var(--ast-global-color-5)","background-image":"","background-repeat":"repeat","background-position":"center center","background-size":"auto","background-attachment":"scroll","background-type":"","background-media":"","overlay-type":"","overlay-color":"","overlay-opacity":"","overlay-gradient":""},"tablet":{"background-color":"","background-image":"","background-repeat":"repeat","background-position":"center center","background-size":"auto","background-attachment":"scroll","background-type":"","background-media":"","overlay-type":"","overlay-color":"","overlay-opacity":"","overlay-gradient":""},"mobile":{"background-color":"","background-image":"","background-repeat":"repeat","background-position":"center center","background-size":"auto","background-attachment":"scroll","background-type":"","background-media":"","overlay-type":"","overlay-color":"","overlay-opacity":"","overlay-gradient":""}},"ast-content-background-meta":{"desktop":{"background-color":"var(--ast-global-color-4)","background-image":"","background-repeat":"repeat","background-position":"center center","background-size":"auto","background-attachment":"scroll","background-type":"","background-media":"","overlay-type":"","overlay-color":"","overlay-opacity":"","overlay-gradient":""},"tablet":{"background-color":"var(--ast-global-color-4)","background-image":"","background-repeat":"repeat","background-position":"center center","background-size":"auto","background-attachment":"scroll","background-type":"","background-media":"","overlay-type":"","overlay-color":"","overlay-opacity":"","overlay-gradient":""},"mobile":{"background-color":"var(--ast-global-color-4)","background-image":"","background-repeat":"repeat","background-position":"center center","background-size":"auto","background-attachment":"scroll","background-type":"","background-media":"","overlay-type":"","overlay-color":"","overlay-opacity":"","overlay-gradient":""}}},"product_brand":[],"product_cat":[214,215],"product_tag":[226,221,233,222,223,228,234,235,248],"class_list":{"0":"post-14439","1":"product","2":"type-product","3":"status-publish","4":"has-post-thumbnail","6":"product_cat-dermo","7":"product_cat-la-roche-posay","8":"product_tag-limpiadores-corporales","9":"product_tag-limpiadores-faciales","10":"product_tag-piel-atopica","11":"product_tag-piel-grasa","12":"product_tag-piel-mixta","13":"product_tag-piel-normal","14":"product_tag-piel-seca","15":"product_tag-piel-sensible","16":"product_tag-todo-tipo-de-piel","17":"desktop-align-left","18":"tablet-align-left","19":"mobile-align-left","20":"ast-product-gallery-layout-horizontal-slider","21":"ast-product-gallery-with-no-image","22":"ast-product-tabs-layout-horizontal","24":"first","25":"instock","26":"sale","27":"shipping-taxable","28":"purchasable","29":"product-type-simple"},"_links":{"self":[{"href":"http:\/\/vanttive.com\/index.php?rest_route=\/wp\/v2\/product\/14439","targetHints":{"allow":["GET"]}}],"collection":[{"href":"http:\/\/vanttive.com\/index.php?rest_route=\/wp\/v2\/product"}],"about":[{"href":"http:\/\/vanttive.com\/index.php?rest_route=\/wp\/v2\/types\/product"}],"wp:featuredmedia":[{"embeddable":true,"href":"http:\/\/vanttive.com\/index.php?rest_route=\/wp\/v2\/media\/9734"}],"wp:attachment":[{"href":"http:\/\/vanttive.com\/index.php?rest_route=%2Fwp%2Fv2%2Fmedia&parent=14439"}],"wp:term":[{"taxonomy":"product_brand","embeddable":true,"href":"http:\/\/vanttive.com\/index.php?rest_route=%2Fwp%2Fv2%2Fproduct_brand&post=14439"},{"taxonomy":"product_cat","embeddable":true,"href":"http:\/\/vanttive.com\/index.php?rest_route=%2Fwp%2Fv2%2Fproduct_cat&post=14439"},{"taxonomy":"product_tag","embeddable":true,"href":"http:\/\/vanttive.com\/index.php?rest_route=%2Fwp%2Fv2%2Fproduct_tag&post=14439"}],"curies":[{"name":"wp","href":"https:\/\/api.w.org\/{rel}","templated":true}]}}