{"id":14441,"date":"2023-08-20T01:13:49","date_gmt":"2023-08-20T06:13:49","guid":{"rendered":"https:\/\/www.vanttive.com\/producto\/hyalu-b5-contorno-ojos-15ml\/"},"modified":"2023-08-20T01:13:49","modified_gmt":"2023-08-20T06:13:49","slug":"hyalu-b5-contorno-ojos-15ml","status":"publish","type":"product","link":"http:\/\/vanttive.com\/?product=hyalu-b5-contorno-ojos-15ml","title":{"rendered":"Hyalu b5 contorno ojos 15ml"},"content":{"rendered":"<p>HYALU B5 OJOS ayuda a rellenar y reparar la barrera cut\u00e1nea del contorno de ojos. Para contornos de ojos cansados y fragilizados, arrugas y l\u00edneas finas, p\u00e9rdida de volumen y elasticidad.<\/p>\n<p>Tipo de piel: Piel normal y sensible.<\/p>\n<p>Beneficios: B\u00e1lsamo: textura que rellena y da bienestar. Excelente base para el maquillaje.  Con Agua Termal de La Roche-Posay. Dos \u00e1cidos hialur\u00f3nicos y vitamina B5 que ayudan a rellenar y reparar la barrera cut\u00e1nea del contorno de ojos.<\/p>\n<p>Modo de uso: Aplicar en el rostro por la ma\u00f1ana y\/o por la noche.<\/p>\n<p>Ingredientes:<br \/>\nAQUA \/ WATER \u2022 GLYCERIN \u2022 BUTYROSPERMUM PARKII BUTTER \/ SHEA BUTTER \u2022 DIMETHICONE \u2022 PRUNUS ARMENIACA KERNEL OIL \/ APRICOT KERNEL OIL \u2022 PENTAERYTHRITYL TETRAETHYLHEXANOATE \u2022 PANTHENOL \u2022 SILICA \u2022 ISOHEXADECANE \u2022 ZEA MAYS STARCH \/ CORN STARCH \u2022 PROPYLENE GLYCOL \u2022 HYDROXYPROPYL TETRAHYDROPYRANTRIOL \u2022 CERA ALBA \/ BEESWAX \u2022 STEARIC ACID \u2022 PALMITIC ACID \u2022 PEG-100 STEARATE \u2022 GLYCERYL STEARATE \u2022 PEG-20 STEARATE \u2022 STEARYL ALCOHOL \u2022 TIN OXIDE \u2022 BIS-PEG-18 METHYL ETHER DIMETHYL SILANE \u2022 SORBITAN OLEATE \u2022 DIMETHICONOL \u2022 SODIUM HYALURONATE \u2022 ARGININE PCA \u2022 SERINE \u2022 MYRISTIC ACID \u2022 ALUMINA \u2022 DISODIUM EDTA \u2022 ISOPROPYL TITANIUM TRIISOSTEARATE \u2022 HYDROLYZED HYALURONIC ACID \u2022 HYDROLYZED LINSEED EXTRACT \u2022 CITRIC ACID \u2022 ACETYL DIPEPTIDE-1 CETYL ESTER \u2022 TOLUENE SULFONIC ACID \u2022 POLYSORBATE 80 \u2022 ACRYLAMIDE\/SODIUM ACRYLOYLDIMETHYLTAURATE COPOLYMER \u2022 BHT \u2022 PENTAERYTHRITYL TETRA-DI-T-BUTYL HYDROXYHYDROCINNAMATE \u2022 SODIUM BENZOATE \u2022 PHENOXYETHANOL \u2022 BENZOIC ACID \u2022 CI 77491, CI 77492, CI 77499 \/ IRON OXIDES \u2022 CI 77891 \/ TITANIUM DIOXIDE \u2022 MICA.<\/p>\n","protected":false},"excerpt":{"rendered":"<p>Hyalu b5 ojos ayuda a rellenar y reparar la barrera cut\u00e1nea del contorno de ojos.<\/p>\n","protected":false},"featured_media":9743,"template":"","meta":{"site-sidebar-layout":"default","site-content-layout":"","ast-site-content-layout":"default","site-content-style":"default","site-sidebar-style":"default","ast-global-header-display":"","ast-banner-title-visibility":"","ast-main-header-display":"","ast-hfb-above-header-display":"","ast-hfb-below-header-display":"","ast-hfb-mobile-header-display":"","site-post-title":"","ast-breadcrumbs-content":"","ast-featured-img":"","footer-sml-layout":"","ast-disable-related-posts":"","theme-transparent-header-meta":"","adv-header-id-meta":"","stick-header-meta":"","header-above-stick-meta":"","header-main-stick-meta":"","header-below-stick-meta":"","astra-migrate-meta-layouts":"default","ast-page-background-enabled":"default","ast-page-background-meta":{"desktop":{"background-color":"var(--ast-global-color-5)","background-image":"","background-repeat":"repeat","background-position":"center center","background-size":"auto","background-attachment":"scroll","background-type":"","background-media":"","overlay-type":"","overlay-color":"","overlay-opacity":"","overlay-gradient":""},"tablet":{"background-color":"","background-image":"","background-repeat":"repeat","background-position":"center center","background-size":"auto","background-attachment":"scroll","background-type":"","background-media":"","overlay-type":"","overlay-color":"","overlay-opacity":"","overlay-gradient":""},"mobile":{"background-color":"","background-image":"","background-repeat":"repeat","background-position":"center center","background-size":"auto","background-attachment":"scroll","background-type":"","background-media":"","overlay-type":"","overlay-color":"","overlay-opacity":"","overlay-gradient":""}},"ast-content-background-meta":{"desktop":{"background-color":"var(--ast-global-color-4)","background-image":"","background-repeat":"repeat","background-position":"center center","background-size":"auto","background-attachment":"scroll","background-type":"","background-media":"","overlay-type":"","overlay-color":"","overlay-opacity":"","overlay-gradient":""},"tablet":{"background-color":"var(--ast-global-color-4)","background-image":"","background-repeat":"repeat","background-position":"center center","background-size":"auto","background-attachment":"scroll","background-type":"","background-media":"","overlay-type":"","overlay-color":"","overlay-opacity":"","overlay-gradient":""},"mobile":{"background-color":"var(--ast-global-color-4)","background-image":"","background-repeat":"repeat","background-position":"center center","background-size":"auto","background-attachment":"scroll","background-type":"","background-media":"","overlay-type":"","overlay-color":"","overlay-opacity":"","overlay-gradient":""}}},"product_brand":[],"product_cat":[214,215],"product_tag":[249,250,233,222,223,228,234,235,248],"class_list":{"0":"post-14441","1":"product","2":"type-product","3":"status-publish","4":"has-post-thumbnail","6":"product_cat-dermo","7":"product_cat-la-roche-posay","8":"product_tag-hiratacion-facial","9":"product_tag-ojeras","10":"product_tag-piel-atopica","11":"product_tag-piel-grasa","12":"product_tag-piel-mixta","13":"product_tag-piel-normal","14":"product_tag-piel-seca","15":"product_tag-piel-sensible","16":"product_tag-todo-tipo-de-piel","17":"desktop-align-left","18":"tablet-align-left","19":"mobile-align-left","20":"ast-product-gallery-layout-horizontal-slider","21":"ast-product-gallery-with-no-image","22":"ast-product-tabs-layout-horizontal","24":"first","25":"instock","26":"sale","27":"shipping-taxable","28":"purchasable","29":"product-type-simple"},"_links":{"self":[{"href":"http:\/\/vanttive.com\/index.php?rest_route=\/wp\/v2\/product\/14441","targetHints":{"allow":["GET"]}}],"collection":[{"href":"http:\/\/vanttive.com\/index.php?rest_route=\/wp\/v2\/product"}],"about":[{"href":"http:\/\/vanttive.com\/index.php?rest_route=\/wp\/v2\/types\/product"}],"wp:featuredmedia":[{"embeddable":true,"href":"http:\/\/vanttive.com\/index.php?rest_route=\/wp\/v2\/media\/9743"}],"wp:attachment":[{"href":"http:\/\/vanttive.com\/index.php?rest_route=%2Fwp%2Fv2%2Fmedia&parent=14441"}],"wp:term":[{"taxonomy":"product_brand","embeddable":true,"href":"http:\/\/vanttive.com\/index.php?rest_route=%2Fwp%2Fv2%2Fproduct_brand&post=14441"},{"taxonomy":"product_cat","embeddable":true,"href":"http:\/\/vanttive.com\/index.php?rest_route=%2Fwp%2Fv2%2Fproduct_cat&post=14441"},{"taxonomy":"product_tag","embeddable":true,"href":"http:\/\/vanttive.com\/index.php?rest_route=%2Fwp%2Fv2%2Fproduct_tag&post=14441"}],"curies":[{"name":"wp","href":"https:\/\/api.w.org\/{rel}","templated":true}]}}