{"id":14442,"date":"2023-08-20T01:13:49","date_gmt":"2023-08-20T06:13:49","guid":{"rendered":"https:\/\/www.vanttive.com\/producto\/hyalu-b5-crema-facial-aqua-gel-50ml\/"},"modified":"2023-08-20T01:13:49","modified_gmt":"2023-08-20T06:13:49","slug":"hyalu-b5-crema-facial-aqua-gel-50ml","status":"publish","type":"product","link":"http:\/\/vanttive.com\/?product=hyalu-b5-crema-facial-aqua-gel-50ml","title":{"rendered":"Hyalu b5 crema facial\u00a0aqua\u00a0gel 50ml"},"content":{"rendered":"<p>HYALU B5 AQUAGEL FPS30, concentrado dermatol\u00f3gico para reparar y rellenar, ahora con alta protecci\u00f3n contra los rayos UV y la contaminaci\u00f3n. Innovadora textura refrescante, invisible en cualquier tono de piel. Reduce los signos de fotoenvejecimiento, l\u00edneas finas, p\u00e9rdida de volumen y elasticidad, piel de aspecto cansado 24h.<\/p>\n<p>Tipo de piel: Todo tipo de piel.<\/p>\n<p>Beneficios: El NUEVO Hyalu B5 Aquagel FPS30 tiene una f\u00f3rmula \u00fanica con \u00c1cido Hialur\u00f3nico Puro, Vitamina B5 y Anti-Oxidantes (Vitamina E) para rellenar y reparar la barrera de la piel en 1 hora, brinda alta protecci\u00f3n contra las agresiones externas, tales como la radiaci\u00f3n UV y la contaminaci\u00f3n con su filtro de SPF 30+.<\/p>\n<p>Su innovadora textura ofrece un efecto refescante instant\u00e1neo en la piel -3.0\u00b0C* y es invisible sobre cualquier tono de piel. Ideal para aplicar en conjunto con Hyalu B5 Serum.<\/p>\n<p>Modo de uso: Aplicar diariamente por las ma\u00f1anas. Perfecta base de maquillaje.<\/p>\n<p>Ingredientes:<br \/>\nAQUA \/ WATER \/ EAU \u2022 GLYCERIN \u2022 OCTOCRYLENE \u2022 HOMOSALATE \u2022 ETHYLHEXYL SALICYLATE \u2022 BUTYL METHOXYDIBENZOYLMETHANE \u2022 ALCOHOL DENAT. \u2022 DIMETHICONE \u2022 PENTYLENE GLYCOL \u2022 DROMETRIZOLE TRISILOXANE \u2022 DIBUTYL LAUROYL GLUTAMIDE \u2022 ETHYLHEXYL TRIAZONE \u2022 AMMONIUM ACRYLOYLDIMETHYLTAURATE\/VP COPOLYMER \u2022 CAPRYLYL GLYCOL \u2022 CI 42090 \/ BLUE 1 \u2022 DEXTRIN PALMITATE \u2022 DIMETHICONE\/VINYL DIMETHICONE CROSSPOLYMER \u2022 PANTHENOL \u2022 PHENOXYETHANOL \u2022 POLY C10-30 ALKYL ACRYLATE \u2022 SODIUM HYALURONATE \u2022 T-BUTYL ALCOHOL \u2022 TOCOPHEROL \u2022 XANTHAN GUM \u2022 PARFUM \/ FRAGRANCE.<\/p>\n","protected":false},"excerpt":{"rendered":"<p>Hyalu b5 aquagel fps30. Concentrado dermatol\u00f3gico para reparar y rellenar, ahora con alta protecci\u00f3n contra los rayos uv y la contaminaci\u00f3n. Innovadora textura refrescante, invisible en cualquier tono de piel.<\/p>\n","protected":false},"featured_media":9776,"template":"","meta":{"site-sidebar-layout":"default","site-content-layout":"","ast-site-content-layout":"default","site-content-style":"default","site-sidebar-style":"default","ast-global-header-display":"","ast-banner-title-visibility":"","ast-main-header-display":"","ast-hfb-above-header-display":"","ast-hfb-below-header-display":"","ast-hfb-mobile-header-display":"","site-post-title":"","ast-breadcrumbs-content":"","ast-featured-img":"","footer-sml-layout":"","ast-disable-related-posts":"","theme-transparent-header-meta":"","adv-header-id-meta":"","stick-header-meta":"","header-above-stick-meta":"","header-main-stick-meta":"","header-below-stick-meta":"","astra-migrate-meta-layouts":"default","ast-page-background-enabled":"default","ast-page-background-meta":{"desktop":{"background-color":"var(--ast-global-color-5)","background-image":"","background-repeat":"repeat","background-position":"center center","background-size":"auto","background-attachment":"scroll","background-type":"","background-media":"","overlay-type":"","overlay-color":"","overlay-opacity":"","overlay-gradient":""},"tablet":{"background-color":"","background-image":"","background-repeat":"repeat","background-position":"center center","background-size":"auto","background-attachment":"scroll","background-type":"","background-media":"","overlay-type":"","overlay-color":"","overlay-opacity":"","overlay-gradient":""},"mobile":{"background-color":"","background-image":"","background-repeat":"repeat","background-position":"center center","background-size":"auto","background-attachment":"scroll","background-type":"","background-media":"","overlay-type":"","overlay-color":"","overlay-opacity":"","overlay-gradient":""}},"ast-content-background-meta":{"desktop":{"background-color":"var(--ast-global-color-4)","background-image":"","background-repeat":"repeat","background-position":"center center","background-size":"auto","background-attachment":"scroll","background-type":"","background-media":"","overlay-type":"","overlay-color":"","overlay-opacity":"","overlay-gradient":""},"tablet":{"background-color":"var(--ast-global-color-4)","background-image":"","background-repeat":"repeat","background-position":"center center","background-size":"auto","background-attachment":"scroll","background-type":"","background-media":"","overlay-type":"","overlay-color":"","overlay-opacity":"","overlay-gradient":""},"mobile":{"background-color":"var(--ast-global-color-4)","background-image":"","background-repeat":"repeat","background-position":"center center","background-size":"auto","background-attachment":"scroll","background-type":"","background-media":"","overlay-type":"","overlay-color":"","overlay-opacity":"","overlay-gradient":""}}},"product_brand":[],"product_cat":[214,215],"product_tag":[230,231,232,233,222,223,228,234,235,248],"class_list":{"0":"post-14442","1":"product","2":"type-product","3":"status-publish","4":"has-post-thumbnail","6":"product_cat-dermo","7":"product_cat-la-roche-posay","8":"product_tag-anti-edad","9":"product_tag-cuidado-facial","10":"product_tag-hidratacion-facial","11":"product_tag-piel-atopica","12":"product_tag-piel-grasa","13":"product_tag-piel-mixta","14":"product_tag-piel-normal","15":"product_tag-piel-seca","16":"product_tag-piel-sensible","17":"product_tag-todo-tipo-de-piel","18":"desktop-align-left","19":"tablet-align-left","20":"mobile-align-left","21":"ast-product-gallery-layout-horizontal-slider","22":"ast-product-gallery-with-no-image","23":"ast-product-tabs-layout-horizontal","25":"first","26":"instock","27":"sale","28":"shipping-taxable","29":"purchasable","30":"product-type-simple"},"_links":{"self":[{"href":"http:\/\/vanttive.com\/index.php?rest_route=\/wp\/v2\/product\/14442","targetHints":{"allow":["GET"]}}],"collection":[{"href":"http:\/\/vanttive.com\/index.php?rest_route=\/wp\/v2\/product"}],"about":[{"href":"http:\/\/vanttive.com\/index.php?rest_route=\/wp\/v2\/types\/product"}],"wp:featuredmedia":[{"embeddable":true,"href":"http:\/\/vanttive.com\/index.php?rest_route=\/wp\/v2\/media\/9776"}],"wp:attachment":[{"href":"http:\/\/vanttive.com\/index.php?rest_route=%2Fwp%2Fv2%2Fmedia&parent=14442"}],"wp:term":[{"taxonomy":"product_brand","embeddable":true,"href":"http:\/\/vanttive.com\/index.php?rest_route=%2Fwp%2Fv2%2Fproduct_brand&post=14442"},{"taxonomy":"product_cat","embeddable":true,"href":"http:\/\/vanttive.com\/index.php?rest_route=%2Fwp%2Fv2%2Fproduct_cat&post=14442"},{"taxonomy":"product_tag","embeddable":true,"href":"http:\/\/vanttive.com\/index.php?rest_route=%2Fwp%2Fv2%2Fproduct_tag&post=14442"}],"curies":[{"name":"wp","href":"https:\/\/api.w.org\/{rel}","templated":true}]}}