{"id":14443,"date":"2023-08-20T01:13:50","date_gmt":"2023-08-20T06:13:50","guid":{"rendered":"https:\/\/www.vanttive.com\/producto\/hydraphase-crema-facial-hidratante-uv-50ml\/"},"modified":"2023-08-20T01:13:50","modified_gmt":"2023-08-20T06:13:50","slug":"hydraphase-crema-facial-hidratante-uv-50ml","status":"publish","type":"product","link":"http:\/\/vanttive.com\/?product=hydraphase-crema-facial-hidratante-uv-50ml","title":{"rendered":"Hydraphase crema facial hidratante uv 50ml"},"content":{"rendered":"<p>HYDRAPHASE UV INTENSE RICA rehidrata y protege instant\u00e1neamente contra los filtros UVA y UVB.<\/p>\n<p>Tipo de piel: Todo tipo de piel.<\/p>\n<p>Beneficios: Hidrataci\u00f3n durante 24 horas gracias a la combinaci\u00f3n del Agua Termal de La Roche-Posay y el \u00e1cido hialur\u00f3nico, un potente ingrediente activo poderosamente hidratante. La piel se impregna de agua.La barrera de la piel est\u00e1 reforzada y retiene el agua. Textura en crema, rica y no grasa.<\/p>\n<p>Modo de uso: Apl\u00edcalo cada ma\u00f1ana sobre el rostro y el cuello. Evita el contorno de ojos.<\/p>\n<p>Ingredientes:<br \/>\nAQUA \/ WATER \u2022 OCTOCRYLENE \u2022 ISOPROPYL LAUROYL SARCOSINATE \u2022 GLYCERIN \u2022 ETHYLHEXYL SALICYLATE \u2022 HOMOSALATE \u2022 DIMETHICONE \u2022 C30-45 ALKYL DIMETHICONE \u2022 BUTYL METHOXYDIBENZOYLMETHANE \u2022 ALUMINUM STARCH OCTENYLSUCCINATE \u2022 SUCROSE TRISTEARATE \u2022 CERA ALBA \/ BEESWAX \u2022 POLYMETHYLSILSESQUIOXANE \u2022 POLYSORBATE 61 \u2022 PEG-12 DIMETHICONE \u2022 CARBOMER \u2022 TRIETHANOLAMINE \u2022 DIMETHICONOL \u2022 SODIUM HYALURONATE \u2022 SODIUM STEAROYL GLUTAMATE \u2022 DISODIUM EDTA \u2022 HYDROLYZED HYALURONIC ACID \u2022 CAPRYLYL GLYCOL \u2022 XANTHAN GUM \u2022 SODIUM BENZOATE \u2022 PHENOXYETHANOL \u2022 PARFUM \/ FRAGRANCE.<\/p>\n","protected":false},"excerpt":{"rendered":"<p>Hydraphase uv intense rica rehidrata y protege instant\u00e1neamente contra los filtros uva y uvb.<\/p>\n","protected":false},"featured_media":10488,"template":"","meta":{"site-sidebar-layout":"default","site-content-layout":"","ast-site-content-layout":"default","site-content-style":"default","site-sidebar-style":"default","ast-global-header-display":"","ast-banner-title-visibility":"","ast-main-header-display":"","ast-hfb-above-header-display":"","ast-hfb-below-header-display":"","ast-hfb-mobile-header-display":"","site-post-title":"","ast-breadcrumbs-content":"","ast-featured-img":"","footer-sml-layout":"","ast-disable-related-posts":"","theme-transparent-header-meta":"","adv-header-id-meta":"","stick-header-meta":"","header-above-stick-meta":"","header-main-stick-meta":"","header-below-stick-meta":"","astra-migrate-meta-layouts":"default","ast-page-background-enabled":"default","ast-page-background-meta":{"desktop":{"background-color":"var(--ast-global-color-5)","background-image":"","background-repeat":"repeat","background-position":"center center","background-size":"auto","background-attachment":"scroll","background-type":"","background-media":"","overlay-type":"","overlay-color":"","overlay-opacity":"","overlay-gradient":""},"tablet":{"background-color":"","background-image":"","background-repeat":"repeat","background-position":"center center","background-size":"auto","background-attachment":"scroll","background-type":"","background-media":"","overlay-type":"","overlay-color":"","overlay-opacity":"","overlay-gradient":""},"mobile":{"background-color":"","background-image":"","background-repeat":"repeat","background-position":"center center","background-size":"auto","background-attachment":"scroll","background-type":"","background-media":"","overlay-type":"","overlay-color":"","overlay-opacity":"","overlay-gradient":""}},"ast-content-background-meta":{"desktop":{"background-color":"var(--ast-global-color-4)","background-image":"","background-repeat":"repeat","background-position":"center center","background-size":"auto","background-attachment":"scroll","background-type":"","background-media":"","overlay-type":"","overlay-color":"","overlay-opacity":"","overlay-gradient":""},"tablet":{"background-color":"var(--ast-global-color-4)","background-image":"","background-repeat":"repeat","background-position":"center center","background-size":"auto","background-attachment":"scroll","background-type":"","background-media":"","overlay-type":"","overlay-color":"","overlay-opacity":"","overlay-gradient":""},"mobile":{"background-color":"var(--ast-global-color-4)","background-image":"","background-repeat":"repeat","background-position":"center center","background-size":"auto","background-attachment":"scroll","background-type":"","background-media":"","overlay-type":"","overlay-color":"","overlay-opacity":"","overlay-gradient":""}}},"product_brand":[],"product_cat":[214,215],"product_tag":[230,231,232,233,222,223,228,234,235,248],"class_list":{"0":"post-14443","1":"product","2":"type-product","3":"status-publish","4":"has-post-thumbnail","6":"product_cat-dermo","7":"product_cat-la-roche-posay","8":"product_tag-anti-edad","9":"product_tag-cuidado-facial","10":"product_tag-hidratacion-facial","11":"product_tag-piel-atopica","12":"product_tag-piel-grasa","13":"product_tag-piel-mixta","14":"product_tag-piel-normal","15":"product_tag-piel-seca","16":"product_tag-piel-sensible","17":"product_tag-todo-tipo-de-piel","18":"desktop-align-left","19":"tablet-align-left","20":"mobile-align-left","21":"ast-product-gallery-layout-horizontal-slider","22":"ast-product-gallery-with-no-image","23":"ast-product-tabs-layout-horizontal","25":"first","26":"instock","27":"sale","28":"shipping-taxable","29":"purchasable","30":"product-type-simple"},"_links":{"self":[{"href":"http:\/\/vanttive.com\/index.php?rest_route=\/wp\/v2\/product\/14443","targetHints":{"allow":["GET"]}}],"collection":[{"href":"http:\/\/vanttive.com\/index.php?rest_route=\/wp\/v2\/product"}],"about":[{"href":"http:\/\/vanttive.com\/index.php?rest_route=\/wp\/v2\/types\/product"}],"wp:featuredmedia":[{"embeddable":true,"href":"http:\/\/vanttive.com\/index.php?rest_route=\/wp\/v2\/media\/10488"}],"wp:attachment":[{"href":"http:\/\/vanttive.com\/index.php?rest_route=%2Fwp%2Fv2%2Fmedia&parent=14443"}],"wp:term":[{"taxonomy":"product_brand","embeddable":true,"href":"http:\/\/vanttive.com\/index.php?rest_route=%2Fwp%2Fv2%2Fproduct_brand&post=14443"},{"taxonomy":"product_cat","embeddable":true,"href":"http:\/\/vanttive.com\/index.php?rest_route=%2Fwp%2Fv2%2Fproduct_cat&post=14443"},{"taxonomy":"product_tag","embeddable":true,"href":"http:\/\/vanttive.com\/index.php?rest_route=%2Fwp%2Fv2%2Fproduct_tag&post=14443"}],"curies":[{"name":"wp","href":"https:\/\/api.w.org\/{rel}","templated":true}]}}