{"id":14444,"date":"2023-08-20T01:13:50","date_gmt":"2023-08-20T06:13:50","guid":{"rendered":"https:\/\/www.vanttive.com\/producto\/niancinamide-serum-30ml\/"},"modified":"2023-08-20T01:13:50","modified_gmt":"2023-08-20T06:13:50","slug":"niancinamide-serum-30ml","status":"publish","type":"product","link":"http:\/\/vanttive.com\/?product=niancinamide-serum-30ml","title":{"rendered":"Niancinamide serum 30ml"},"content":{"rendered":"<p>Serum Pure Nacinamide 10 La Roche Posay 30ml, desarrollado conjuntamente con dermat\u00f3logos, est\u00e1 formulado con un 10% de Niacinamida pura, que corrige todo tipo de manchas y marcas, los problemas de hiperpigmentaci\u00f3n y el tono desigual de la piel.<\/p>\n<p>Tipo de piel: Todo tipo de piel.<\/p>\n<p>Beneficios: Corrige todo tipo de manchas, marcas, los problemas de hiperpigmentaci\u00f3n y el tono desigual de la piel. Eficacia visible desde la primera semana. Gracias a un concentrado dermatol\u00f3gico de Niacinamida Pura al 10%. El activo clave es el 10% de Niacinamida pura, una mol\u00e9cula dermatol\u00f3gica reconocida que combate todo tipo de manchas, as\u00ed como los problemas de hiperpigmentaci\u00f3n causados por la inflamaci\u00f3n. Textura hidratante y de r\u00e1pida absorci\u00f3n con acabado aterciopelado no graso.<\/p>\n<p>Modo de uso: Aplicarlo en el rostro, escote y manos por la ma\u00f1ana y por la noche.<\/p>\n<p>Ingredientes:<br \/>\nAQUA \/ WATER ? NIACINAMIDE ? GLYCERIN ? ALCOHOL DENAT. ? HYDROXYETHYLPIPERAZINE ETHANE SULFONIC ACID ? DIMETHICONE ? ISOPROPYL LAUROYL SARCOSINATE ? OCTYLDODECANOL ? PEG-20 METHYL GLUCOSE SESQUISTEARATE ? TIN OXIDE ? SORBITAN OLEATE ? DIMETHICONOL ? CETEARYL ETHYLHEXANOATE ? ISOHEXADECANE ? SODIUM HYALURONATE ? PHENYLETHYL RESORCINOL ? POLOXAMER 338 ? AMMONIUM POLYACRYLOYLDIMETHYL TAURATE ? DISODIUM EDTA ? ISOPROPYL MYRISTATE ? CITRIC ACID ? XANTHAN GUM ? POLYSORBATE 80 ? ACRYLAMIDE\/SODIUM ACRYLOYLDIMETHYLTAURATE COPOLYMER ? TOCOPHEROL ? PHENOXYETHANOL ? MICA ? CI 77891 \/ TITANIUM DIOXIDE ? PARFUM \/ FRAGRANCE.<\/p>\n","protected":false},"excerpt":{"rendered":"<p>Serum pure nacinamide 10 la roche posay 30ml, desarrollado conjuntamente con dermat\u00f3logos, est\u00e1 formulado con un 10% de niacinamida pura, que corrige todo tipo de manchas y marcas, los problemas de hiperpigmentaci\u00f3n y el tono desigual de la piel.<\/p>\n","protected":false},"featured_media":9782,"template":"","meta":{"site-sidebar-layout":"default","site-content-layout":"","ast-site-content-layout":"default","site-content-style":"default","site-sidebar-style":"default","ast-global-header-display":"","ast-banner-title-visibility":"","ast-main-header-display":"","ast-hfb-above-header-display":"","ast-hfb-below-header-display":"","ast-hfb-mobile-header-display":"","site-post-title":"","ast-breadcrumbs-content":"","ast-featured-img":"","footer-sml-layout":"","ast-disable-related-posts":"","theme-transparent-header-meta":"","adv-header-id-meta":"","stick-header-meta":"","header-above-stick-meta":"","header-main-stick-meta":"","header-below-stick-meta":"","astra-migrate-meta-layouts":"default","ast-page-background-enabled":"default","ast-page-background-meta":{"desktop":{"background-color":"var(--ast-global-color-5)","background-image":"","background-repeat":"repeat","background-position":"center center","background-size":"auto","background-attachment":"scroll","background-type":"","background-media":"","overlay-type":"","overlay-color":"","overlay-opacity":"","overlay-gradient":""},"tablet":{"background-color":"","background-image":"","background-repeat":"repeat","background-position":"center center","background-size":"auto","background-attachment":"scroll","background-type":"","background-media":"","overlay-type":"","overlay-color":"","overlay-opacity":"","overlay-gradient":""},"mobile":{"background-color":"","background-image":"","background-repeat":"repeat","background-position":"center center","background-size":"auto","background-attachment":"scroll","background-type":"","background-media":"","overlay-type":"","overlay-color":"","overlay-opacity":"","overlay-gradient":""}},"ast-content-background-meta":{"desktop":{"background-color":"var(--ast-global-color-4)","background-image":"","background-repeat":"repeat","background-position":"center center","background-size":"auto","background-attachment":"scroll","background-type":"","background-media":"","overlay-type":"","overlay-color":"","overlay-opacity":"","overlay-gradient":""},"tablet":{"background-color":"var(--ast-global-color-4)","background-image":"","background-repeat":"repeat","background-position":"center center","background-size":"auto","background-attachment":"scroll","background-type":"","background-media":"","overlay-type":"","overlay-color":"","overlay-opacity":"","overlay-gradient":""},"mobile":{"background-color":"var(--ast-global-color-4)","background-image":"","background-repeat":"repeat","background-position":"center center","background-size":"auto","background-attachment":"scroll","background-type":"","background-media":"","overlay-type":"","overlay-color":"","overlay-opacity":"","overlay-gradient":""}}},"product_brand":[],"product_cat":[214,215],"product_tag":[230,225,231,233,222,223,228,234,235,248],"class_list":{"0":"post-14444","1":"product","2":"type-product","3":"status-publish","4":"has-post-thumbnail","6":"product_cat-dermo","7":"product_cat-la-roche-posay","8":"product_tag-anti-edad","9":"product_tag-anti-manchas","10":"product_tag-cuidado-facial","11":"product_tag-piel-atopica","12":"product_tag-piel-grasa","13":"product_tag-piel-mixta","14":"product_tag-piel-normal","15":"product_tag-piel-seca","16":"product_tag-piel-sensible","17":"product_tag-todo-tipo-de-piel","18":"desktop-align-left","19":"tablet-align-left","20":"mobile-align-left","21":"ast-product-gallery-layout-horizontal-slider","22":"ast-product-gallery-with-no-image","23":"ast-product-tabs-layout-horizontal","25":"first","26":"instock","27":"sale","28":"shipping-taxable","29":"purchasable","30":"product-type-simple"},"_links":{"self":[{"href":"http:\/\/vanttive.com\/index.php?rest_route=\/wp\/v2\/product\/14444","targetHints":{"allow":["GET"]}}],"collection":[{"href":"http:\/\/vanttive.com\/index.php?rest_route=\/wp\/v2\/product"}],"about":[{"href":"http:\/\/vanttive.com\/index.php?rest_route=\/wp\/v2\/types\/product"}],"wp:featuredmedia":[{"embeddable":true,"href":"http:\/\/vanttive.com\/index.php?rest_route=\/wp\/v2\/media\/9782"}],"wp:attachment":[{"href":"http:\/\/vanttive.com\/index.php?rest_route=%2Fwp%2Fv2%2Fmedia&parent=14444"}],"wp:term":[{"taxonomy":"product_brand","embeddable":true,"href":"http:\/\/vanttive.com\/index.php?rest_route=%2Fwp%2Fv2%2Fproduct_brand&post=14444"},{"taxonomy":"product_cat","embeddable":true,"href":"http:\/\/vanttive.com\/index.php?rest_route=%2Fwp%2Fv2%2Fproduct_cat&post=14444"},{"taxonomy":"product_tag","embeddable":true,"href":"http:\/\/vanttive.com\/index.php?rest_route=%2Fwp%2Fv2%2Fproduct_tag&post=14444"}],"curies":[{"name":"wp","href":"https:\/\/api.w.org\/{rel}","templated":true}]}}