{"id":14447,"date":"2023-08-20T01:13:52","date_gmt":"2023-08-20T06:13:52","guid":{"rendered":"https:\/\/www.vanttive.com\/producto\/pure-vitamin-c10-serum-30ml\/"},"modified":"2023-08-20T01:13:52","modified_gmt":"2023-08-20T06:13:52","slug":"pure-vitamin-c10-serum-30ml","status":"publish","type":"product","link":"http:\/\/vanttive.com\/?product=pure-vitamin-c10-serum-30ml","title":{"rendered":"Pure vitamin c10 serum 30ml"},"content":{"rendered":"<p>SERUM PURE VITAMIN C10 aporta luminosidad a la piel sensible. Corrige los signos de envejecimiento de la piel mejorando su calidad. Textura ligera de r\u00e1pida absorci\u00f3n, acabado aterciopelado no graso, aroma agradable, con Agua Termal de La Roche-Posay.<\/p>\n<p>Tipo de piel: Todo tipo de piel.<\/p>\n<p>Beneficios: La vitamina C pura (\u00e1cido L-asc\u00f3rbico) es la forma biol\u00f3gica m\u00e1s activa de la vitamina C, conocida por su capacidad para mejorar la luminosidad y la textura de la piel. Sin embargo, el organismo humano es incapaz de generar esta mol\u00e9cula. La piel depende completamente de una ingesta externa.<\/p>\n<p>Modo de uso: Apl\u00edcalo sobre el rostro y el cuello por la ma\u00f1ana. Evita el \u00e1rea de los ojos. \u00dasalo junto con un protector solar. Textura ligera de r\u00e1pida absorci\u00f3n. Acabado aterciopelado no graso. Base de maquillaje \u00f3ptima.<\/p>\n<p>Ingredientes:<br \/>\nAQUA \/WATER \u2022 ASCORBIC AC ID \u2022 CYCLOHEXAS I LOXANE \u2022 GLYCE R IN \u2022 ALCOHOL DENAT. \u2022 POTASSIUM HYDROXI DE \u2022 POLYMETHYLSILSESQUIOXANE \u2022 POLYSILICONE-11 \u2022 DIMETHICONE \u2022 PROPYLENE GLYCOL \u2022 PENTAERYTHRITYL TETRAETHYLHEXANOATE \u2022 C13-14 ISOPARAFFIN \u2022 PEG-20 METHYL GLUCOSE SESQUISTEARATE \u2022 SODIUM HYALURONATE \u2022 ADENOSINE \u2022 POLOXAMER 338 \u2022 AMMONIUM POLYACRYLOYLDIMETHYL TAURATE \u2022 DISODIUM EDTA \u2022 HYDROLYZED HYALURONIC ACID \u2022 CAPRYLYL GLYCOL \u2022 LAURETH-7 \u2022 ACETYL DIPEPTIDE-1 CETYL ESTER \u2022 XANTHAN GUM \u2022TOLUENE SULFONICACID \u2022 POLYACRYLAMIDE \u2022 TOCOPHEROL \u2022 SALICYLIC ACID \u2022 PARFUM \/ FRAGRANCE.<\/p>\n","protected":false},"excerpt":{"rendered":"<p>Serum la roche posay hidratante antioxidante pure vitamin c10 30ml 30ml serum hidratante pure vitamine c10 aporta luminosidad a la piel sensible. Corrige los signos de envejecimiento de la piel mejorando su calidad.<\/p>\n","protected":false},"featured_media":9754,"template":"","meta":{"site-sidebar-layout":"default","site-content-layout":"","ast-site-content-layout":"default","site-content-style":"default","site-sidebar-style":"default","ast-global-header-display":"","ast-banner-title-visibility":"","ast-main-header-display":"","ast-hfb-above-header-display":"","ast-hfb-below-header-display":"","ast-hfb-mobile-header-display":"","site-post-title":"","ast-breadcrumbs-content":"","ast-featured-img":"","footer-sml-layout":"","ast-disable-related-posts":"","theme-transparent-header-meta":"","adv-header-id-meta":"","stick-header-meta":"","header-above-stick-meta":"","header-main-stick-meta":"","header-below-stick-meta":"","astra-migrate-meta-layouts":"default","ast-page-background-enabled":"default","ast-page-background-meta":{"desktop":{"background-color":"var(--ast-global-color-5)","background-image":"","background-repeat":"repeat","background-position":"center center","background-size":"auto","background-attachment":"scroll","background-type":"","background-media":"","overlay-type":"","overlay-color":"","overlay-opacity":"","overlay-gradient":""},"tablet":{"background-color":"","background-image":"","background-repeat":"repeat","background-position":"center center","background-size":"auto","background-attachment":"scroll","background-type":"","background-media":"","overlay-type":"","overlay-color":"","overlay-opacity":"","overlay-gradient":""},"mobile":{"background-color":"","background-image":"","background-repeat":"repeat","background-position":"center center","background-size":"auto","background-attachment":"scroll","background-type":"","background-media":"","overlay-type":"","overlay-color":"","overlay-opacity":"","overlay-gradient":""}},"ast-content-background-meta":{"desktop":{"background-color":"var(--ast-global-color-4)","background-image":"","background-repeat":"repeat","background-position":"center center","background-size":"auto","background-attachment":"scroll","background-type":"","background-media":"","overlay-type":"","overlay-color":"","overlay-opacity":"","overlay-gradient":""},"tablet":{"background-color":"var(--ast-global-color-4)","background-image":"","background-repeat":"repeat","background-position":"center center","background-size":"auto","background-attachment":"scroll","background-type":"","background-media":"","overlay-type":"","overlay-color":"","overlay-opacity":"","overlay-gradient":""},"mobile":{"background-color":"var(--ast-global-color-4)","background-image":"","background-repeat":"repeat","background-position":"center center","background-size":"auto","background-attachment":"scroll","background-type":"","background-media":"","overlay-type":"","overlay-color":"","overlay-opacity":"","overlay-gradient":""}}},"product_brand":[],"product_cat":[214,215],"product_tag":[230,225,231,232,233,222,223,228,234,235,248],"class_list":{"0":"post-14447","1":"product","2":"type-product","3":"status-publish","4":"has-post-thumbnail","6":"product_cat-dermo","7":"product_cat-la-roche-posay","8":"product_tag-anti-edad","9":"product_tag-anti-manchas","10":"product_tag-cuidado-facial","11":"product_tag-hidratacion-facial","12":"product_tag-piel-atopica","13":"product_tag-piel-grasa","14":"product_tag-piel-mixta","15":"product_tag-piel-normal","16":"product_tag-piel-seca","17":"product_tag-piel-sensible","18":"product_tag-todo-tipo-de-piel","19":"desktop-align-left","20":"tablet-align-left","21":"mobile-align-left","22":"ast-product-gallery-layout-horizontal-slider","23":"ast-product-gallery-with-no-image","24":"ast-product-tabs-layout-horizontal","26":"first","27":"instock","28":"sale","29":"shipping-taxable","30":"purchasable","31":"product-type-simple"},"_links":{"self":[{"href":"http:\/\/vanttive.com\/index.php?rest_route=\/wp\/v2\/product\/14447","targetHints":{"allow":["GET"]}}],"collection":[{"href":"http:\/\/vanttive.com\/index.php?rest_route=\/wp\/v2\/product"}],"about":[{"href":"http:\/\/vanttive.com\/index.php?rest_route=\/wp\/v2\/types\/product"}],"wp:featuredmedia":[{"embeddable":true,"href":"http:\/\/vanttive.com\/index.php?rest_route=\/wp\/v2\/media\/9754"}],"wp:attachment":[{"href":"http:\/\/vanttive.com\/index.php?rest_route=%2Fwp%2Fv2%2Fmedia&parent=14447"}],"wp:term":[{"taxonomy":"product_brand","embeddable":true,"href":"http:\/\/vanttive.com\/index.php?rest_route=%2Fwp%2Fv2%2Fproduct_brand&post=14447"},{"taxonomy":"product_cat","embeddable":true,"href":"http:\/\/vanttive.com\/index.php?rest_route=%2Fwp%2Fv2%2Fproduct_cat&post=14447"},{"taxonomy":"product_tag","embeddable":true,"href":"http:\/\/vanttive.com\/index.php?rest_route=%2Fwp%2Fv2%2Fproduct_tag&post=14447"}],"curies":[{"name":"wp","href":"https:\/\/api.w.org\/{rel}","templated":true}]}}