{"id":14449,"date":"2023-08-20T01:13:53","date_gmt":"2023-08-20T06:13:53","guid":{"rendered":"https:\/\/www.vanttive.com\/producto\/redermic-retinol-contorno-ojos-15ml\/"},"modified":"2023-08-20T01:13:53","modified_gmt":"2023-08-20T06:13:53","slug":"redermic-retinol-contorno-ojos-15ml","status":"publish","type":"product","link":"http:\/\/vanttive.com\/?product=redermic-retinol-contorno-ojos-15ml","title":{"rendered":"Redermic retinol contorno ojos 15ml"},"content":{"rendered":"<p>REDERMIC Retinol Contorno de ojos reduce las arrugas y suaviza la epidermis. Disminuye las orejas y los signos de fatiga. Textura ultrafluida, no pegajosa, se funde en la piel inmediatamente despu\u00e9s de aplicada. La punta en forma de c\u00e1nula permite dirigir la aplicaci\u00f3n para una correcci\u00f3n intensa. Excelente base para el maquillaje. Con Agua Termal de La Roche-Posay.<\/p>\n<p>Tipo de piel: Todo tipo de piel, en especial ojos sensibles.<\/p>\n<p>Beneficios:<br \/>\nREDERMIC RETINOL OJOS est\u00e1 formulado con un complejo exclusivo de Retinol puro y Retinol de Liberaci\u00f3n Progresiva, para aportar una dosis significativa con \u00f3ptima eficacia y tolerancia para piel sensible. El Retinol puro es reconocido como uno de los principios activos m\u00e1s eficaces para combatir los signos del fotoenvejecimiento: arrugas profundas y manchas de la edad. El Retinol de liberaci\u00f3n progresiva ayuda a mejorar la eficacia correctora antiarrugas respetando el umbral de tolerancia de la piel sensible.<\/p>\n<p>Modo de uso: Aplicar por la noche en el contorno de ojos.<\/p>\n<p>Ingredientes:<br \/>\nAQUA \/ WATER \u2022 ISOCETYL STEARATE \u2022 GLYCERIN \u2022 OCTYLDODECANOL \u2022 PENTYLENE GLYCOL \u2022 DIMETHICONE \u2022 PROPYLENE GLYCOL \u2022 CETEARYL ALCOHOL \u2022 SORBITAN OLEATE \u2022 GLYCINE SOJA OIL \/ SOYBEAN OIL \u2022 DIMETHICONE\/VINYL DIMETHICONE CROSSPOLYMER \u2022 CAFFEINE \u2022 ISOHEXADECANE \u2022 SODIUM HYALURONATE \u2022 SODIUM POLYACRYLATE \u2022 RETINOL \u2022 ADENOSINE \u2022 POLOXAMER 338 \u2022 AMMONIUM POLYACRYLOYLDIMETHYL TAURATE \u2022 CAPRYLYL GLYCOL \u2022 CARRAGEENAN \u2022 CITRIC ACID \u2022 XANTHAN GUM \u2022 T-BUTYL ALCOHOL \u2022 POLYSORBATE 80 \u2022 ACRYLAMIDE\/SODIUM ACRYLOYLDIMETHYLTAURATE COPOLYMER \u2022 BHT \u2022 RETINYL PALMITATE \u2022 TOCOPHEROL \u2022 PHENOXYETHANOL.<\/p>\n","protected":false},"excerpt":{"rendered":"<p>Tratamiento la roche posay anti edad redermic r contorno de ojos 15ml, tratamiento  anti edad redermic r ojos, reduce las arrugas y suaviza la epidermis.<\/p>\n","protected":false},"featured_media":9757,"template":"","meta":{"site-sidebar-layout":"default","site-content-layout":"","ast-site-content-layout":"default","site-content-style":"default","site-sidebar-style":"default","ast-global-header-display":"","ast-banner-title-visibility":"","ast-main-header-display":"","ast-hfb-above-header-display":"","ast-hfb-below-header-display":"","ast-hfb-mobile-header-display":"","site-post-title":"","ast-breadcrumbs-content":"","ast-featured-img":"","footer-sml-layout":"","ast-disable-related-posts":"","theme-transparent-header-meta":"","adv-header-id-meta":"","stick-header-meta":"","header-above-stick-meta":"","header-main-stick-meta":"","header-below-stick-meta":"","astra-migrate-meta-layouts":"default","ast-page-background-enabled":"default","ast-page-background-meta":{"desktop":{"background-color":"var(--ast-global-color-5)","background-image":"","background-repeat":"repeat","background-position":"center center","background-size":"auto","background-attachment":"scroll","background-type":"","background-media":"","overlay-type":"","overlay-color":"","overlay-opacity":"","overlay-gradient":""},"tablet":{"background-color":"","background-image":"","background-repeat":"repeat","background-position":"center center","background-size":"auto","background-attachment":"scroll","background-type":"","background-media":"","overlay-type":"","overlay-color":"","overlay-opacity":"","overlay-gradient":""},"mobile":{"background-color":"","background-image":"","background-repeat":"repeat","background-position":"center center","background-size":"auto","background-attachment":"scroll","background-type":"","background-media":"","overlay-type":"","overlay-color":"","overlay-opacity":"","overlay-gradient":""}},"ast-content-background-meta":{"desktop":{"background-color":"var(--ast-global-color-4)","background-image":"","background-repeat":"repeat","background-position":"center center","background-size":"auto","background-attachment":"scroll","background-type":"","background-media":"","overlay-type":"","overlay-color":"","overlay-opacity":"","overlay-gradient":""},"tablet":{"background-color":"var(--ast-global-color-4)","background-image":"","background-repeat":"repeat","background-position":"center center","background-size":"auto","background-attachment":"scroll","background-type":"","background-media":"","overlay-type":"","overlay-color":"","overlay-opacity":"","overlay-gradient":""},"mobile":{"background-color":"var(--ast-global-color-4)","background-image":"","background-repeat":"repeat","background-position":"center center","background-size":"auto","background-attachment":"scroll","background-type":"","background-media":"","overlay-type":"","overlay-color":"","overlay-opacity":"","overlay-gradient":""}}},"product_brand":[],"product_cat":[214,215],"product_tag":[230,231,249,250,233,222,223,228,234,235,248],"class_list":{"0":"post-14449","1":"product","2":"type-product","3":"status-publish","4":"has-post-thumbnail","6":"product_cat-dermo","7":"product_cat-la-roche-posay","8":"product_tag-anti-edad","9":"product_tag-cuidado-facial","10":"product_tag-hiratacion-facial","11":"product_tag-ojeras","12":"product_tag-piel-atopica","13":"product_tag-piel-grasa","14":"product_tag-piel-mixta","15":"product_tag-piel-normal","16":"product_tag-piel-seca","17":"product_tag-piel-sensible","18":"product_tag-todo-tipo-de-piel","19":"desktop-align-left","20":"tablet-align-left","21":"mobile-align-left","22":"ast-product-gallery-layout-horizontal-slider","23":"ast-product-gallery-with-no-image","24":"ast-product-tabs-layout-horizontal","26":"first","27":"instock","28":"sale","29":"shipping-taxable","30":"purchasable","31":"product-type-simple"},"_links":{"self":[{"href":"http:\/\/vanttive.com\/index.php?rest_route=\/wp\/v2\/product\/14449","targetHints":{"allow":["GET"]}}],"collection":[{"href":"http:\/\/vanttive.com\/index.php?rest_route=\/wp\/v2\/product"}],"about":[{"href":"http:\/\/vanttive.com\/index.php?rest_route=\/wp\/v2\/types\/product"}],"wp:featuredmedia":[{"embeddable":true,"href":"http:\/\/vanttive.com\/index.php?rest_route=\/wp\/v2\/media\/9757"}],"wp:attachment":[{"href":"http:\/\/vanttive.com\/index.php?rest_route=%2Fwp%2Fv2%2Fmedia&parent=14449"}],"wp:term":[{"taxonomy":"product_brand","embeddable":true,"href":"http:\/\/vanttive.com\/index.php?rest_route=%2Fwp%2Fv2%2Fproduct_brand&post=14449"},{"taxonomy":"product_cat","embeddable":true,"href":"http:\/\/vanttive.com\/index.php?rest_route=%2Fwp%2Fv2%2Fproduct_cat&post=14449"},{"taxonomy":"product_tag","embeddable":true,"href":"http:\/\/vanttive.com\/index.php?rest_route=%2Fwp%2Fv2%2Fproduct_tag&post=14449"}],"curies":[{"name":"wp","href":"https:\/\/api.w.org\/{rel}","templated":true}]}}